{"id":773,"date":"2020-06-01T16:28:04","date_gmt":"2020-06-01T16:28:04","guid":{"rendered":"https:\/\/colibanprimar.ro\/?page_id=773"},"modified":"2020-11-29T20:08:20","modified_gmt":"2020-11-29T20:08:20","slug":"parcul-natural-brassovia-geoparc-unesco","status":"publish","type":"page","link":"https:\/\/colibanprimar.ro\/campanie2020\/pentru-brasov\/parcul-natural-brassovia-geoparc-unesco\/","title":{"rendered":"Parcul Natural Brassovia &#8211; Geoparc UNESCO"},"content":{"rendered":"\t\t<div data-elementor-type=\"wp-page\" data-elementor-id=\"773\" class=\"elementor elementor-773\" data-elementor-settings=\"[]\">\n\t\t\t\t\t\t<div class=\"elementor-inner\">\n\t\t\t\t\t\t\t<div class=\"elementor-section-wrap\">\n\t\t\t\t\t\t\t<section class=\"elementor-section elementor-top-section elementor-element elementor-element-46a12e2 elementor-section-stretched elementor-section-content-middle top-section-clean elementor-section-boxed elementor-section-height-default elementor-section-height-default\" data-id=\"46a12e2\" data-element_type=\"section\" data-settings=\"{&quot;stretch_section&quot;:&quot;section-stretched&quot;}\">\n\t\t\t\t\t\t<div class=\"elementor-container elementor-column-gap-default\">\n\t\t\t\t\t\t\t<div class=\"elementor-row\">\n\t\t\t\t\t<div class=\"elementor-column elementor-col-100 elementor-top-column elementor-element elementor-element-14e7f7d\" data-id=\"14e7f7d\" data-element_type=\"column\">\n\t\t\t<div class=\"elementor-column-wrap elementor-element-populated\">\n\t\t\t\t\t\t\t<div class=\"elementor-widget-wrap\">\n\t\t\t\t\t\t<div class=\"elementor-element elementor-element-b60399e elementor-widget elementor-widget-heading\" data-id=\"b60399e\" data-element_type=\"widget\" data-widget_type=\"heading.default\">\n\t\t\t\t<div class=\"elementor-widget-container\">\n\t\t\t<h1 class=\"elementor-heading-title elementor-size-default\">Parcul Natural Brassovia<\/h1>\t\t<\/div>\n\t\t\t\t<\/div>\n\t\t\t\t<div class=\"elementor-element elementor-element-c7e7e17 elementor-widget elementor-widget-heading\" data-id=\"c7e7e17\" data-element_type=\"widget\" data-widget_type=\"heading.default\">\n\t\t\t\t<div class=\"elementor-widget-container\">\n\t\t\t<h2 class=\"elementor-heading-title elementor-size-default\">Geoparc UNESCO<\/h2>\t\t<\/div>\n\t\t\t\t<\/div>\n\t\t\t\t\t\t<\/div>\n\t\t\t\t\t<\/div>\n\t\t<\/div>\n\t\t\t\t\t\t\t\t<\/div>\n\t\t\t\t\t<\/div>\n\t\t<\/section>\n\t\t\t\t<section class=\"elementor-section elementor-top-section elementor-element elementor-element-10b9bf2 elementor-section-stretched elementor-section-boxed elementor-section-height-default elementor-section-height-default\" data-id=\"10b9bf2\" data-element_type=\"section\" data-settings=\"{&quot;stretch_section&quot;:&quot;section-stretched&quot;}\">\n\t\t\t\t\t\t<div class=\"elementor-container elementor-column-gap-default\">\n\t\t\t\t\t\t\t<div class=\"elementor-row\">\n\t\t\t\t\t<div class=\"elementor-column elementor-col-50 elementor-top-column elementor-element elementor-element-c5ef210\" data-id=\"c5ef210\" data-element_type=\"column\">\n\t\t\t<div class=\"elementor-column-wrap elementor-element-populated\">\n\t\t\t\t\t\t\t<div class=\"elementor-widget-wrap\">\n\t\t\t\t\t\t<div class=\"elementor-element elementor-element-fa5b358 elementor-invisible elementor-widget elementor-widget-image\" data-id=\"fa5b358\" data-element_type=\"widget\" data-settings=\"{&quot;_animation&quot;:&quot;slideInUp&quot;}\" data-widget_type=\"image.default\">\n\t\t\t\t<div class=\"elementor-widget-container\">\n\t\t\t\t\t\t\t\t<div class=\"elementor-image\">\n\t\t\t\t\t\t\t\t\t\t\t\t<img width=\"1000\" height=\"750\" src=\"https:\/\/colibanprimar.ro\/campanie2020\/wordpress2020\/wp-content\/uploads\/2020\/06\/parcul-natural-brassovia-geoparc-unesco.jpg\" class=\"attachment-large size-large\" alt=\"Parcul Natural Brassovia Geoparc UNESCO\" loading=\"lazy\" srcset=\"https:\/\/colibanprimar.ro\/campanie2020\/wordpress2020\/wp-content\/uploads\/2020\/06\/parcul-natural-brassovia-geoparc-unesco.jpg 1000w, https:\/\/colibanprimar.ro\/campanie2020\/wordpress2020\/wp-content\/uploads\/2020\/06\/parcul-natural-brassovia-geoparc-unesco-300x225.jpg 300w, https:\/\/colibanprimar.ro\/campanie2020\/wordpress2020\/wp-content\/uploads\/2020\/06\/parcul-natural-brassovia-geoparc-unesco-768x576.jpg 768w\" sizes=\"(max-width: 1000px) 100vw, 1000px\" \/>\t\t\t\t\t\t\t\t\t\t\t\t\t\t<\/div>\n\t\t\t\t\t\t<\/div>\n\t\t\t\t<\/div>\n\t\t\t\t<div class=\"elementor-element elementor-element-a72d98e elementor-widget elementor-widget-text-editor\" data-id=\"a72d98e\" data-element_type=\"widget\" data-widget_type=\"text-editor.default\">\n\t\t\t\t<div class=\"elementor-widget-container\">\n\t\t\t\t\t\t\t\t<div class=\"elementor-text-editor elementor-clearfix\">\n\t\t\t\t<p>Toamna trecut\u0103, proiectul Prim\u0103riei Bra\u0219ov de amenajare a drumului forestier Gori\u021ba ne-a ar\u0103tat c\u0103 p\u0103durile din jurul Bra\u0219ovului, nu beneficiaz\u0103 de protec\u021bie, fiind \u00eencadrate ca p\u0103duri de exploatare. Am salvat Gori\u021ba, dar noi \u0219i noi proiecte, cum e t\u0103ierea a mii de copaci la Noua, supun p\u0103durile noastre asaltului drujbelor.\u00a0<\/p><p>\u00centrebarea care nu mi-a dat pace, \u00eenc\u0103 din toamn\u0103, a fost: cum protej\u0103m p\u0103durile pe termen lung? Facem peti\u021bii, ie\u0219im \u00een strad\u0103 \u0219i ac\u021bion\u0103m \u00een judecat\u0103 Prim\u0103ria de fiecare dat\u0103 c\u00e2nd RPLP Kronstadt mai vrea s\u0103 taie ni\u0219te mii de copaci? Vom face \u0219i asta, dac\u0103 trebuie, \u00eens\u0103, solu\u021bia este s\u0103 schimb\u0103m \u00eencadrarea p\u0103durilor periurbane.<\/p><p>De aici a pornit ideea <span style=\"text-decoration: underline;\"><strong><a href=\"https:\/\/brasov.usr.ro\/parcul-natural-brassovia-geoparc-unesco\">Parcului Natural Brassovia \u2013 Geoparc UNESCO<\/a><\/strong><\/span>, un proiect USR Bra\u0219ov coordonat de c\u0103tre <span style=\"text-decoration: underline;\"><a href=\"https:\/\/www.facebook.com\/mihai.orleanu.1\">Mihai Orleanu<\/a><\/span> (pre\u0219edinte al <span style=\"text-decoration: underline;\"><a href=\"http:\/\/cem.ro\/\">Centrului de Ecologie Montan\u0103<\/a><\/span>) \u0219i care a beneficiat de suportul lui <span style=\"text-decoration: underline;\"><a href=\"https:\/\/www.facebook.com\/florin.stoican.7\">Florin Stoican<\/a><\/span> (specialist \u00een biodiversitate, cunoscut pentru contribu\u021bia la \u00eenfiin\u021barea Parcului Na\u021bional Buila-V\u00e2nturari\u021ba \u0219i a Parcului Natural V\u0103c\u0103re\u0219ti).<\/p><p>Am depus proiectul Parcului Natural Brassovia \u2013 Geoparc UNESCO \u00een concursul de bugetare participativ\u0103, organizat la \u00eenceputul anului de c\u0103tre Prim\u0103rie. Cu o investi\u021bie de sub 100.000 de euro, puteam face toate studiile necesare pentru a demara proiectul chiar anul acesta. Proiectul a fost respins cu motiva\u021bia c\u0103 exist\u0103 un studiu \u00een derulare privind starea ecosistemelor forestiere \u0219i valorificarea lor \u00een urma c\u0103ruia vor identifica solu\u021biile de \u00eembun\u0103t\u0103\u021bire \u0219i de punere \u00een valoare a poten\u021bialului recreativ, cultural \u0219i istoric al p\u0103durilor urbane \u0219i periurbane. Nu pot s\u0103 nu observ c\u0103 derularea acelui studiu \u00eempiedic\u0103 conferirea unei protec\u021bii superioare p\u0103durilor bra\u0219ovenilor, dar, \u00een acela\u0219i timp, permite defri\u0219area p\u0103durii de la Noua, drumuri forestiere \u0219i alte t\u0103ieri de mare intensitate.<\/p><p>Bra\u0219ovul de\u021bine 14.000 de ha de p\u0103dure. O mare parte din aceasta este \u00eencadrat\u0103 silvic drept \u201cp\u0103dure de produc\u021bie\u201d, de\u0219i pentru bra\u0219oveni ea este o p\u0103dure cu rol ecologic, peisagistic \u0219i de recreere. Prin acest proiect, peste 8000 de ha \u00ee\u0219i vor schimba destina\u021bia \u00een sensul protej\u0103rii \u0219i al utiliz\u0103rii \u00een scop de recreere, turistic \u0219i educa\u021bional. Suprafa\u021ba identificat\u0103 \u0219i propus\u0103 prin proiect ar urma s\u0103 ob\u021bin\u0103 o dubl\u0103 \u00eencadrare \u2013 at\u00e2t de Parc Natural (categoria V IUCN \u2013 \u201ePeisaj terestru protejat: arie protejat\u0103 administrat\u0103 \u00een principal pentru conservarea peisajului terestru \u0219i recreere\u201d) c\u00e2t \u0219i de Geoparc UNESCO, beneficiind astfel de recunoa\u0219tere \u0219i de promovare interna\u021bional\u0103. Defri\u0219\u0103rile nu vor mai fi permise, ci doar interven\u021bii punctuale, de \u00eentre\u021binere, bine justificate.<\/p>\t\t\t\t\t<\/div>\n\t\t\t\t\t\t<\/div>\n\t\t\t\t<\/div>\n\t\t\t\t<div class=\"elementor-element elementor-element-4169ed4 elementor-invisible elementor-widget elementor-widget-image\" data-id=\"4169ed4\" data-element_type=\"widget\" data-settings=\"{&quot;_animation&quot;:&quot;slideInUp&quot;}\" data-widget_type=\"image.default\">\n\t\t\t\t<div class=\"elementor-widget-container\">\n\t\t\t\t\t\t\t\t<div class=\"elementor-image\">\n\t\t\t\t\t\t\t\t\t\t\t\t<img width=\"1000\" height=\"750\" src=\"https:\/\/colibanprimar.ro\/campanie2020\/wordpress2020\/wp-content\/uploads\/2020\/06\/parcul-natural-brassovia-geoparc-unesco-contur.jpg\" class=\"attachment-large size-large\" alt=\"Parcul Natural Brassovia Geoparc UNESCO\" loading=\"lazy\" srcset=\"https:\/\/colibanprimar.ro\/campanie2020\/wordpress2020\/wp-content\/uploads\/2020\/06\/parcul-natural-brassovia-geoparc-unesco-contur.jpg 1000w, https:\/\/colibanprimar.ro\/campanie2020\/wordpress2020\/wp-content\/uploads\/2020\/06\/parcul-natural-brassovia-geoparc-unesco-contur-300x225.jpg 300w, https:\/\/colibanprimar.ro\/campanie2020\/wordpress2020\/wp-content\/uploads\/2020\/06\/parcul-natural-brassovia-geoparc-unesco-contur-768x576.jpg 768w\" sizes=\"(max-width: 1000px) 100vw, 1000px\" \/>\t\t\t\t\t\t\t\t\t\t\t\t\t\t<\/div>\n\t\t\t\t\t\t<\/div>\n\t\t\t\t<\/div>\n\t\t\t\t<div class=\"elementor-element elementor-element-abfa58e elementor-widget elementor-widget-text-editor\" data-id=\"abfa58e\" data-element_type=\"widget\" data-settings=\"{&quot;_animation&quot;:&quot;none&quot;}\" data-widget_type=\"text-editor.default\">\n\t\t\t\t<div class=\"elementor-widget-container\">\n\t\t\t\t\t\t\t\t<div class=\"elementor-text-editor elementor-clearfix\">\n\t\t\t\t<p>Vezi harta propus\u0103 pentru proiect aici: <strong><span style=\"text-decoration: underline;\"><a href=\"https:\/\/protectiamediului.ro\/brassovia-natural-park\/\">protectiamediului.ro\/brassovia-natural-park\/<\/a><\/span><\/strong><\/p>\t\t\t\t\t<\/div>\n\t\t\t\t\t\t<\/div>\n\t\t\t\t<\/div>\n\t\t\t\t<div class=\"elementor-element elementor-element-306ec13 elementor-invisible elementor-widget elementor-widget-image\" data-id=\"306ec13\" data-element_type=\"widget\" data-settings=\"{&quot;_animation&quot;:&quot;slideInUp&quot;}\" data-widget_type=\"image.default\">\n\t\t\t\t<div class=\"elementor-widget-container\">\n\t\t\t\t\t\t\t\t<div class=\"elementor-image\">\n\t\t\t\t\t\t\t\t\t\t\t\t<img width=\"1000\" height=\"750\" src=\"https:\/\/colibanprimar.ro\/campanie2020\/wordpress2020\/wp-content\/uploads\/2020\/06\/parcul-natural-brassovia-geoparc-unesco-rezervatii-existente.jpg\" class=\"attachment-large size-large\" alt=\"Parcul Natural Brassovia Geoparc UNESCO\" loading=\"lazy\" srcset=\"https:\/\/colibanprimar.ro\/campanie2020\/wordpress2020\/wp-content\/uploads\/2020\/06\/parcul-natural-brassovia-geoparc-unesco-rezervatii-existente.jpg 1000w, https:\/\/colibanprimar.ro\/campanie2020\/wordpress2020\/wp-content\/uploads\/2020\/06\/parcul-natural-brassovia-geoparc-unesco-rezervatii-existente-300x225.jpg 300w, https:\/\/colibanprimar.ro\/campanie2020\/wordpress2020\/wp-content\/uploads\/2020\/06\/parcul-natural-brassovia-geoparc-unesco-rezervatii-existente-768x576.jpg 768w\" sizes=\"(max-width: 1000px) 100vw, 1000px\" \/>\t\t\t\t\t\t\t\t\t\t\t\t\t\t<\/div>\n\t\t\t\t\t\t<\/div>\n\t\t\t\t<\/div>\n\t\t\t\t<div class=\"elementor-element elementor-element-4b0ca97 elementor-widget elementor-widget-text-editor\" data-id=\"4b0ca97\" data-element_type=\"widget\" data-settings=\"{&quot;_animation&quot;:&quot;none&quot;}\" data-widget_type=\"text-editor.default\">\n\t\t\t\t<div class=\"elementor-widget-container\">\n\t\t\t\t\t\t\t\t<div class=\"elementor-text-editor elementor-clearfix\">\n\t\t\t\t<p>Ce aduce \u00een plus statutul de Parc Natural? \u00cen primul r\u00e2nd, un management integrat \u0219i foarte bine definit, fundamentat pe baza unor studii \u0219tiin\u021bifice. Planul de management al parcului va cuprinde o zonare care s\u0103 echilibreze nevoia de dezvoltare a infrastructurii turistice \u0219i edilitare, prezen\u021ba uman\u0103 (recreere, turism, sport) \u0219i aspectele ce \u021bin de protejarea faunei, florei, geologiei \u0219i peisajului natural. Deja avem trasee, ce ne mai trebuie altceva?\u00a0<\/p><p>Un plan de management bine fundamentat vine s\u0103 armonizeze activitatea uman\u0103 cu cadrul natural, iar documenta\u021bia ce va sta la baza \u00eenfiin\u021b\u0103rii Parcului Natural Brassovia va cuprinde propuneri de diversificare a ofertei actuale, pe domenii precum: drume\u021bie\/plimbare, alergare montan\u0103, mountainbike, schi de tur\u0103, trasee-\u0219coal\u0103 pentru cei mici etc. Este, totodat\u0103, un bun prilej pentru actualizarea studiilor privind fauna, flora \u0219i geologia zonei \u0219i de includerea acestor aspecte \u00een oferta educa\u021bional\u0103 \u0219i turistic\u0103 a viitorului Parc Natural. Parcul Natural Brassovia reprezint\u0103 o schimbare de atitudine \u0219i de filosofie pentru viitor \u2013 aceea de integrare a cadrului natural \u00een viziunea de dezvoltare durabil\u0103 a ora\u0219ului, de promovare a unui stil de via\u021b\u0103 activ, de l\u0103rgire a ofertei \u00een domeniul recreativ, turistic \u0219i sportiv at\u00e2t pentru bra\u0219oveni, c\u00e2t \u0219i pentru turi\u0219ti.<\/p><p>Nu \u00een ultimul r\u00e2nd, statutul de Parc Natural \u0219i cel de Geoparc UNESCO ofer\u0103 vizibilitate \u0219i promovare na\u021bional\u0103 \u0219i interna\u021bional\u0103 \u0219i pozi\u021bioneaz\u0103 Bra\u0219ovul drept singurul ora\u0219 mare din Rom\u00e2nia vecin cu un parc natural de asemenea dimensiuni. Un prim pas c\u0103tre un deziderat mai mare, acela de a transforma Bra\u0219ovul \u00een \u201ecapitala verde a Rom\u00e2niei\u201d.<\/p><p>\u00a0<\/p><h3><b>De ce \u0219i Parc Natural, \u0219i Geoparc UNESCO?<\/b><\/h3><p>Cele dou\u0103 forme de statut protejat sunt complementare. Parcul Natural ofer\u0103 o protec\u021bie echivalent\u0103 cu nivelul V din normele IUCN (conservarea peisajului \u0219i recreere), \u00een vreme ce Geoparcul UNESCO impune o aten\u021bie sporit\u0103 cu privire la tratarea aspectelor ce \u021bin de dezvoltarea durabil\u0103. Ambele forme ofer\u0103 o recunoa\u0219tere na\u021bional\u0103 \u0219i interna\u021bional\u0103 \u0219i ar reprezenta \u0219i un element identitar, de m\u00e2ndrie, pentru Bra\u0219ov.<\/p><p>Proiectul Parcului Natural Brassovia integreaz\u0103 demersurile timide f\u0103cute p\u00e2n\u0103 acum de punere \u00een valoare a p\u0103durilor urbane \u0219i periurbane, duc\u00e2ndu-le la un nivel superior \u2013 acela al standardelor na\u021bionale \u0219i interna\u021bionale \u00een domeniul protej\u0103rii cadrului natural. Toate studiile f\u0103cute p\u00e2n\u0103 \u00een prezent, plus cele care vor fi \u00eentocmite sau actualizate \u00een cadrul proiectului, vor sta la baza unui viitor Plan de Management al Parcului, ce va fi dezvoltat pe baza principiilor de dezvoltare durabil\u0103 \u0219i, \u00een mod obligatoriu, cu consultarea \u0219i cu implicarea comunit\u0103\u021bii.<\/p><p>Nu \u00een ultimul r\u00e2nd, zona prev\u0103zut\u0103 \u00een proiect este una continu\u0103, aflat\u0103 \u00een integralitate \u00een proprietatea Municipiului Bra\u0219ov \u0219i une\u0219te toate ini\u021biativele punctuale \u0219i disparate de p\u00e2n\u0103 acum, d\u00e2ndu-le coeren\u021b\u0103, set\u00e2nd obiective ambi\u021bioase \u0219i deschiz\u00e2nd noi perspective pentru Bra\u0219ov.<\/p><p>Suprafa\u021ba propus\u0103 este adiacent\u0103 unor zone cu specific similar, ce \u021bin de Cristian, Ra\u0219nov si S\u0103cele. O colaborare cu aceste Prim\u0103rii ar putea extinde arealul parcului \u0219i ar putea ad\u0103uga plus-valoare at\u00e2t din perspectiva turismului, c\u00e2t \u0219i din cea a dezvolt\u0103rii inter-comunitare.<\/p><p>Urm\u0103re\u0219te \u0219i tu <span style=\"text-decoration: underline;\"><strong><a href=\"https:\/\/www.facebook.com\/Parcul.Natural.Brassovia.Geoparc.UNESCO\/\">pagina de facebook a proiectului<\/a><\/strong><\/span> \u0219i <span style=\"text-decoration: underline;\"><strong><a href=\"https:\/\/brasov.usr.ro\/parcul-natural-brassovia-geoparc-unesco\">semneaz\u0103 peti\u021bia<\/a><\/strong><\/span> lansat\u0103 pentru sus\u021binerea \u00eenfiin\u021b\u0103rii Parcului Natural Bras\u0219ovia!<\/p><p>\u00a0<\/p>\t\t\t\t\t<\/div>\n\t\t\t\t\t\t<\/div>\n\t\t\t\t<\/div>\n\t\t\t\t\t\t<\/div>\n\t\t\t\t\t<\/div>\n\t\t<\/div>\n\t\t\t\t<div class=\"elementor-column elementor-col-50 elementor-top-column elementor-element elementor-element-fff874b\" data-id=\"fff874b\" data-element_type=\"column\" data-settings=\"{&quot;motion_fx_motion_fx_scrolling&quot;:&quot;yes&quot;,&quot;motion_fx_translateY_effect&quot;:&quot;yes&quot;,&quot;motion_fx_translateY_speed&quot;:{&quot;unit&quot;:&quot;px&quot;,&quot;size&quot;:3.9,&quot;sizes&quot;:[]},&quot;motion_fx_translateY_affectedRange&quot;:{&quot;unit&quot;:&quot;%&quot;,&quot;size&quot;:&quot;&quot;,&quot;sizes&quot;:{&quot;start&quot;:18,&quot;end&quot;:88}},&quot;motion_fx_devices&quot;:[&quot;desktop&quot;,&quot;tablet&quot;,&quot;mobile&quot;]}\">\n\t\t\t<div class=\"elementor-column-wrap elementor-element-populated\">\n\t\t\t\t\t\t\t<div class=\"elementor-widget-wrap\">\n\t\t\t\t\t\t<div class=\"elementor-element elementor-element-dd8c6a9 elementor-widget elementor-widget-image\" data-id=\"dd8c6a9\" data-element_type=\"widget\" data-widget_type=\"image.default\">\n\t\t\t\t<div class=\"elementor-widget-container\">\n\t\t\t\t\t\t\t\t<div class=\"elementor-image\">\n\t\t\t\t\t\t\t\t\t\t\t\t<img width=\"600\" height=\"600\" src=\"https:\/\/colibanprimar.ro\/campanie2020\/wordpress2020\/wp-content\/uploads\/2020\/06\/allen-coliban-7.jpg\" class=\"attachment-large size-large\" alt=\"Allen Coliban profil\" loading=\"lazy\" srcset=\"https:\/\/colibanprimar.ro\/campanie2020\/wordpress2020\/wp-content\/uploads\/2020\/06\/allen-coliban-7.jpg 600w, https:\/\/colibanprimar.ro\/campanie2020\/wordpress2020\/wp-content\/uploads\/2020\/06\/allen-coliban-7-300x300.jpg 300w, https:\/\/colibanprimar.ro\/campanie2020\/wordpress2020\/wp-content\/uploads\/2020\/06\/allen-coliban-7-150x150.jpg 150w, https:\/\/colibanprimar.ro\/campanie2020\/wordpress2020\/wp-content\/uploads\/2020\/06\/allen-coliban-7-50x50.jpg 50w, https:\/\/colibanprimar.ro\/campanie2020\/wordpress2020\/wp-content\/uploads\/2020\/06\/allen-coliban-7-100x100.jpg 100w\" sizes=\"(max-width: 600px) 100vw, 600px\" \/>\t\t\t\t\t\t\t\t\t\t\t\t\t\t<\/div>\n\t\t\t\t\t\t<\/div>\n\t\t\t\t<\/div>\n\t\t\t\t<div class=\"elementor-element elementor-element-b9fc36a elementor-align-center elementor-widget elementor-widget-global elementor-global-712 elementor-widget-button\" data-id=\"b9fc36a\" data-element_type=\"widget\" data-widget_type=\"button.default\">\n\t\t\t\t<div class=\"elementor-widget-container\">\n\t\t\t\t\t<div class=\"elementor-button-wrapper\">\n\t\t\t<a href=\"https:\/\/colibanprimar.ro\/campanie2020\/pentru-brasov\" class=\"elementor-button-link elementor-button elementor-size-sm\" role=\"button\">\n\t\t\t\t\t\t<span class=\"elementor-button-content-wrapper\">\n\t\t\t\t\t\t<span class=\"elementor-button-text\">Vezi toate proiectele<\/span>\n\t\t<\/span>\n\t\t\t\t\t<\/a>\n\t\t<\/div>\n\t\t\t\t<\/div>\n\t\t\t\t<\/div>\n\t\t\t\t\t\t<\/div>\n\t\t\t\t\t<\/div>\n\t\t<\/div>\n\t\t\t\t\t\t\t\t<\/div>\n\t\t\t\t\t<\/div>\n\t\t<\/section>\n\t\t\t\t<section class=\"elementor-section elementor-top-section elementor-element elementor-element-f254e88 elementor-section-boxed elementor-section-height-default elementor-section-height-default\" data-id=\"f254e88\" data-element_type=\"section\">\n\t\t\t\t\t\t<div class=\"elementor-container elementor-column-gap-default\">\n\t\t\t\t\t\t\t<div class=\"elementor-row\">\n\t\t\t\t\t<div class=\"elementor-column elementor-col-100 elementor-top-column elementor-element elementor-element-5e16a02\" data-id=\"5e16a02\" data-element_type=\"column\">\n\t\t\t<div class=\"elementor-column-wrap elementor-element-populated\">\n\t\t\t\t\t\t\t<div class=\"elementor-widget-wrap\">\n\t\t\t\t\t\t<div class=\"elementor-element elementor-element-1bfaf16 elementor-widget elementor-widget-template\" data-id=\"1bfaf16\" data-element_type=\"widget\" data-widget_type=\"template.default\">\n\t\t\t\t<div class=\"elementor-widget-container\">\n\t\t\t\t\t<div class=\"elementor-template\">\n\t\t\t\t\t<div data-elementor-type=\"section\" data-elementor-id=\"550\" class=\"elementor elementor-550\" data-elementor-settings=\"[]\">\n\t\t<div class=\"elementor-section-wrap\">\n\t\t\t\t\t<section class=\"elementor-section elementor-top-section elementor-element elementor-element-28b52a65 elementor-section-stretched elementor-section-boxed elementor-section-height-default elementor-section-height-default\" data-id=\"28b52a65\" data-element_type=\"section\" data-settings=\"{&quot;stretch_section&quot;:&quot;section-stretched&quot;,&quot;background_background&quot;:&quot;classic&quot;}\">\n\t\t\t\t\t\t<div class=\"elementor-container elementor-column-gap-default\">\n\t\t\t\t\t\t\t<div class=\"elementor-row\">\n\t\t\t\t\t<div class=\"elementor-column elementor-col-100 elementor-top-column elementor-element elementor-element-63806d88\" data-id=\"63806d88\" data-element_type=\"column\">\n\t\t\t<div class=\"elementor-column-wrap elementor-element-populated\">\n\t\t\t\t\t\t\t<div class=\"elementor-widget-wrap\">\n\t\t\t\t\t\t<div class=\"elementor-element elementor-element-422d1143 elementor-widget elementor-widget-heading\" data-id=\"422d1143\" data-element_type=\"widget\" data-widget_type=\"heading.default\">\n\t\t\t\t<div class=\"elementor-widget-container\">\n\t\t\t<h2 class=\"elementor-heading-title elementor-size-xl\">Implic\u0103-te \u00een dezvoltarea Bra\u0219ovului!<\/h2>\t\t<\/div>\n\t\t\t\t<\/div>\n\t\t\t\t<div class=\"elementor-element elementor-element-42f577f4 elementor-widget elementor-widget-text-editor\" data-id=\"42f577f4\" data-element_type=\"widget\" data-widget_type=\"text-editor.default\">\n\t\t\t\t<div class=\"elementor-widget-container\">\n\t\t\t\t\t\t\t\t<div class=\"elementor-text-editor elementor-clearfix\">\n\t\t\t\t<p>Toate marile schimb\u0103ri politice din ultimii ani s-au \u00eent\u00e2mplat pentru c\u0103 cet\u0103\u021benii au decis s\u0103 nu stea deoparte. Primul pas este s\u0103 fii informat.<\/p><p>\u00cen fiecare s\u0103pt\u0103m\u00e2n\u0103, trimit bra\u0219ovenilor pe e-mail detalii legate de activitatea pentru Bra\u0219ov, ini\u021biative ale societ\u0103\u021bii civile, nout\u0103\u021bi despre administra\u021bia ora\u0219ului.<\/p>\t\t\t\t\t<\/div>\n\t\t\t\t\t\t<\/div>\n\t\t\t\t<\/div>\n\t\t\t\t<div class=\"elementor-element elementor-element-71c1b96c newsletter-voluntari elementor-widget elementor-widget-webify-newsletter-widget\" data-id=\"71c1b96c\" data-element_type=\"widget\" data-widget_type=\"webify-newsletter-widget.default\">\n\t\t\t\t<div class=\"elementor-widget-container\">\n\t\t\t        <div class=\"tb-border style1\">\r\n          <div class=\"tb-subscribe-heading text-center\">\r\n            <div class=\"empty-space marg-lg-b25\"><\/div>\r\n            <h3 class=\"tb-f18-lg tb-line23-lg  tb-font-name tb-m0\"><\/h3>\r\n            <p class=\"tb-m0 \"><\/p>\r\n            <div class=\"empty-space marg-lg-b25\"><\/div>\r\n          <\/div>\r\n          <hr>\r\n                      <script>(function() {\n\twindow.mc4wp = window.mc4wp || {\n\t\tlisteners: [],\n\t\tforms: {\n\t\t\ton: function(evt, cb) {\n\t\t\t\twindow.mc4wp.listeners.push(\n\t\t\t\t\t{\n\t\t\t\t\t\tevent   : evt,\n\t\t\t\t\t\tcallback: cb\n\t\t\t\t\t}\n\t\t\t\t);\n\t\t\t}\n\t\t}\n\t}\n})();\n<\/script><!-- Mailchimp for WordPress v4.8.6 - https:\/\/wordpress.org\/plugins\/mailchimp-for-wp\/ --><form id=\"mc4wp-form-1\" class=\"mc4wp-form mc4wp-form-28 tb-mc4wp-form\" method=\"post\" data-id=\"28\" data-name=\"Voluntari\" ><div class=\"mc4wp-form-fields\"><p>\r\n<label>Prenume : <\/label>\r\n<input type=\"text\" name=\"FNAME\" placeholder=\"Numele t\u0103u\" required=\"\" \/>\r\n<\/p>\r\n<p>\r\n\t<label>E-mail: <\/label>\r\n\t\t<input type=\"email\" name=\"EMAIL\" placeholder=\"E-mail (cea pe care o verifici)\" required=\"\" \/>\r\n<\/p>\r\n<p>\r\n        <input name=\"AGREE_TO_TERMS\" type=\"checkbox\" value=\"1\" required=\"\" class=\"checkbox\"> Sunt de acord cu <a href=\"https:\/\/colibanprimar.ro\/termeni-si-conditii-de-confidentialitate\"\r\n        target=\"_blank\">politica de confiden\u0163ialitate<\/a>\r\n<\/p> \r\n<p>\r\n\t<input type=\"submit\" value=\"Vreau s\u0103 m\u0103 implic!\" \/>\r\n<\/p>\r\n\r\n\r\n<\/div><label style=\"display: none !important;\">Leave this field empty if you're human: <input type=\"text\" name=\"_mc4wp_honeypot\" value=\"\" tabindex=\"-1\" autocomplete=\"off\" \/><\/label><input type=\"hidden\" name=\"_mc4wp_timestamp\" value=\"1776669430\" \/><input type=\"hidden\" name=\"_mc4wp_form_id\" value=\"28\" \/><input type=\"hidden\" name=\"_mc4wp_form_element_id\" value=\"mc4wp-form-1\" \/><div class=\"mc4wp-response\"><\/div><\/form><!-- \/ Mailchimp for WordPress Plugin -->                  <\/div>\r\n        \t\t<\/div>\n\t\t\t\t<\/div>\n\t\t\t\t\t\t<\/div>\n\t\t\t\t\t<\/div>\n\t\t<\/div>\n\t\t\t\t\t\t\t\t<\/div>\n\t\t\t\t\t<\/div>\n\t\t<\/section>\n\t\t\t\t<\/div>\n\t\t<\/div>\n\t\t\t\t<\/div>\n\t\t\t\t<\/div>\n\t\t\t\t<\/div>\n\t\t\t\t\t\t<\/div>\n\t\t\t\t\t<\/div>\n\t\t<\/div>\n\t\t\t\t\t\t\t\t<\/div>\n\t\t\t\t\t<\/div>\n\t\t<\/section>\n\t\t\t\t\t\t<\/div>\n\t\t\t\t\t\t<\/div>\n\t\t\t\t\t<\/div>\n\t\t","protected":false},"excerpt":{"rendered":"<p>Parcul Natural Brassovia Geoparc UNESCO Toamna trecut\u0103, proiectul Prim\u0103riei Bra\u0219ov de amenajare a drumului forestier Gori\u021ba ne-a ar\u0103tat c\u0103 p\u0103durile din jurul Bra\u0219ovului, nu beneficiaz\u0103 de protec\u021bie, fiind \u00eencadrate ca p\u0103duri de exploatare. Am salvat Gori\u021ba, dar noi \u0219i noi proiecte, cum e t\u0103ierea a mii de copaci la Noua, supun p\u0103durile noastre asaltului drujbelor.\u00a0 [&hellip;]<\/p>\n","protected":false},"author":1,"featured_media":0,"parent":434,"menu_order":0,"comment_status":"closed","ping_status":"closed","template":"","meta":[],"_links":{"self":[{"href":"https:\/\/colibanprimar.ro\/campanie2020\/wp-json\/wp\/v2\/pages\/773"}],"collection":[{"href":"https:\/\/colibanprimar.ro\/campanie2020\/wp-json\/wp\/v2\/pages"}],"about":[{"href":"https:\/\/colibanprimar.ro\/campanie2020\/wp-json\/wp\/v2\/types\/page"}],"author":[{"embeddable":true,"href":"https:\/\/colibanprimar.ro\/campanie2020\/wp-json\/wp\/v2\/users\/1"}],"replies":[{"embeddable":true,"href":"https:\/\/colibanprimar.ro\/campanie2020\/wp-json\/wp\/v2\/comments?post=773"}],"version-history":[{"count":0,"href":"https:\/\/colibanprimar.ro\/campanie2020\/wp-json\/wp\/v2\/pages\/773\/revisions"}],"up":[{"embeddable":true,"href":"https:\/\/colibanprimar.ro\/campanie2020\/wp-json\/wp\/v2\/pages\/434"}],"wp:attachment":[{"href":"https:\/\/colibanprimar.ro\/campanie2020\/wp-json\/wp\/v2\/media?parent=773"}],"curies":[{"name":"wp","href":"https:\/\/api.w.org\/{rel}","templated":true}]}}