{"id":762,"date":"2020-06-01T16:19:08","date_gmt":"2020-06-01T16:19:08","guid":{"rendered":"https:\/\/colibanprimar.ro\/?page_id=762"},"modified":"2020-07-22T08:34:10","modified_gmt":"2020-07-22T08:34:10","slug":"dezbatere-publica-sportul-brasovean","status":"publish","type":"page","link":"https:\/\/colibanprimar.ro\/campanie2020\/pentru-brasov\/dezbatere-publica-sportul-brasovean\/","title":{"rendered":"Dezbatere public\u0103 &#8211; Sportul bra\u0219ovean"},"content":{"rendered":"\t\t<div data-elementor-type=\"wp-page\" data-elementor-id=\"762\" class=\"elementor elementor-762\" data-elementor-settings=\"[]\">\n\t\t\t\t\t\t<div class=\"elementor-inner\">\n\t\t\t\t\t\t\t<div class=\"elementor-section-wrap\">\n\t\t\t\t\t\t\t<section class=\"elementor-section elementor-top-section elementor-element elementor-element-46a12e2 elementor-section-stretched elementor-section-content-middle top-section-clean elementor-section-boxed elementor-section-height-default elementor-section-height-default\" data-id=\"46a12e2\" data-element_type=\"section\" data-settings=\"{&quot;stretch_section&quot;:&quot;section-stretched&quot;}\">\n\t\t\t\t\t\t<div class=\"elementor-container elementor-column-gap-default\">\n\t\t\t\t\t\t\t<div class=\"elementor-row\">\n\t\t\t\t\t<div class=\"elementor-column elementor-col-100 elementor-top-column elementor-element elementor-element-14e7f7d\" data-id=\"14e7f7d\" data-element_type=\"column\">\n\t\t\t<div class=\"elementor-column-wrap elementor-element-populated\">\n\t\t\t\t\t\t\t<div class=\"elementor-widget-wrap\">\n\t\t\t\t\t\t<div class=\"elementor-element elementor-element-b60399e elementor-widget elementor-widget-heading\" data-id=\"b60399e\" data-element_type=\"widget\" data-widget_type=\"heading.default\">\n\t\t\t\t<div class=\"elementor-widget-container\">\n\t\t\t<h1 class=\"elementor-heading-title elementor-size-default\">Dezbatere public\u0103 - Sportul bra\u0219ovean<\/h1>\t\t<\/div>\n\t\t\t\t<\/div>\n\t\t\t\t<div class=\"elementor-element elementor-element-c7e7e17 elementor-widget elementor-widget-heading\" data-id=\"c7e7e17\" data-element_type=\"widget\" data-widget_type=\"heading.default\">\n\t\t\t\t<div class=\"elementor-widget-container\">\n\t\t\t<h2 class=\"elementor-heading-title elementor-size-default\">perspective, strategie, viziune\n<\/h2>\t\t<\/div>\n\t\t\t\t<\/div>\n\t\t\t\t\t\t<\/div>\n\t\t\t\t\t<\/div>\n\t\t<\/div>\n\t\t\t\t\t\t\t\t<\/div>\n\t\t\t\t\t<\/div>\n\t\t<\/section>\n\t\t\t\t<section class=\"elementor-section elementor-top-section elementor-element elementor-element-10b9bf2 elementor-section-stretched elementor-section-boxed elementor-section-height-default elementor-section-height-default\" data-id=\"10b9bf2\" data-element_type=\"section\" data-settings=\"{&quot;stretch_section&quot;:&quot;section-stretched&quot;}\">\n\t\t\t\t\t\t<div class=\"elementor-container elementor-column-gap-default\">\n\t\t\t\t\t\t\t<div class=\"elementor-row\">\n\t\t\t\t\t<div class=\"elementor-column elementor-col-50 elementor-top-column elementor-element elementor-element-c5ef210\" data-id=\"c5ef210\" data-element_type=\"column\">\n\t\t\t<div class=\"elementor-column-wrap elementor-element-populated\">\n\t\t\t\t\t\t\t<div class=\"elementor-widget-wrap\">\n\t\t\t\t\t\t<div class=\"elementor-element elementor-element-fa5b358 elementor-invisible elementor-widget elementor-widget-image\" data-id=\"fa5b358\" data-element_type=\"widget\" data-settings=\"{&quot;_animation&quot;:&quot;slideInUp&quot;}\" data-widget_type=\"image.default\">\n\t\t\t\t<div class=\"elementor-widget-container\">\n\t\t\t\t\t\t\t\t<div class=\"elementor-image\">\n\t\t\t\t\t\t\t\t\t\t\t\t<img width=\"1000\" height=\"494\" src=\"https:\/\/colibanprimar.ro\/campanie2020\/wordpress2020\/wp-content\/uploads\/2020\/06\/sportul-brasovean.jpg\" class=\"attachment-large size-large\" alt=\"Dezbatere publica - Sportul brasovean\" loading=\"lazy\" srcset=\"https:\/\/colibanprimar.ro\/campanie2020\/wordpress2020\/wp-content\/uploads\/2020\/06\/sportul-brasovean.jpg 1000w, https:\/\/colibanprimar.ro\/campanie2020\/wordpress2020\/wp-content\/uploads\/2020\/06\/sportul-brasovean-300x148.jpg 300w, https:\/\/colibanprimar.ro\/campanie2020\/wordpress2020\/wp-content\/uploads\/2020\/06\/sportul-brasovean-768x379.jpg 768w\" sizes=\"(max-width: 1000px) 100vw, 1000px\" \/>\t\t\t\t\t\t\t\t\t\t\t\t\t\t<\/div>\n\t\t\t\t\t\t<\/div>\n\t\t\t\t<\/div>\n\t\t\t\t<div class=\"elementor-element elementor-element-a72d98e elementor-widget elementor-widget-text-editor\" data-id=\"a72d98e\" data-element_type=\"widget\" data-widget_type=\"text-editor.default\">\n\t\t\t\t<div class=\"elementor-widget-container\">\n\t\t\t\t\t\t\t\t<div class=\"elementor-text-editor elementor-clearfix\">\n\t\t\t\t<p><strong>\u00cen 19 ianuare, am participat la <span style=\"text-decoration: underline;\"><a href=\"https:\/\/www.facebook.com\/events\/2577184702607362\/\">o prim\u0103 dezbatere despre sportul bra\u0219ovean<\/a><\/span> organizat\u0103 \u00eempreun\u0103 cu Asocia\u021bia Rom\u00e2nia Civic\u0103 la care i-am avut invita\u021bi pe:<br \/><\/strong><\/p><ul><li><strong>Lorand Balint<\/strong>, Managing Director la agen\u021bia Publicis Sport &amp; Entertainment, fost director de marketing la Federa\u021bia Rom\u00e2n\u0103 de Handbal \u0219i un om cu o vast\u0103 experien\u021b\u0103 \u00een marketingul sportiv;<\/li><li><strong>R\u0103zvan Dobric\u0103<\/strong>, fost pre\u0219edinte \u0219i administrator al clubului SR Bra\u0219ov;<\/li><li><strong>Codru\u021b Bucur<\/strong>, fost membru al organiza\u021biei civice Reactiv Bra\u0219ov \u0219i ini\u021biator al ac\u021biunii \u201df\u0103r\u0103 lac\u0103te pe curtea \u0219colii\u201d;<\/li><li><strong>Victor Ilie<\/strong>, juc\u0103tor de tenis, maratonist \u0219i avocat;<\/li><li><strong>Ioan Turcu<\/strong>, decanul Facult\u0103\u021bii de Educa\u021bie fizic\u0103 \u0219i Sporturi montane din cadrul Universit\u0103\u021bii Transilvania din Bra\u0219ov.<\/li><\/ul><p>Dezbaterea a pornit de la c\u00e2teva discu\u021bii cu suporterii SR Bra\u0219ov \u00een urma c\u0103rora le-am promis m\u0103car o dezbatere public\u0103 pe subiectul sportului din Bra\u0219ov. Discu\u021bia nu a fost doar despre fotbal, nici nu am dorit asta, de\u0219i e clar c\u0103 este sportul cel mai iubit de c\u0103tre rom\u00e2ni.<\/p><p>Bra\u0219ovul are nevoie de o viziune care s\u0103 \u00eel transforme \u00eentr-un ora\u0219 al sportului pentru copii, pentru tineri, pentru familii, pentru toate v\u00e2rstele, inclusiv pentru turi\u0219ti. Bra\u0219ovul are tradi\u021bie \u00een multe discipline \u0219i are toate atuurile care l-ar putea transforma \u00eentr-un pol important al sportului rom\u00e2nesc.<\/p><p>Din p\u0103cate, \u00een ultimii 20 de ani au fost distruse baze sportive \u0219i \u00een locul lor nu au fost construite unele noi. Altele, printre care Stadionul Tineretului, zac \u00een paragin\u0103. Stadionul Municipal a fost d\u0103r\u00e2mat \u00een 2008 \u0219i \u00een locul lui a fost promis un stadion modern de 25.000 de locuri. Primarul Scripcaru \u00eenc\u0103 \u00eei mai am\u0103ge\u0219te pe bra\u0219oveni cu iluzia unui stadion care ar putea fi construit \u00een locul bazei sportive Bra\u0219ovia, teren care nici m\u0103car nu apar\u021bine municipalit\u0103\u021bii. Sala polivalent\u0103, promis\u0103 \u0219i ea de mul\u021bi ani, are un cost estimat la 60 de milioane de euro, aproximativ costul la care \u00een Cluj au fost construite o sal\u0103 polivalent\u0103 \u0219i un stadion. Costul este aberant, chiar dac\u0103 \u021binem cont de cre\u0219terile salariale din domeniul construc\u021biilor. Iar dac\u0103 solul ml\u0103\u0219tinos urc\u0103 costurile at\u00e2t de mult, atunci ar trebui g\u0103sit un alt loc. Banii contribuabililor bra\u0219oveni sunt fini\u021bi, trebuie bine dr\u0103mui\u021bi \u0219i nu ne putem bate joc de ei.<\/p><p>Colegul meu Victor Ilie a vorbit despre distrugerea bazei sportive de la Forex pentru a face loc unui supermarket. Potrivit Legii educa\u021biei fizice \u0219i sportului, care prevede condi\u021bii restrictive pentru desfiin\u021barea unui baze sportive, ar fi trebuit construit\u0103 o baz\u0103 sportiv\u0103 echivalent\u0103. Baza \u00eenlocuitoare pe care o indic\u0103 autorit\u0103\u021bile este undeva \u00eentre Bra\u0219ov \u0219i Ghimbav, \u00een mijlocul c\u00e2mpului, \u00eentr-o zon\u0103 industrial\u0103, f\u0103r\u0103 drum asfaltat, f\u0103r\u0103 acces la transportul \u00een comun, la o distan\u0163\u0103 de peste 5 km de orice locuin\u0163\u0103 din ora\u015ful Bra\u015fov, \u00een timp ce baza Forex era situat\u0103 \u00eentr-o zon\u0103 aflat\u0103 \u00een plin\u0103 expansiune imobiliar\u0103, cu mii de apartamente vechi \u015fi noi pe o raz\u0103 de un kilometru. Cea mai mare pierdere este accesibilitatea, practic, copiii \u0219i tinerii din Bra\u0219ov sunt priva\u021bi de \u00eenc\u0103 un loc \u00een care s\u0103 poat\u0103 practica un sport. Desfiin\u021barea bazei sportive Forex este contestat\u0103 \u00een instan\u021b\u0103 de c\u0103tre USR Bra\u0219ov.<\/p><p>Tot despre copii \u0219i despre sportul de mas\u0103 a vorbit Codru\u021b Bucur, unul dintre ini\u021biatorii ac\u021biunii \u201df\u0103r\u0103 lac\u0103te pe curtea \u0219colii\u201d. Din 2007 a fost interzis accesul copiilor \u00een cur\u021bile \u0219colilor \u0219i astfel copiii s-au dezobi\u0219nuit de a face sport. Bra\u0219ovul are amenajate 28 de locuri pentru sport, din care 19 sunt pentru baschet, iar 7 pentru fotbal. Costul anual de \u00eentre\u021binere pentru terenurile de sport este de 40.000 de lei \u00een timp ce bugetul pentru clubul Corona din 2019 a fost de peste 10 milioane de lei. Adev\u0103rul e c\u0103 tinerii ar face mai mult sport dac\u0103 ar avea unde s\u0103 se joace, iar prim\u0103ria ar trebui s\u0103 investeasc\u0103 mult mai mult \u00een sportul de mas\u0103.<\/p><p>Bo\u021bi Balint, bra\u0219ovean la origine, fost director de marketing la Federa\u021bia Rom\u00e2n\u0103 de Handbal \u0219i un om cu o vast\u0103 experien\u021b\u0103 \u00een marketingul sportiv, a vorbit, printre altele, despre experien\u021ba sa de la Farul Constan\u021ba, unde contribuie la strategia de relansarea echipei. \u00cenainte de orice, trebuie o viziune \u0219i o g\u00e2ndire pe termen lung. Bra\u0219ovul ar putea fi paradisul oamenilor care iubesc mi\u0219carea, dar pentru asta avem nevoie de un plan \u0219i de o strategie coerent\u0103. \u0218i primul element din strategia pentru sport ar fi \u00eembun\u0103t\u0103\u021birea calit\u0103\u021bii aerului.<\/p><p>R\u0103zvan Dobric\u0103, fostul pre\u0219edinte \u0219i administratorul SR Bra\u0219ov, a expus istoria fascinant\u0103 a fotbalului din urbea noastr\u0103, istorie de peste o sut\u0103 de ani, despre rolul fotbalului \u00een comunitatea bra\u0219ovean\u0103, despre concuren\u021ba pozitiv\u0103 \u00eentre comunit\u0103\u021bile etnice \u0219i despre loialitatea acestor oameni fa\u021b\u0103 de ora\u0219ul \u00een care tr\u0103iau. Sunt multe lucruri de reparat, multe lucruri de construit \u0219i nu ne referim doar la infrastructur\u0103.<\/p><p>Bra\u0219ovului \u00eei lipse\u0219te o viziune. Nu avem infrastructura adecvat\u0103, sportul de mas\u0103 a dec\u0103zut prin lipsa de investi\u021bii \u0219i de interes din partea prim\u0103riei. FC Bra\u0219ov, clubul fanion al ora\u0219ului, a fost pus pe butuci, iar echipei suporterilor stegari i se pun be\u021be \u00een roat\u0103. \u00cen acela\u0219i timp, clubului prim\u0103riei, Corona, i s-au alocat fonduri generoase, prioritate \u0219i acces gratuit \u00een toate s\u0103lile de sport din ora\u0219, \u00een dauna celorlalte cluburi. Clubul de handbal feminin Corona este suspendat din competi\u021biile na\u021bionale \u0219i europene \u0219i exist\u0103 o anchet\u0103 \u00een derulare a Agen\u021biei Na\u021bionale Anti-Doping \u0219i la sec\u021bia de hochei. Din punct de vedere sportiv, nu cred c-a dus-o mai r\u0103u Bra\u0219ovul niciodat\u0103.<\/p><p>Noi trebuie s\u0103 repar\u0103m \u0219i s\u0103 construim baze sportive multifunc\u021bionale, care s\u0103 fie la dispozi\u021bia bra\u0219ovenilor. Am prezentat modul \u00een care sunt concepute \u0219i cum func\u021bioneaz\u0103 s\u0103lile din micu\u021bele ora\u0219e Sterling (Sco\u021bia) \u0219i Lohja (Finlanda). Acolo se practic\u0103 diferite sporturi, se deruleaz\u0103 multiple evenimente \u0219i sunt aproape tot timpul pline de copii.<\/p><p>Trebuie s\u0103 g\u0103sim \u0219i s\u0103 cre\u0103m condi\u021bii de joac\u0103 pentru copii, trebuie s\u0103 ne reg\u0103sim \u0219i noi, adul\u021bii, pl\u0103cerea de a face sport. Sportul este foarte important pentru s\u0103n\u0103tatea noastr\u0103 fizic\u0103 \u0219i mental\u0103 \u0219i reprezint\u0103 un element important de calitate a vie\u021bii.<\/p><p>Un primar al unui ora\u0219 din Uniunea European\u0103 \u00een 2020 ar trebui s\u0103 creeze condi\u021bii asftel \u00eenc\u00e2t copiii s\u0103 aib\u0103 un loc de joac\u0103 la aproximativ zece minute de mers pe jos, s\u0103 construiasc\u0103 baze sportive moderne, dimensionate corect, cu g\u00e2ndul la dezvoltarea viitoare a ora\u0219ului nostru, \u0219i la costuri optime. S\u0103 asigure accesul tuturor sportivilor bra\u0219oveni \u00een s\u0103lile de sport din ora\u0219 \u0219i s\u0103 nu favorizeze un anumit club.<\/p><p>Sportul de mas\u0103 \u0219i sportul \u00een \u0219coal\u0103 \u00eenseamn\u0103 cea mai ieftin\u0103 investi\u021bie \u00een s\u0103n\u0103tatea popula\u021biei. \u00cen loc s\u0103 b\u0103g\u0103m sume imense \u00een cluburi ale prim\u0103riilor, mai bine am finan\u021ba cluburile \u0219colare \u0219i competi\u021biile sportive \u0219colare. Asta e calea corect\u0103, s\u0103 folosim banii publici \u00een interesul celor mai mul\u021bi oameni din comunitate. Pentru s\u0103n\u0103tatea noastr\u0103, pentru binele nostru. Este gre\u0219it ceea ce face Firea la CSM \u0219i Scripcaru la Corona. De acord, cluburile profesioniste din Rom\u00e2nia nu au ajuns la nivelul celor de afar\u0103, s\u0103 se sus\u021bin\u0103 din v\u00e2nzarea de bilete \u0219i din contractele de sponsorizare. Dar prim\u0103riile pot pune la dispozi\u021bia cluburilor infrastructura sportiv\u0103, pot g\u0103si mijloace de sus\u021binere non-financiare sau pot avea contribu\u021bii minoritare.<\/p>\t\t\t\t\t<\/div>\n\t\t\t\t\t\t<\/div>\n\t\t\t\t<\/div>\n\t\t\t\t\t\t<\/div>\n\t\t\t\t\t<\/div>\n\t\t<\/div>\n\t\t\t\t<div class=\"elementor-column elementor-col-50 elementor-top-column elementor-element elementor-element-fff874b\" data-id=\"fff874b\" data-element_type=\"column\" data-settings=\"{&quot;motion_fx_motion_fx_scrolling&quot;:&quot;yes&quot;,&quot;motion_fx_translateY_effect&quot;:&quot;yes&quot;,&quot;motion_fx_translateY_speed&quot;:{&quot;unit&quot;:&quot;px&quot;,&quot;size&quot;:3.9,&quot;sizes&quot;:[]},&quot;motion_fx_translateY_affectedRange&quot;:{&quot;unit&quot;:&quot;%&quot;,&quot;size&quot;:&quot;&quot;,&quot;sizes&quot;:{&quot;start&quot;:18,&quot;end&quot;:88}},&quot;motion_fx_devices&quot;:[&quot;desktop&quot;,&quot;tablet&quot;,&quot;mobile&quot;]}\">\n\t\t\t<div class=\"elementor-column-wrap elementor-element-populated\">\n\t\t\t\t\t\t\t<div class=\"elementor-widget-wrap\">\n\t\t\t\t\t\t<div class=\"elementor-element elementor-element-dd8c6a9 elementor-widget elementor-widget-image\" data-id=\"dd8c6a9\" data-element_type=\"widget\" data-widget_type=\"image.default\">\n\t\t\t\t<div class=\"elementor-widget-container\">\n\t\t\t\t\t\t\t\t<div class=\"elementor-image\">\n\t\t\t\t\t\t\t\t\t\t\t\t<img width=\"600\" height=\"600\" src=\"https:\/\/colibanprimar.ro\/campanie2020\/wordpress2020\/wp-content\/uploads\/2020\/06\/allen-coliban-4.jpg\" class=\"attachment-large size-large\" alt=\"Allen Coliban profil\" loading=\"lazy\" srcset=\"https:\/\/colibanprimar.ro\/campanie2020\/wordpress2020\/wp-content\/uploads\/2020\/06\/allen-coliban-4.jpg 600w, https:\/\/colibanprimar.ro\/campanie2020\/wordpress2020\/wp-content\/uploads\/2020\/06\/allen-coliban-4-300x300.jpg 300w, https:\/\/colibanprimar.ro\/campanie2020\/wordpress2020\/wp-content\/uploads\/2020\/06\/allen-coliban-4-150x150.jpg 150w, https:\/\/colibanprimar.ro\/campanie2020\/wordpress2020\/wp-content\/uploads\/2020\/06\/allen-coliban-4-50x50.jpg 50w, https:\/\/colibanprimar.ro\/campanie2020\/wordpress2020\/wp-content\/uploads\/2020\/06\/allen-coliban-4-100x100.jpg 100w\" sizes=\"(max-width: 600px) 100vw, 600px\" \/>\t\t\t\t\t\t\t\t\t\t\t\t\t\t<\/div>\n\t\t\t\t\t\t<\/div>\n\t\t\t\t<\/div>\n\t\t\t\t<div class=\"elementor-element elementor-element-b9fc36a elementor-align-center elementor-widget elementor-widget-global elementor-global-712 elementor-widget-button\" data-id=\"b9fc36a\" data-element_type=\"widget\" data-widget_type=\"button.default\">\n\t\t\t\t<div class=\"elementor-widget-container\">\n\t\t\t\t\t<div class=\"elementor-button-wrapper\">\n\t\t\t<a href=\"https:\/\/colibanprimar.ro\/campanie2020\/pentru-brasov\" class=\"elementor-button-link elementor-button elementor-size-sm\" role=\"button\">\n\t\t\t\t\t\t<span class=\"elementor-button-content-wrapper\">\n\t\t\t\t\t\t<span class=\"elementor-button-text\">Vezi toate proiectele<\/span>\n\t\t<\/span>\n\t\t\t\t\t<\/a>\n\t\t<\/div>\n\t\t\t\t<\/div>\n\t\t\t\t<\/div>\n\t\t\t\t\t\t<\/div>\n\t\t\t\t\t<\/div>\n\t\t<\/div>\n\t\t\t\t\t\t\t\t<\/div>\n\t\t\t\t\t<\/div>\n\t\t<\/section>\n\t\t\t\t<section class=\"elementor-section elementor-top-section elementor-element elementor-element-f254e88 elementor-section-boxed elementor-section-height-default elementor-section-height-default\" data-id=\"f254e88\" data-element_type=\"section\">\n\t\t\t\t\t\t<div class=\"elementor-container elementor-column-gap-default\">\n\t\t\t\t\t\t\t<div class=\"elementor-row\">\n\t\t\t\t\t<div class=\"elementor-column elementor-col-100 elementor-top-column elementor-element elementor-element-5e16a02\" data-id=\"5e16a02\" data-element_type=\"column\">\n\t\t\t<div class=\"elementor-column-wrap elementor-element-populated\">\n\t\t\t\t\t\t\t<div class=\"elementor-widget-wrap\">\n\t\t\t\t\t\t<div class=\"elementor-element elementor-element-1bfaf16 elementor-widget elementor-widget-template\" data-id=\"1bfaf16\" data-element_type=\"widget\" data-widget_type=\"template.default\">\n\t\t\t\t<div class=\"elementor-widget-container\">\n\t\t\t\t\t<div class=\"elementor-template\">\n\t\t\t\t\t<div data-elementor-type=\"section\" data-elementor-id=\"550\" class=\"elementor elementor-550\" data-elementor-settings=\"[]\">\n\t\t<div class=\"elementor-section-wrap\">\n\t\t\t\t\t<section class=\"elementor-section elementor-top-section elementor-element elementor-element-28b52a65 elementor-section-stretched elementor-section-boxed elementor-section-height-default elementor-section-height-default\" data-id=\"28b52a65\" data-element_type=\"section\" data-settings=\"{&quot;stretch_section&quot;:&quot;section-stretched&quot;,&quot;background_background&quot;:&quot;classic&quot;}\">\n\t\t\t\t\t\t<div class=\"elementor-container elementor-column-gap-default\">\n\t\t\t\t\t\t\t<div class=\"elementor-row\">\n\t\t\t\t\t<div class=\"elementor-column elementor-col-100 elementor-top-column elementor-element elementor-element-63806d88\" data-id=\"63806d88\" data-element_type=\"column\">\n\t\t\t<div class=\"elementor-column-wrap elementor-element-populated\">\n\t\t\t\t\t\t\t<div class=\"elementor-widget-wrap\">\n\t\t\t\t\t\t<div class=\"elementor-element elementor-element-422d1143 elementor-widget elementor-widget-heading\" data-id=\"422d1143\" data-element_type=\"widget\" data-widget_type=\"heading.default\">\n\t\t\t\t<div class=\"elementor-widget-container\">\n\t\t\t<h2 class=\"elementor-heading-title elementor-size-xl\">Implic\u0103-te \u00een dezvoltarea Bra\u0219ovului!<\/h2>\t\t<\/div>\n\t\t\t\t<\/div>\n\t\t\t\t<div class=\"elementor-element elementor-element-42f577f4 elementor-widget elementor-widget-text-editor\" data-id=\"42f577f4\" data-element_type=\"widget\" data-widget_type=\"text-editor.default\">\n\t\t\t\t<div class=\"elementor-widget-container\">\n\t\t\t\t\t\t\t\t<div class=\"elementor-text-editor elementor-clearfix\">\n\t\t\t\t<p>Toate marile schimb\u0103ri politice din ultimii ani s-au \u00eent\u00e2mplat pentru c\u0103 cet\u0103\u021benii au decis s\u0103 nu stea deoparte. Primul pas este s\u0103 fii informat.<\/p><p>\u00cen fiecare s\u0103pt\u0103m\u00e2n\u0103, trimit bra\u0219ovenilor pe e-mail detalii legate de activitatea pentru Bra\u0219ov, ini\u021biative ale societ\u0103\u021bii civile, nout\u0103\u021bi despre administra\u021bia ora\u0219ului.<\/p>\t\t\t\t\t<\/div>\n\t\t\t\t\t\t<\/div>\n\t\t\t\t<\/div>\n\t\t\t\t<div class=\"elementor-element elementor-element-71c1b96c newsletter-voluntari elementor-widget elementor-widget-webify-newsletter-widget\" data-id=\"71c1b96c\" data-element_type=\"widget\" data-widget_type=\"webify-newsletter-widget.default\">\n\t\t\t\t<div class=\"elementor-widget-container\">\n\t\t\t        <div class=\"tb-border style1\">\r\n          <div class=\"tb-subscribe-heading text-center\">\r\n            <div class=\"empty-space marg-lg-b25\"><\/div>\r\n            <h3 class=\"tb-f18-lg tb-line23-lg  tb-font-name tb-m0\"><\/h3>\r\n            <p class=\"tb-m0 \"><\/p>\r\n            <div class=\"empty-space marg-lg-b25\"><\/div>\r\n          <\/div>\r\n          <hr>\r\n                      <script>(function() {\n\twindow.mc4wp = window.mc4wp || {\n\t\tlisteners: [],\n\t\tforms: {\n\t\t\ton: function(evt, cb) {\n\t\t\t\twindow.mc4wp.listeners.push(\n\t\t\t\t\t{\n\t\t\t\t\t\tevent   : evt,\n\t\t\t\t\t\tcallback: cb\n\t\t\t\t\t}\n\t\t\t\t);\n\t\t\t}\n\t\t}\n\t}\n})();\n<\/script><!-- Mailchimp for WordPress v4.8.6 - https:\/\/wordpress.org\/plugins\/mailchimp-for-wp\/ --><form id=\"mc4wp-form-1\" class=\"mc4wp-form mc4wp-form-28 tb-mc4wp-form\" method=\"post\" data-id=\"28\" data-name=\"Voluntari\" ><div class=\"mc4wp-form-fields\"><p>\r\n<label>Prenume : <\/label>\r\n<input type=\"text\" name=\"FNAME\" placeholder=\"Numele t\u0103u\" required=\"\" \/>\r\n<\/p>\r\n<p>\r\n\t<label>E-mail: <\/label>\r\n\t\t<input type=\"email\" name=\"EMAIL\" placeholder=\"E-mail (cea pe care o verifici)\" required=\"\" \/>\r\n<\/p>\r\n<p>\r\n        <input name=\"AGREE_TO_TERMS\" type=\"checkbox\" value=\"1\" required=\"\" class=\"checkbox\"> Sunt de acord cu <a href=\"https:\/\/colibanprimar.ro\/termeni-si-conditii-de-confidentialitate\"\r\n        target=\"_blank\">politica de confiden\u0163ialitate<\/a>\r\n<\/p> \r\n<p>\r\n\t<input type=\"submit\" value=\"Vreau s\u0103 m\u0103 implic!\" \/>\r\n<\/p>\r\n\r\n\r\n<\/div><label style=\"display: none !important;\">Leave this field empty if you're human: <input type=\"text\" name=\"_mc4wp_honeypot\" value=\"\" tabindex=\"-1\" autocomplete=\"off\" \/><\/label><input type=\"hidden\" name=\"_mc4wp_timestamp\" value=\"1776675213\" \/><input type=\"hidden\" name=\"_mc4wp_form_id\" value=\"28\" \/><input type=\"hidden\" name=\"_mc4wp_form_element_id\" value=\"mc4wp-form-1\" \/><div class=\"mc4wp-response\"><\/div><\/form><!-- \/ Mailchimp for WordPress Plugin -->                  <\/div>\r\n        \t\t<\/div>\n\t\t\t\t<\/div>\n\t\t\t\t\t\t<\/div>\n\t\t\t\t\t<\/div>\n\t\t<\/div>\n\t\t\t\t\t\t\t\t<\/div>\n\t\t\t\t\t<\/div>\n\t\t<\/section>\n\t\t\t\t<\/div>\n\t\t<\/div>\n\t\t\t\t<\/div>\n\t\t\t\t<\/div>\n\t\t\t\t<\/div>\n\t\t\t\t\t\t<\/div>\n\t\t\t\t\t<\/div>\n\t\t<\/div>\n\t\t\t\t\t\t\t\t<\/div>\n\t\t\t\t\t<\/div>\n\t\t<\/section>\n\t\t\t\t\t\t<\/div>\n\t\t\t\t\t\t<\/div>\n\t\t\t\t\t<\/div>\n\t\t","protected":false},"excerpt":{"rendered":"<p>Dezbatere public\u0103 &#8211; Sportul bra\u0219ovean perspective, strategie, viziune \u00cen 19 ianuare, am participat la o prim\u0103 dezbatere despre sportul bra\u0219ovean organizat\u0103 \u00eempreun\u0103 cu Asocia\u021bia Rom\u00e2nia Civic\u0103 la care i-am avut invita\u021bi pe: Lorand Balint, Managing Director la agen\u021bia Publicis Sport &amp; Entertainment, fost director de marketing la Federa\u021bia Rom\u00e2n\u0103 de Handbal \u0219i un om cu [&hellip;]<\/p>\n","protected":false},"author":1,"featured_media":0,"parent":434,"menu_order":0,"comment_status":"closed","ping_status":"closed","template":"","meta":[],"_links":{"self":[{"href":"https:\/\/colibanprimar.ro\/campanie2020\/wp-json\/wp\/v2\/pages\/762"}],"collection":[{"href":"https:\/\/colibanprimar.ro\/campanie2020\/wp-json\/wp\/v2\/pages"}],"about":[{"href":"https:\/\/colibanprimar.ro\/campanie2020\/wp-json\/wp\/v2\/types\/page"}],"author":[{"embeddable":true,"href":"https:\/\/colibanprimar.ro\/campanie2020\/wp-json\/wp\/v2\/users\/1"}],"replies":[{"embeddable":true,"href":"https:\/\/colibanprimar.ro\/campanie2020\/wp-json\/wp\/v2\/comments?post=762"}],"version-history":[{"count":0,"href":"https:\/\/colibanprimar.ro\/campanie2020\/wp-json\/wp\/v2\/pages\/762\/revisions"}],"up":[{"embeddable":true,"href":"https:\/\/colibanprimar.ro\/campanie2020\/wp-json\/wp\/v2\/pages\/434"}],"wp:attachment":[{"href":"https:\/\/colibanprimar.ro\/campanie2020\/wp-json\/wp\/v2\/media?parent=762"}],"curies":[{"name":"wp","href":"https:\/\/api.w.org\/{rel}","templated":true}]}}