{"id":755,"date":"2020-06-01T15:53:36","date_gmt":"2020-06-01T15:53:36","guid":{"rendered":"https:\/\/colibanprimar.ro\/?page_id=755"},"modified":"2020-07-22T08:34:56","modified_gmt":"2020-07-22T08:34:56","slug":"va-ajutam-din-brasov","status":"publish","type":"page","link":"https:\/\/colibanprimar.ro\/campanie2020\/pentru-brasov\/va-ajutam-din-brasov\/","title":{"rendered":"V\u0103 ajut\u0103m din Bra\u0219ov"},"content":{"rendered":"\t\t<div data-elementor-type=\"wp-page\" data-elementor-id=\"755\" class=\"elementor elementor-755\" data-elementor-settings=\"[]\">\n\t\t\t\t\t\t<div class=\"elementor-inner\">\n\t\t\t\t\t\t\t<div class=\"elementor-section-wrap\">\n\t\t\t\t\t\t\t<section class=\"elementor-section elementor-top-section elementor-element elementor-element-46a12e2 elementor-section-stretched elementor-section-content-middle top-section-clean elementor-section-boxed elementor-section-height-default elementor-section-height-default\" data-id=\"46a12e2\" data-element_type=\"section\" data-settings=\"{&quot;stretch_section&quot;:&quot;section-stretched&quot;}\">\n\t\t\t\t\t\t<div class=\"elementor-container elementor-column-gap-default\">\n\t\t\t\t\t\t\t<div class=\"elementor-row\">\n\t\t\t\t\t<div class=\"elementor-column elementor-col-100 elementor-top-column elementor-element elementor-element-14e7f7d\" data-id=\"14e7f7d\" data-element_type=\"column\">\n\t\t\t<div class=\"elementor-column-wrap elementor-element-populated\">\n\t\t\t\t\t\t\t<div class=\"elementor-widget-wrap\">\n\t\t\t\t\t\t<div class=\"elementor-element elementor-element-b60399e elementor-widget elementor-widget-heading\" data-id=\"b60399e\" data-element_type=\"widget\" data-widget_type=\"heading.default\">\n\t\t\t\t<div class=\"elementor-widget-container\">\n\t\t\t<h1 class=\"elementor-heading-title elementor-size-default\">V\u0103 ajut\u0103m din Bra\u0219ov<\/h1>\t\t<\/div>\n\t\t\t\t<\/div>\n\t\t\t\t<div class=\"elementor-element elementor-element-c7e7e17 elementor-widget elementor-widget-heading\" data-id=\"c7e7e17\" data-element_type=\"widget\" data-widget_type=\"heading.default\">\n\t\t\t\t<div class=\"elementor-widget-container\">\n\t\t\t<h2 class=\"elementor-heading-title elementor-size-default\">un r\u0103spuns umanitar local, la pandemia COVID-19<\/h2>\t\t<\/div>\n\t\t\t\t<\/div>\n\t\t\t\t\t\t<\/div>\n\t\t\t\t\t<\/div>\n\t\t<\/div>\n\t\t\t\t\t\t\t\t<\/div>\n\t\t\t\t\t<\/div>\n\t\t<\/section>\n\t\t\t\t<section class=\"elementor-section elementor-top-section elementor-element elementor-element-10b9bf2 elementor-section-stretched elementor-section-boxed elementor-section-height-default elementor-section-height-default\" data-id=\"10b9bf2\" data-element_type=\"section\" data-settings=\"{&quot;stretch_section&quot;:&quot;section-stretched&quot;}\">\n\t\t\t\t\t\t<div class=\"elementor-container elementor-column-gap-default\">\n\t\t\t\t\t\t\t<div class=\"elementor-row\">\n\t\t\t\t\t<div class=\"elementor-column elementor-col-50 elementor-top-column elementor-element elementor-element-c5ef210\" data-id=\"c5ef210\" data-element_type=\"column\">\n\t\t\t<div class=\"elementor-column-wrap elementor-element-populated\">\n\t\t\t\t\t\t\t<div class=\"elementor-widget-wrap\">\n\t\t\t\t\t\t<div class=\"elementor-element elementor-element-fa5b358 elementor-invisible elementor-widget elementor-widget-image\" data-id=\"fa5b358\" data-element_type=\"widget\" data-settings=\"{&quot;_animation&quot;:&quot;slideInUp&quot;}\" data-widget_type=\"image.default\">\n\t\t\t\t<div class=\"elementor-widget-container\">\n\t\t\t\t\t\t\t\t<div class=\"elementor-image\">\n\t\t\t\t\t\t\t\t\t\t\t\t<img width=\"1000\" height=\"563\" src=\"https:\/\/colibanprimar.ro\/campanie2020\/wordpress2020\/wp-content\/uploads\/2020\/06\/va-ajutam-din-brasov.gif\" class=\"attachment-large size-large\" alt=\"Va ajutam din Brasov\" loading=\"lazy\" \/>\t\t\t\t\t\t\t\t\t\t\t\t\t\t<\/div>\n\t\t\t\t\t\t<\/div>\n\t\t\t\t<\/div>\n\t\t\t\t<div class=\"elementor-element elementor-element-a72d98e elementor-widget elementor-widget-text-editor\" data-id=\"a72d98e\" data-element_type=\"widget\" data-widget_type=\"text-editor.default\">\n\t\t\t\t<div class=\"elementor-widget-container\">\n\t\t\t\t\t\t\t\t<div class=\"elementor-text-editor elementor-clearfix\">\n\t\t\t\t<p><strong>&#8220;<span style=\"text-decoration: underline;\"><a href=\"https:\/\/vaajutamdinbrasov.ro\/\">V\u0103 ajut\u0103m din Bra\u0219ov<\/a><\/span>&#8221; este una dintre cele mai puternice ini\u021biative ale societ\u0103\u021bii civile bra\u0219ovene \u00een care m-am implicat \u00een ultimii ani.<\/strong><\/p><p>Consider c\u0103 solidaritatea \u0219i puterea unei comunit\u0103\u021bi ies cel mai bine la iveal\u0103 \u00een vremuri dificile. Epidemia de Coronavirus a pus \u00eentreaga planet\u0103 la \u00eencercare dar, \u00een acela\u0219i timp, ne-a ar\u0103tat c\u0103 bra\u0219ovenii se unesc atunci c\u00e2nd semenii lor au nevoie. V\u0103 ajut\u0103m din Bra\u0219ov este o ini\u021biativ\u0103 civic\u0103 a colegei mele, <span style=\"text-decoration: underline;\"><a href=\"https:\/\/www.facebook.com\/FlaviaBoghiuUSR\/\">Flavia Boghiu<\/a><\/span>, o ac\u021biune de voluntariat pentru a-i sprijini pe v\u00e2rstnicii bra\u0219oveni cu aprovizionarea, scoaterea re\u021betelor \u0219i livrarea meselor calde.<\/p><p>De aceea, m-am implicat folosindu-mi experien\u021ba profesional\u0103 de dinainte de a fi politician, \u0219i anume de experien\u021ba de peste 10 ani \u00een IT, \u00een dezvoltare organiza\u021bional\u0103 \u0219i managementul performan\u021bei.<\/p><p>\u2705 Am g\u0103sit o solu\u021bie de call center pe care am \u0219i implementat-o.<\/p><p>\u2705 Am creat procedurile \u0219i fluxurile privind modul \u00een care vom organiza munca celor 400 de oameni (!) care s-au al\u0103turat ini\u021biativei.\u00a0<\/p><p>\u2705 Am petrecut ore \u00eentregi, al\u0103turi de Flavia, pentru organizarea activit\u0103\u021bii \u0219i a instrumentelor pe care s\u0103 le foloseasc\u0103 voluntarii, astfel \u00eenc\u00e2t s\u0103 folosim c\u00e2t mai eficient resursele pe care comunitatea le-a pus la dispozi\u021bia v\u00e2rstnicilor din Bra\u0219ov.<\/p><p>\u2705 Am participat \u00eempreun\u0103 la discu\u021biile cu autorit\u0103\u021bile locale, pentru a vedea cum ne putem coordona eforturile.<\/p>\t\t\t\t\t<\/div>\n\t\t\t\t\t\t<\/div>\n\t\t\t\t<\/div>\n\t\t\t\t<div class=\"elementor-element elementor-element-c19461f elementor-invisible elementor-widget elementor-widget-image\" data-id=\"c19461f\" data-element_type=\"widget\" data-settings=\"{&quot;_animation&quot;:&quot;slideInUp&quot;}\" data-widget_type=\"image.default\">\n\t\t\t\t<div class=\"elementor-widget-container\">\n\t\t\t\t\t\t\t\t<div class=\"elementor-image\">\n\t\t\t\t\t\t\t\t\t\t\t\t<img width=\"1024\" height=\"682\" src=\"https:\/\/colibanprimar.ro\/campanie2020\/wordpress2020\/wp-content\/uploads\/2020\/06\/90878707_191750998945504_7292443556201889792_o.jpg\" class=\"attachment-large size-large\" alt=\"Allen Coliban Va ajutam din Brasov\" loading=\"lazy\" srcset=\"https:\/\/colibanprimar.ro\/campanie2020\/wordpress2020\/wp-content\/uploads\/2020\/06\/90878707_191750998945504_7292443556201889792_o.jpg 1024w, https:\/\/colibanprimar.ro\/campanie2020\/wordpress2020\/wp-content\/uploads\/2020\/06\/90878707_191750998945504_7292443556201889792_o-300x200.jpg 300w, https:\/\/colibanprimar.ro\/campanie2020\/wordpress2020\/wp-content\/uploads\/2020\/06\/90878707_191750998945504_7292443556201889792_o-768x512.jpg 768w, https:\/\/colibanprimar.ro\/campanie2020\/wordpress2020\/wp-content\/uploads\/2020\/06\/90878707_191750998945504_7292443556201889792_o-728x485.jpg 728w\" sizes=\"(max-width: 1024px) 100vw, 1024px\" \/>\t\t\t\t\t\t\t\t\t\t\t\t\t\t<\/div>\n\t\t\t\t\t\t<\/div>\n\t\t\t\t<\/div>\n\t\t\t\t<div class=\"elementor-element elementor-element-4acc1f2 elementor-widget elementor-widget-text-editor\" data-id=\"4acc1f2\" data-element_type=\"widget\" data-widget_type=\"text-editor.default\">\n\t\t\t\t<div class=\"elementor-widget-container\">\n\t\t\t\t\t\t\t\t<div class=\"elementor-text-editor elementor-clearfix\">\n\t\t\t\t<p>Mai mult dec\u00e2t at\u00e2t, \u00een urma discu\u021biilor avute cu proprietarii de localuri din Bra\u0219ov, am propus \u0219i intermediat crearea unei platforme (<a href=\"https:\/\/masainasteptare.ro\/\"><span style=\"text-decoration: underline;\">www.masainasteptare.ro<\/span><\/a>) de dona\u021bii de meniuri c\u0103tre v\u00e2rstnicii greu \u00eencerca\u021bi, d\u00e2nd comunit\u0103\u021bii posibilitatea s\u0103 achizi\u021bioneze meniuri de la restaurantele preferate, ajut\u00e2ndu-le \u00een acest fel s\u0103 dep\u0103\u0219easc\u0103 mai u\u0219or aceast\u0103 perioad\u0103 dificil\u0103.\u00a0<\/p>\t\t\t\t\t<\/div>\n\t\t\t\t\t\t<\/div>\n\t\t\t\t<\/div>\n\t\t\t\t\t\t<\/div>\n\t\t\t\t\t<\/div>\n\t\t<\/div>\n\t\t\t\t<div class=\"elementor-column elementor-col-50 elementor-top-column elementor-element elementor-element-fff874b\" data-id=\"fff874b\" data-element_type=\"column\" data-settings=\"{&quot;motion_fx_motion_fx_scrolling&quot;:&quot;yes&quot;,&quot;motion_fx_translateY_effect&quot;:&quot;yes&quot;,&quot;motion_fx_translateY_speed&quot;:{&quot;unit&quot;:&quot;px&quot;,&quot;size&quot;:3.9,&quot;sizes&quot;:[]},&quot;motion_fx_translateY_affectedRange&quot;:{&quot;unit&quot;:&quot;%&quot;,&quot;size&quot;:&quot;&quot;,&quot;sizes&quot;:{&quot;start&quot;:18,&quot;end&quot;:88}},&quot;motion_fx_devices&quot;:[&quot;desktop&quot;,&quot;tablet&quot;,&quot;mobile&quot;]}\">\n\t\t\t<div class=\"elementor-column-wrap elementor-element-populated\">\n\t\t\t\t\t\t\t<div class=\"elementor-widget-wrap\">\n\t\t\t\t\t\t<div class=\"elementor-element elementor-element-dd8c6a9 elementor-widget elementor-widget-image\" data-id=\"dd8c6a9\" data-element_type=\"widget\" data-widget_type=\"image.default\">\n\t\t\t\t<div class=\"elementor-widget-container\">\n\t\t\t\t\t\t\t\t<div class=\"elementor-image\">\n\t\t\t\t\t\t\t\t\t\t\t\t<img width=\"600\" height=\"600\" src=\"https:\/\/colibanprimar.ro\/campanie2020\/wordpress2020\/wp-content\/uploads\/2020\/05\/pentru-brasov2.jpg\" class=\"attachment-large size-large\" alt=\"Allen Coliban Alianta USR PLUS Primaria Brasov\" loading=\"lazy\" srcset=\"https:\/\/colibanprimar.ro\/campanie2020\/wordpress2020\/wp-content\/uploads\/2020\/05\/pentru-brasov2.jpg 600w, https:\/\/colibanprimar.ro\/campanie2020\/wordpress2020\/wp-content\/uploads\/2020\/05\/pentru-brasov2-300x300.jpg 300w, https:\/\/colibanprimar.ro\/campanie2020\/wordpress2020\/wp-content\/uploads\/2020\/05\/pentru-brasov2-150x150.jpg 150w, https:\/\/colibanprimar.ro\/campanie2020\/wordpress2020\/wp-content\/uploads\/2020\/05\/pentru-brasov2-50x50.jpg 50w, https:\/\/colibanprimar.ro\/campanie2020\/wordpress2020\/wp-content\/uploads\/2020\/05\/pentru-brasov2-100x100.jpg 100w\" sizes=\"(max-width: 600px) 100vw, 600px\" \/>\t\t\t\t\t\t\t\t\t\t\t\t\t\t<\/div>\n\t\t\t\t\t\t<\/div>\n\t\t\t\t<\/div>\n\t\t\t\t<div class=\"elementor-element elementor-element-b9fc36a elementor-align-center elementor-widget elementor-widget-global elementor-global-712 elementor-widget-button\" data-id=\"b9fc36a\" data-element_type=\"widget\" data-widget_type=\"button.default\">\n\t\t\t\t<div class=\"elementor-widget-container\">\n\t\t\t\t\t<div class=\"elementor-button-wrapper\">\n\t\t\t<a href=\"https:\/\/colibanprimar.ro\/campanie2020\/pentru-brasov\" class=\"elementor-button-link elementor-button elementor-size-sm\" role=\"button\">\n\t\t\t\t\t\t<span class=\"elementor-button-content-wrapper\">\n\t\t\t\t\t\t<span class=\"elementor-button-text\">Vezi toate proiectele<\/span>\n\t\t<\/span>\n\t\t\t\t\t<\/a>\n\t\t<\/div>\n\t\t\t\t<\/div>\n\t\t\t\t<\/div>\n\t\t\t\t\t\t<\/div>\n\t\t\t\t\t<\/div>\n\t\t<\/div>\n\t\t\t\t\t\t\t\t<\/div>\n\t\t\t\t\t<\/div>\n\t\t<\/section>\n\t\t\t\t<section class=\"elementor-section elementor-top-section elementor-element elementor-element-f254e88 elementor-section-boxed elementor-section-height-default elementor-section-height-default\" data-id=\"f254e88\" data-element_type=\"section\">\n\t\t\t\t\t\t<div class=\"elementor-container elementor-column-gap-default\">\n\t\t\t\t\t\t\t<div class=\"elementor-row\">\n\t\t\t\t\t<div class=\"elementor-column elementor-col-100 elementor-top-column elementor-element elementor-element-5e16a02\" data-id=\"5e16a02\" data-element_type=\"column\">\n\t\t\t<div class=\"elementor-column-wrap elementor-element-populated\">\n\t\t\t\t\t\t\t<div class=\"elementor-widget-wrap\">\n\t\t\t\t\t\t<div class=\"elementor-element elementor-element-1bfaf16 elementor-widget elementor-widget-template\" data-id=\"1bfaf16\" data-element_type=\"widget\" data-widget_type=\"template.default\">\n\t\t\t\t<div class=\"elementor-widget-container\">\n\t\t\t\t\t<div class=\"elementor-template\">\n\t\t\t\t\t<div data-elementor-type=\"section\" data-elementor-id=\"550\" class=\"elementor elementor-550\" data-elementor-settings=\"[]\">\n\t\t<div class=\"elementor-section-wrap\">\n\t\t\t\t\t<section class=\"elementor-section elementor-top-section elementor-element elementor-element-28b52a65 elementor-section-stretched elementor-section-boxed elementor-section-height-default elementor-section-height-default\" data-id=\"28b52a65\" data-element_type=\"section\" data-settings=\"{&quot;stretch_section&quot;:&quot;section-stretched&quot;,&quot;background_background&quot;:&quot;classic&quot;}\">\n\t\t\t\t\t\t<div class=\"elementor-container elementor-column-gap-default\">\n\t\t\t\t\t\t\t<div class=\"elementor-row\">\n\t\t\t\t\t<div class=\"elementor-column elementor-col-100 elementor-top-column elementor-element elementor-element-63806d88\" data-id=\"63806d88\" data-element_type=\"column\">\n\t\t\t<div class=\"elementor-column-wrap elementor-element-populated\">\n\t\t\t\t\t\t\t<div class=\"elementor-widget-wrap\">\n\t\t\t\t\t\t<div class=\"elementor-element elementor-element-422d1143 elementor-widget elementor-widget-heading\" data-id=\"422d1143\" data-element_type=\"widget\" data-widget_type=\"heading.default\">\n\t\t\t\t<div class=\"elementor-widget-container\">\n\t\t\t<h2 class=\"elementor-heading-title elementor-size-xl\">Implic\u0103-te \u00een dezvoltarea Bra\u0219ovului!<\/h2>\t\t<\/div>\n\t\t\t\t<\/div>\n\t\t\t\t<div class=\"elementor-element elementor-element-42f577f4 elementor-widget elementor-widget-text-editor\" data-id=\"42f577f4\" data-element_type=\"widget\" data-widget_type=\"text-editor.default\">\n\t\t\t\t<div class=\"elementor-widget-container\">\n\t\t\t\t\t\t\t\t<div class=\"elementor-text-editor elementor-clearfix\">\n\t\t\t\t<p>Toate marile schimb\u0103ri politice din ultimii ani s-au \u00eent\u00e2mplat pentru c\u0103 cet\u0103\u021benii au decis s\u0103 nu stea deoparte. Primul pas este s\u0103 fii informat.<\/p><p>\u00cen fiecare s\u0103pt\u0103m\u00e2n\u0103, trimit bra\u0219ovenilor pe e-mail detalii legate de activitatea pentru Bra\u0219ov, ini\u021biative ale societ\u0103\u021bii civile, nout\u0103\u021bi despre administra\u021bia ora\u0219ului.<\/p>\t\t\t\t\t<\/div>\n\t\t\t\t\t\t<\/div>\n\t\t\t\t<\/div>\n\t\t\t\t<div class=\"elementor-element elementor-element-71c1b96c newsletter-voluntari elementor-widget elementor-widget-webify-newsletter-widget\" data-id=\"71c1b96c\" data-element_type=\"widget\" data-widget_type=\"webify-newsletter-widget.default\">\n\t\t\t\t<div class=\"elementor-widget-container\">\n\t\t\t        <div class=\"tb-border style1\">\r\n          <div class=\"tb-subscribe-heading text-center\">\r\n            <div class=\"empty-space marg-lg-b25\"><\/div>\r\n            <h3 class=\"tb-f18-lg tb-line23-lg  tb-font-name tb-m0\"><\/h3>\r\n            <p class=\"tb-m0 \"><\/p>\r\n            <div class=\"empty-space marg-lg-b25\"><\/div>\r\n          <\/div>\r\n          <hr>\r\n                      <script>(function() {\n\twindow.mc4wp = window.mc4wp || {\n\t\tlisteners: [],\n\t\tforms: {\n\t\t\ton: function(evt, cb) {\n\t\t\t\twindow.mc4wp.listeners.push(\n\t\t\t\t\t{\n\t\t\t\t\t\tevent   : evt,\n\t\t\t\t\t\tcallback: cb\n\t\t\t\t\t}\n\t\t\t\t);\n\t\t\t}\n\t\t}\n\t}\n})();\n<\/script><!-- Mailchimp for WordPress v4.8.6 - https:\/\/wordpress.org\/plugins\/mailchimp-for-wp\/ --><form id=\"mc4wp-form-1\" class=\"mc4wp-form mc4wp-form-28 tb-mc4wp-form\" method=\"post\" data-id=\"28\" data-name=\"Voluntari\" ><div class=\"mc4wp-form-fields\"><p>\r\n<label>Prenume : <\/label>\r\n<input type=\"text\" name=\"FNAME\" placeholder=\"Numele t\u0103u\" required=\"\" \/>\r\n<\/p>\r\n<p>\r\n\t<label>E-mail: <\/label>\r\n\t\t<input type=\"email\" name=\"EMAIL\" placeholder=\"E-mail (cea pe care o verifici)\" required=\"\" \/>\r\n<\/p>\r\n<p>\r\n        <input name=\"AGREE_TO_TERMS\" type=\"checkbox\" value=\"1\" required=\"\" class=\"checkbox\"> Sunt de acord cu <a href=\"https:\/\/colibanprimar.ro\/termeni-si-conditii-de-confidentialitate\"\r\n        target=\"_blank\">politica de confiden\u0163ialitate<\/a>\r\n<\/p> \r\n<p>\r\n\t<input type=\"submit\" value=\"Vreau s\u0103 m\u0103 implic!\" \/>\r\n<\/p>\r\n\r\n\r\n<\/div><label style=\"display: none !important;\">Leave this field empty if you're human: <input type=\"text\" name=\"_mc4wp_honeypot\" value=\"\" tabindex=\"-1\" autocomplete=\"off\" \/><\/label><input type=\"hidden\" name=\"_mc4wp_timestamp\" value=\"1776675248\" \/><input type=\"hidden\" name=\"_mc4wp_form_id\" value=\"28\" \/><input type=\"hidden\" name=\"_mc4wp_form_element_id\" value=\"mc4wp-form-1\" \/><div class=\"mc4wp-response\"><\/div><\/form><!-- \/ Mailchimp for WordPress Plugin -->                  <\/div>\r\n        \t\t<\/div>\n\t\t\t\t<\/div>\n\t\t\t\t\t\t<\/div>\n\t\t\t\t\t<\/div>\n\t\t<\/div>\n\t\t\t\t\t\t\t\t<\/div>\n\t\t\t\t\t<\/div>\n\t\t<\/section>\n\t\t\t\t<\/div>\n\t\t<\/div>\n\t\t\t\t<\/div>\n\t\t\t\t<\/div>\n\t\t\t\t<\/div>\n\t\t\t\t\t\t<\/div>\n\t\t\t\t\t<\/div>\n\t\t<\/div>\n\t\t\t\t\t\t\t\t<\/div>\n\t\t\t\t\t<\/div>\n\t\t<\/section>\n\t\t\t\t\t\t<\/div>\n\t\t\t\t\t\t<\/div>\n\t\t\t\t\t<\/div>\n\t\t","protected":false},"excerpt":{"rendered":"<p>V\u0103 ajut\u0103m din Bra\u0219ov un r\u0103spuns umanitar local, la pandemia COVID-19 &#8220;V\u0103 ajut\u0103m din Bra\u0219ov&#8221; este una dintre cele mai puternice ini\u021biative ale societ\u0103\u021bii civile bra\u0219ovene \u00een care m-am implicat \u00een ultimii ani. Consider c\u0103 solidaritatea \u0219i puterea unei comunit\u0103\u021bi ies cel mai bine la iveal\u0103 \u00een vremuri dificile. Epidemia de Coronavirus a pus \u00eentreaga [&hellip;]<\/p>\n","protected":false},"author":1,"featured_media":0,"parent":434,"menu_order":0,"comment_status":"closed","ping_status":"closed","template":"","meta":[],"_links":{"self":[{"href":"https:\/\/colibanprimar.ro\/campanie2020\/wp-json\/wp\/v2\/pages\/755"}],"collection":[{"href":"https:\/\/colibanprimar.ro\/campanie2020\/wp-json\/wp\/v2\/pages"}],"about":[{"href":"https:\/\/colibanprimar.ro\/campanie2020\/wp-json\/wp\/v2\/types\/page"}],"author":[{"embeddable":true,"href":"https:\/\/colibanprimar.ro\/campanie2020\/wp-json\/wp\/v2\/users\/1"}],"replies":[{"embeddable":true,"href":"https:\/\/colibanprimar.ro\/campanie2020\/wp-json\/wp\/v2\/comments?post=755"}],"version-history":[{"count":0,"href":"https:\/\/colibanprimar.ro\/campanie2020\/wp-json\/wp\/v2\/pages\/755\/revisions"}],"up":[{"embeddable":true,"href":"https:\/\/colibanprimar.ro\/campanie2020\/wp-json\/wp\/v2\/pages\/434"}],"wp:attachment":[{"href":"https:\/\/colibanprimar.ro\/campanie2020\/wp-json\/wp\/v2\/media?parent=755"}],"curies":[{"name":"wp","href":"https:\/\/api.w.org\/{rel}","templated":true}]}}