{"id":740,"date":"2020-06-01T15:35:14","date_gmt":"2020-06-01T15:35:14","guid":{"rendered":"https:\/\/colibanprimar.ro\/?page_id=740"},"modified":"2020-07-22T08:35:29","modified_gmt":"2020-07-22T08:35:29","slug":"dezbatere-publica-bugetarea-participativa","status":"publish","type":"page","link":"https:\/\/colibanprimar.ro\/campanie2020\/pentru-brasov\/dezbatere-publica-bugetarea-participativa\/","title":{"rendered":"Dezbatere public\u0103 &#8211; Bugetarea Participativ\u0103"},"content":{"rendered":"\t\t<div data-elementor-type=\"wp-page\" data-elementor-id=\"740\" class=\"elementor elementor-740\" data-elementor-settings=\"[]\">\n\t\t\t\t\t\t<div class=\"elementor-inner\">\n\t\t\t\t\t\t\t<div class=\"elementor-section-wrap\">\n\t\t\t\t\t\t\t<section class=\"elementor-section elementor-top-section elementor-element elementor-element-46a12e2 elementor-section-stretched elementor-section-content-middle top-section-clean elementor-section-boxed elementor-section-height-default elementor-section-height-default\" data-id=\"46a12e2\" data-element_type=\"section\" data-settings=\"{&quot;stretch_section&quot;:&quot;section-stretched&quot;}\">\n\t\t\t\t\t\t<div class=\"elementor-container elementor-column-gap-default\">\n\t\t\t\t\t\t\t<div class=\"elementor-row\">\n\t\t\t\t\t<div class=\"elementor-column elementor-col-100 elementor-top-column elementor-element elementor-element-14e7f7d\" data-id=\"14e7f7d\" data-element_type=\"column\">\n\t\t\t<div class=\"elementor-column-wrap elementor-element-populated\">\n\t\t\t\t\t\t\t<div class=\"elementor-widget-wrap\">\n\t\t\t\t\t\t<div class=\"elementor-element elementor-element-b60399e elementor-widget elementor-widget-heading\" data-id=\"b60399e\" data-element_type=\"widget\" data-widget_type=\"heading.default\">\n\t\t\t\t<div class=\"elementor-widget-container\">\n\t\t\t<h1 class=\"elementor-heading-title elementor-size-default\">Dezbatere public\u0103 - Bugetarea Participativ\u0103<\/h1>\t\t<\/div>\n\t\t\t\t<\/div>\n\t\t\t\t<div class=\"elementor-element elementor-element-c7e7e17 elementor-widget elementor-widget-heading\" data-id=\"c7e7e17\" data-element_type=\"widget\" data-widget_type=\"heading.default\">\n\t\t\t\t<div class=\"elementor-widget-container\">\n\t\t\t<h2 class=\"elementor-heading-title elementor-size-default\">Proiectele tale, finan\u021bate din banii Prim\u0103rie Bra\u0219ov<\/h2>\t\t<\/div>\n\t\t\t\t<\/div>\n\t\t\t\t\t\t<\/div>\n\t\t\t\t\t<\/div>\n\t\t<\/div>\n\t\t\t\t\t\t\t\t<\/div>\n\t\t\t\t\t<\/div>\n\t\t<\/section>\n\t\t\t\t<section class=\"elementor-section elementor-top-section elementor-element elementor-element-10b9bf2 elementor-section-stretched elementor-section-boxed elementor-section-height-default elementor-section-height-default\" data-id=\"10b9bf2\" data-element_type=\"section\" data-settings=\"{&quot;stretch_section&quot;:&quot;section-stretched&quot;}\">\n\t\t\t\t\t\t<div class=\"elementor-container elementor-column-gap-default\">\n\t\t\t\t\t\t\t<div class=\"elementor-row\">\n\t\t\t\t\t<div class=\"elementor-column elementor-col-50 elementor-top-column elementor-element elementor-element-c5ef210\" data-id=\"c5ef210\" data-element_type=\"column\">\n\t\t\t<div class=\"elementor-column-wrap elementor-element-populated\">\n\t\t\t\t\t\t\t<div class=\"elementor-widget-wrap\">\n\t\t\t\t\t\t<div class=\"elementor-element elementor-element-fa5b358 elementor-invisible elementor-widget elementor-widget-image\" data-id=\"fa5b358\" data-element_type=\"widget\" data-settings=\"{&quot;_animation&quot;:&quot;slideInUp&quot;}\" data-widget_type=\"image.default\">\n\t\t\t\t<div class=\"elementor-widget-container\">\n\t\t\t\t\t\t\t\t<div class=\"elementor-image\">\n\t\t\t\t\t\t\t\t\t\t\t\t<img width=\"1000\" height=\"523\" src=\"https:\/\/colibanprimar.ro\/campanie2020\/wordpress2020\/wp-content\/uploads\/2020\/06\/bugetare-participativa-5.jpg\" class=\"attachment-large size-large\" alt=\"Dezbatere bugetare participativa Brasov\" loading=\"lazy\" srcset=\"https:\/\/colibanprimar.ro\/campanie2020\/wordpress2020\/wp-content\/uploads\/2020\/06\/bugetare-participativa-5.jpg 1000w, https:\/\/colibanprimar.ro\/campanie2020\/wordpress2020\/wp-content\/uploads\/2020\/06\/bugetare-participativa-5-300x157.jpg 300w, https:\/\/colibanprimar.ro\/campanie2020\/wordpress2020\/wp-content\/uploads\/2020\/06\/bugetare-participativa-5-768x402.jpg 768w\" sizes=\"(max-width: 1000px) 100vw, 1000px\" \/>\t\t\t\t\t\t\t\t\t\t\t\t\t\t<\/div>\n\t\t\t\t\t\t<\/div>\n\t\t\t\t<\/div>\n\t\t\t\t<div class=\"elementor-element elementor-element-a72d98e elementor-widget elementor-widget-text-editor\" data-id=\"a72d98e\" data-element_type=\"widget\" data-widget_type=\"text-editor.default\">\n\t\t\t\t<div class=\"elementor-widget-container\">\n\t\t\t\t\t\t\t\t<div class=\"elementor-text-editor elementor-clearfix\">\n\t\t\t\t<p><strong>\u00cen 31 ianuarie, USR Bra\u0219ov a organizat singura <span style=\"text-decoration: underline;\"><a href=\"https:\/\/brasov.usr.ro\/concluzii-dezbatere-publica-bugetarea-participativa\" target=\"_blank\" rel=\"noopener\">dezbatere public\u0103 dedicat\u0103 implement\u0103rii buget\u0103rii participative \u00een Bra\u0219ov<\/a><\/span>.<br><\/strong><\/p>\n<p>Al\u0103turi de mine s-au aflat deputatul <span style=\"text-decoration: underline;\"><a href=\"https:\/\/www.facebook.com\/TudorBengaUSR\/\">Tudor Benga<\/a><\/span>, cel care a cerut \u0219i ob<span style=\"font-weight: 400;\">\u021b<\/span>inut implementarea acestui mecanism \u00een Mun. Bra\u0219ov, <span style=\"text-decoration: underline;\"><a href=\"https:\/\/www.facebook.com\/Bogdan-Micu-313539089036100\/\">Bogdan Micu<\/a><\/span>, \u00een calitate de consilier al primarului Scripcaru, <span style=\"text-decoration: underline;\"><a href=\"https:\/\/www.facebook.com\/lala.panait\">Laura Panait<\/a><\/span>, activist civic implicat \u00een mai multe proiecte de bugetare participativ\u0103, \u0219i colegul meu <span style=\"text-decoration: underline;\"><a href=\"https:\/\/www.facebook.com\/Ioan-Corbu-1122772901231514\/\">Ioan Corbu<\/a><\/span>.<\/p>\n<p>Bugetul participativ este un instrument ce permite implicarea cet\u0103\u021benilor \u00een luarea unor decizii \u00een&nbsp; ceea ce prive\u0219te dezvoltarea comunit\u0103\u021bii \u00een care tr\u0103iesc. Principiul e simplu: prim\u0103ria aloc\u0103 o parte din bugetul anual pentru aceste proiecte dup\u0103 care cet\u0103\u021benii vin cu propuneri referitoare la ceea ce trebuie \u00eembun\u0103t\u0103\u021bit \u00een comunitatea lor (strad\u0103, cartier sau localitate).<\/p>\n<p>Administra\u021bia are rolul de a-i informa pe cet\u0103\u021beni despre mecanismul \u0219i etapele prev\u0103zute, de a-i asista \u0219i de a verifica fezabilitatea proiectelor dup\u0103 depunere. Proiectele eligibile se supun unui proces de votare, iar celor declarate c\u00e2\u0219tig\u0103toare li se acord\u0103 bugetele aferente.<\/p>\n<p>Prima administra\u021bie care a implementat bugetarea participativ\u0103 \u00een Rom\u00e2nia a fost cea a municipiului Cluj-Napoca, \u00een 2013, \u0219i constituie azi modelul de referin\u021b\u0103 pentru \u021bara noastr\u0103. Perioada aleas\u0103 pentru proiecte pe buget participativ este \u00eentre \u00eenceputul lui iulie \u0219i sf\u00e2r\u0219itul lunii octombrie, adic\u0103 aproximativ trei luni \u0219i jum\u0103tate \u00een var\u0103-toamn\u0103, timp \u00een care primarul \u0219i speciali\u0219tii din prim\u0103rie organizeaz\u0103 dezbateri \u0219i-i asist\u0103 pe cet\u0103\u021benii dornici s\u0103 fac\u0103 propuneri.<\/p>\n<p>Dup\u0103 ce a fost anun\u021bat\u0103 pentru 2019, proiectul buget\u0103rii participative a fost am\u00e2nat de primarul Scripcaru pentru anul electoral 2020.<\/p>\n<p>Am atras aten\u021bia asupra faptului c\u0103 primarul \u0219i aparatul tehnic al prim\u0103riei nu au organizat dezbateri publice pentru a-i l\u0103muri pe bra\u0219oveni despre toate aspectele ce \u021bin de bugetarea participativ\u0103 \u0219i le-am cerut s-o fac\u0103 p\u00e2n\u0103 la terminarea etapei de depunerea proiectelor. Nu au dorit s\u0103 interac\u021bioneze cu cet\u0103\u021benii, singura dezbatere public\u0103 pe subiectul buget\u0103rii participative a r\u0103mas cea organizat\u0103 de noi.<\/p>\n<p>Cred c\u0103 este necesar\u0103 o distribu\u021bie a proiectelor pe cartiere astfel \u00eenc\u00e2t s\u0103 nu beneficieze de acest buget participativ doar dou\u0103 &#8211; trei cartiere. Cartierele cu mai pu\u021bine bunuri \u0219i spa\u021bii publice ar trebui s\u0103 beneficieze de aloc\u0103ri mai mari.<\/p>\n<p>Este foarte important\u0103 \u00eenchegarea de micro-comunit\u0103\u021bi la nivelul cartierelor sau str\u0103zilor, care s\u0103 sus\u021bin\u0103 proiectele importante \u00een zonele lor. De asemenea, e important ca procesul de votare s\u0103 fie disponibil \u0219i offline pentru c\u0103 to\u021bi cet\u0103\u021benii ar trebui s\u0103 aib\u0103 \u0219ansa de a alege pe ce proiecte s\u0103 se duc\u0103 banii prim\u0103riei.<\/p>\t\t\t\t\t<\/div>\n\t\t\t\t\t\t<\/div>\n\t\t\t\t<\/div>\n\t\t\t\t<div class=\"elementor-element elementor-element-5ed8fd9 elementor-invisible elementor-widget elementor-widget-image\" data-id=\"5ed8fd9\" data-element_type=\"widget\" data-settings=\"{&quot;_animation&quot;:&quot;slideInUp&quot;}\" data-widget_type=\"image.default\">\n\t\t\t\t<div class=\"elementor-widget-container\">\n\t\t\t\t\t\t\t\t<div class=\"elementor-image\">\n\t\t\t\t\t\t\t\t\t\t\t\t<img width=\"1000\" height=\"667\" src=\"https:\/\/colibanprimar.ro\/campanie2020\/wordpress2020\/wp-content\/uploads\/2020\/06\/bugetare-participativa-1.jpg\" class=\"attachment-large size-large\" alt=\"Dezbatere bugetare participativa Brasov\" loading=\"lazy\" srcset=\"https:\/\/colibanprimar.ro\/campanie2020\/wordpress2020\/wp-content\/uploads\/2020\/06\/bugetare-participativa-1.jpg 1000w, https:\/\/colibanprimar.ro\/campanie2020\/wordpress2020\/wp-content\/uploads\/2020\/06\/bugetare-participativa-1-300x200.jpg 300w, https:\/\/colibanprimar.ro\/campanie2020\/wordpress2020\/wp-content\/uploads\/2020\/06\/bugetare-participativa-1-768x512.jpg 768w, https:\/\/colibanprimar.ro\/campanie2020\/wordpress2020\/wp-content\/uploads\/2020\/06\/bugetare-participativa-1-728x485.jpg 728w\" sizes=\"(max-width: 1000px) 100vw, 1000px\" \/>\t\t\t\t\t\t\t\t\t\t\t\t\t\t<\/div>\n\t\t\t\t\t\t<\/div>\n\t\t\t\t<\/div>\n\t\t\t\t<div class=\"elementor-element elementor-element-7920d3c elementor-widget elementor-widget-text-editor\" data-id=\"7920d3c\" data-element_type=\"widget\" data-settings=\"{&quot;_animation&quot;:&quot;none&quot;}\" data-widget_type=\"text-editor.default\">\n\t\t\t\t<div class=\"elementor-widget-container\">\n\t\t\t\t\t\t\t\t<div class=\"elementor-text-editor elementor-clearfix\">\n\t\t\t\t<p>Am cerut ca \u00een comisiile de evaluare s\u0103 fie \u0219i reprezentan\u021bi ai societ\u0103\u021bii civile, procesul s\u0103 fie unul transparent pentru oricine dore\u0219te s\u0103 participe \u0219i fiecare om care a depus un proiect s\u0103 primeasc\u0103 motiva\u021bia admiterii sau respingerii proiectului s\u0103u.\u00a0<\/p><p>Nu \u00een ultimul r\u00e2nd, am atras aten\u021bia ca \u00eentre lucr\u0103rile admise pe bugetare participativ\u0103 s\u0103 nu fie toalet\u0103ri ale arborilor, astuparea unor gropi, \u00eenlocuirea unor b\u0103nci \u00een parcuri pentru c\u0103 exist\u0103 deja bugete prev\u0103zute \u00een acest sens. \u201dReparare\u201d, \u201drenovare\u201d \u0219i \u201d\u00eentre\u021binere\u201d &#8211; aceste obiective specifice se reg\u0103sesc la \u0219ase din cele opt capitole de bugetare participativ\u0103 \u0219i, \u00een mod normal, aceste lucr\u0103ri ar trebui s\u0103 fie cuprinse deja \u00een bugetul anual.<\/p><p>Per ansamblu, am constatat \u00eempreun\u0103 cu invita\u021bii mei c\u0103 procesul buget\u0103rii participative de la Bra\u0219ov este unul pu\u021bin transparent, c\u0103 exist\u0103 suspiciuni de fraud\u0103 \u0219i am cerut reviziurea regulamentului \u00een timp util.<\/p>\t\t\t\t\t<\/div>\n\t\t\t\t\t\t<\/div>\n\t\t\t\t<\/div>\n\t\t\t\t<div class=\"elementor-element elementor-element-9b0e423 elementor-widget elementor-widget-gallery\" data-id=\"9b0e423\" data-element_type=\"widget\" data-settings=\"{&quot;columns&quot;:3,&quot;aspect_ratio&quot;:&quot;4:3&quot;,&quot;lazyload&quot;:&quot;yes&quot;,&quot;gallery_layout&quot;:&quot;grid&quot;,&quot;columns_tablet&quot;:2,&quot;columns_mobile&quot;:1,&quot;gap&quot;:{&quot;unit&quot;:&quot;px&quot;,&quot;size&quot;:10,&quot;sizes&quot;:[]},&quot;gap_tablet&quot;:{&quot;unit&quot;:&quot;px&quot;,&quot;size&quot;:10,&quot;sizes&quot;:[]},&quot;gap_mobile&quot;:{&quot;unit&quot;:&quot;px&quot;,&quot;size&quot;:10,&quot;sizes&quot;:[]},&quot;link_to&quot;:&quot;file&quot;,&quot;overlay_background&quot;:&quot;yes&quot;,&quot;content_hover_animation&quot;:&quot;fade-in&quot;}\" data-widget_type=\"gallery.default\">\n\t\t\t\t<div class=\"elementor-widget-container\">\n\t\t\t\t\t<div class=\"elementor-gallery__container\">\n\t\t\t\t\t\t\t<a class=\"e-gallery-item elementor-gallery-item elementor-animated-content\" href=\"https:\/\/colibanprimar.ro\/campanie2020\/wordpress2020\/wp-content\/uploads\/2020\/06\/bugetare-participativa-2.jpg\" data-elementor-open-lightbox=\"yes\" data-elementor-lightbox-slideshow=\"all-9b0e423\">\n\t\t\t\t\t<div class=\"e-gallery-image elementor-gallery-item__image\" data-thumbnail=\"https:\/\/colibanprimar.ro\/campanie2020\/wordpress2020\/wp-content\/uploads\/2020\/06\/bugetare-participativa-2-570x392.jpg\" data-width=\"570\" data-height=\"392\" alt=\"Dezbatere bugetare participativa Brasov\" ><\/div>\n\t\t\t\t\t\t\t\t\t\t<div class=\"elementor-gallery-item__overlay\"><\/div>\n\t\t\t\t\t\t\t\t\t\t\t\t\t\t<\/a>\n\t\t\t\t\t\t\t<a class=\"e-gallery-item elementor-gallery-item elementor-animated-content\" href=\"https:\/\/colibanprimar.ro\/campanie2020\/wordpress2020\/wp-content\/uploads\/2020\/06\/bugetare-participativa-3.jpg\" data-elementor-open-lightbox=\"yes\" data-elementor-lightbox-slideshow=\"all-9b0e423\">\n\t\t\t\t\t<div class=\"e-gallery-image elementor-gallery-item__image\" data-thumbnail=\"https:\/\/colibanprimar.ro\/campanie2020\/wordpress2020\/wp-content\/uploads\/2020\/06\/bugetare-participativa-3-570x392.jpg\" data-width=\"570\" data-height=\"392\" alt=\"Dezbatere bugetare participativa Brasov\" ><\/div>\n\t\t\t\t\t\t\t\t\t\t<div class=\"elementor-gallery-item__overlay\"><\/div>\n\t\t\t\t\t\t\t\t\t\t\t\t\t\t<\/a>\n\t\t\t\t\t\t\t<a class=\"e-gallery-item elementor-gallery-item elementor-animated-content\" href=\"https:\/\/colibanprimar.ro\/campanie2020\/wordpress2020\/wp-content\/uploads\/2020\/06\/bugetare-participativa-4.jpg\" data-elementor-open-lightbox=\"yes\" data-elementor-lightbox-slideshow=\"all-9b0e423\">\n\t\t\t\t\t<div class=\"e-gallery-image elementor-gallery-item__image\" data-thumbnail=\"https:\/\/colibanprimar.ro\/campanie2020\/wordpress2020\/wp-content\/uploads\/2020\/06\/bugetare-participativa-4-570x392.jpg\" data-width=\"570\" data-height=\"392\" alt=\"Dezbatere bugetare participativa Brasov\" ><\/div>\n\t\t\t\t\t\t\t\t\t\t<div class=\"elementor-gallery-item__overlay\"><\/div>\n\t\t\t\t\t\t\t\t\t\t\t\t\t\t<\/a>\n\t\t\t\t\t<\/div>\n\t\t\t<\/div>\n\t\t\t\t<\/div>\n\t\t\t\t<div class=\"elementor-element elementor-element-95b913c elementor-widget elementor-widget-text-editor\" data-id=\"95b913c\" data-element_type=\"widget\" data-settings=\"{&quot;_animation&quot;:&quot;none&quot;}\" data-widget_type=\"text-editor.default\">\n\t\t\t\t<div class=\"elementor-widget-container\">\n\t\t\t\t\t\t\t\t<div class=\"elementor-text-editor elementor-clearfix\">\n\t\t\t\t<p>\u00cen s\u0103pt\u0103m\u00e2nile care au urmat dup\u0103 dezbatere, s-au confirmat suspiciunile de fraud\u0103\u00a0 \u0219i c\u0103 tot procesul este unul viciat. Dincolo de problemele de ordin legal \u0219i moral, se pierde energia cet\u0103\u021benilor dornici s\u0103 se implice \u00een comunitate, se pierd resurse foarte valoroase pentru Bra\u0219ov c\u00e2nd tu, prim\u0103rie, \u00ee\u021bi ba\u021bi joc de munca \u0219i de dorin\u021bele oamenilor.<\/p><p>De aceea, am cerut \u00een \u0219edin\u021ba Consiliului Local din 30 aprilie anularea apelului de proiecte \u0219i revenirea cu un program corect preg\u0103tit, spre finalul acestui an. Un program transparent, cu implicarea speciali\u0219tilor \u0219i a societ\u0103\u021bii civile. Echipa USR le st\u0103 la dispozi\u021bie pentru consultan\u021b\u0103.<\/p>\t\t\t\t\t<\/div>\n\t\t\t\t\t\t<\/div>\n\t\t\t\t<\/div>\n\t\t\t\t\t\t<\/div>\n\t\t\t\t\t<\/div>\n\t\t<\/div>\n\t\t\t\t<div class=\"elementor-column elementor-col-50 elementor-top-column elementor-element elementor-element-fff874b\" data-id=\"fff874b\" data-element_type=\"column\" data-settings=\"{&quot;motion_fx_motion_fx_scrolling&quot;:&quot;yes&quot;,&quot;motion_fx_translateY_effect&quot;:&quot;yes&quot;,&quot;motion_fx_translateY_speed&quot;:{&quot;unit&quot;:&quot;px&quot;,&quot;size&quot;:3.9,&quot;sizes&quot;:[]},&quot;motion_fx_translateY_affectedRange&quot;:{&quot;unit&quot;:&quot;%&quot;,&quot;size&quot;:&quot;&quot;,&quot;sizes&quot;:{&quot;start&quot;:18,&quot;end&quot;:88}},&quot;motion_fx_devices&quot;:[&quot;desktop&quot;,&quot;tablet&quot;,&quot;mobile&quot;]}\">\n\t\t\t<div class=\"elementor-column-wrap elementor-element-populated\">\n\t\t\t\t\t\t\t<div class=\"elementor-widget-wrap\">\n\t\t\t\t\t\t<div class=\"elementor-element elementor-element-dd8c6a9 elementor-widget elementor-widget-image\" data-id=\"dd8c6a9\" data-element_type=\"widget\" data-widget_type=\"image.default\">\n\t\t\t\t<div class=\"elementor-widget-container\">\n\t\t\t\t\t\t\t\t<div class=\"elementor-image\">\n\t\t\t\t\t\t\t\t\t\t\t\t<img width=\"600\" height=\"600\" src=\"https:\/\/colibanprimar.ro\/campanie2020\/wordpress2020\/wp-content\/uploads\/2020\/06\/allen-coliban-3.jpg\" class=\"attachment-large size-large\" alt=\"Allen Coliban profil\" loading=\"lazy\" srcset=\"https:\/\/colibanprimar.ro\/campanie2020\/wordpress2020\/wp-content\/uploads\/2020\/06\/allen-coliban-3.jpg 600w, https:\/\/colibanprimar.ro\/campanie2020\/wordpress2020\/wp-content\/uploads\/2020\/06\/allen-coliban-3-300x300.jpg 300w, https:\/\/colibanprimar.ro\/campanie2020\/wordpress2020\/wp-content\/uploads\/2020\/06\/allen-coliban-3-150x150.jpg 150w, https:\/\/colibanprimar.ro\/campanie2020\/wordpress2020\/wp-content\/uploads\/2020\/06\/allen-coliban-3-50x50.jpg 50w, https:\/\/colibanprimar.ro\/campanie2020\/wordpress2020\/wp-content\/uploads\/2020\/06\/allen-coliban-3-100x100.jpg 100w\" sizes=\"(max-width: 600px) 100vw, 600px\" \/>\t\t\t\t\t\t\t\t\t\t\t\t\t\t<\/div>\n\t\t\t\t\t\t<\/div>\n\t\t\t\t<\/div>\n\t\t\t\t<div class=\"elementor-element elementor-element-b9fc36a elementor-align-center elementor-widget elementor-widget-global elementor-global-712 elementor-widget-button\" data-id=\"b9fc36a\" data-element_type=\"widget\" data-widget_type=\"button.default\">\n\t\t\t\t<div class=\"elementor-widget-container\">\n\t\t\t\t\t<div class=\"elementor-button-wrapper\">\n\t\t\t<a href=\"https:\/\/colibanprimar.ro\/campanie2020\/pentru-brasov\" class=\"elementor-button-link elementor-button elementor-size-sm\" role=\"button\">\n\t\t\t\t\t\t<span class=\"elementor-button-content-wrapper\">\n\t\t\t\t\t\t<span class=\"elementor-button-text\">Vezi toate proiectele<\/span>\n\t\t<\/span>\n\t\t\t\t\t<\/a>\n\t\t<\/div>\n\t\t\t\t<\/div>\n\t\t\t\t<\/div>\n\t\t\t\t\t\t<\/div>\n\t\t\t\t\t<\/div>\n\t\t<\/div>\n\t\t\t\t\t\t\t\t<\/div>\n\t\t\t\t\t<\/div>\n\t\t<\/section>\n\t\t\t\t<section class=\"elementor-section elementor-top-section elementor-element elementor-element-f254e88 elementor-section-boxed elementor-section-height-default elementor-section-height-default\" data-id=\"f254e88\" data-element_type=\"section\">\n\t\t\t\t\t\t<div class=\"elementor-container elementor-column-gap-default\">\n\t\t\t\t\t\t\t<div class=\"elementor-row\">\n\t\t\t\t\t<div class=\"elementor-column elementor-col-100 elementor-top-column elementor-element elementor-element-5e16a02\" data-id=\"5e16a02\" data-element_type=\"column\">\n\t\t\t<div class=\"elementor-column-wrap elementor-element-populated\">\n\t\t\t\t\t\t\t<div class=\"elementor-widget-wrap\">\n\t\t\t\t\t\t<div class=\"elementor-element elementor-element-1bfaf16 elementor-widget elementor-widget-template\" data-id=\"1bfaf16\" data-element_type=\"widget\" data-widget_type=\"template.default\">\n\t\t\t\t<div class=\"elementor-widget-container\">\n\t\t\t\t\t<div class=\"elementor-template\">\n\t\t\t\t\t<div data-elementor-type=\"section\" data-elementor-id=\"550\" class=\"elementor elementor-550\" data-elementor-settings=\"[]\">\n\t\t<div class=\"elementor-section-wrap\">\n\t\t\t\t\t<section class=\"elementor-section elementor-top-section elementor-element elementor-element-28b52a65 elementor-section-stretched elementor-section-boxed elementor-section-height-default elementor-section-height-default\" data-id=\"28b52a65\" data-element_type=\"section\" data-settings=\"{&quot;stretch_section&quot;:&quot;section-stretched&quot;,&quot;background_background&quot;:&quot;classic&quot;}\">\n\t\t\t\t\t\t<div class=\"elementor-container elementor-column-gap-default\">\n\t\t\t\t\t\t\t<div class=\"elementor-row\">\n\t\t\t\t\t<div class=\"elementor-column elementor-col-100 elementor-top-column elementor-element elementor-element-63806d88\" data-id=\"63806d88\" data-element_type=\"column\">\n\t\t\t<div class=\"elementor-column-wrap elementor-element-populated\">\n\t\t\t\t\t\t\t<div class=\"elementor-widget-wrap\">\n\t\t\t\t\t\t<div class=\"elementor-element elementor-element-422d1143 elementor-widget elementor-widget-heading\" data-id=\"422d1143\" data-element_type=\"widget\" data-widget_type=\"heading.default\">\n\t\t\t\t<div class=\"elementor-widget-container\">\n\t\t\t<h2 class=\"elementor-heading-title elementor-size-xl\">Implic\u0103-te \u00een dezvoltarea Bra\u0219ovului!<\/h2>\t\t<\/div>\n\t\t\t\t<\/div>\n\t\t\t\t<div class=\"elementor-element elementor-element-42f577f4 elementor-widget elementor-widget-text-editor\" data-id=\"42f577f4\" data-element_type=\"widget\" data-widget_type=\"text-editor.default\">\n\t\t\t\t<div class=\"elementor-widget-container\">\n\t\t\t\t\t\t\t\t<div class=\"elementor-text-editor elementor-clearfix\">\n\t\t\t\t<p>Toate marile schimb\u0103ri politice din ultimii ani s-au \u00eent\u00e2mplat pentru c\u0103 cet\u0103\u021benii au decis s\u0103 nu stea deoparte. Primul pas este s\u0103 fii informat.<\/p><p>\u00cen fiecare s\u0103pt\u0103m\u00e2n\u0103, trimit bra\u0219ovenilor pe e-mail detalii legate de activitatea pentru Bra\u0219ov, ini\u021biative ale societ\u0103\u021bii civile, nout\u0103\u021bi despre administra\u021bia ora\u0219ului.<\/p>\t\t\t\t\t<\/div>\n\t\t\t\t\t\t<\/div>\n\t\t\t\t<\/div>\n\t\t\t\t<div class=\"elementor-element elementor-element-71c1b96c newsletter-voluntari elementor-widget elementor-widget-webify-newsletter-widget\" data-id=\"71c1b96c\" data-element_type=\"widget\" data-widget_type=\"webify-newsletter-widget.default\">\n\t\t\t\t<div class=\"elementor-widget-container\">\n\t\t\t        <div class=\"tb-border style1\">\r\n          <div class=\"tb-subscribe-heading text-center\">\r\n            <div class=\"empty-space marg-lg-b25\"><\/div>\r\n            <h3 class=\"tb-f18-lg tb-line23-lg  tb-font-name tb-m0\"><\/h3>\r\n            <p class=\"tb-m0 \"><\/p>\r\n            <div class=\"empty-space marg-lg-b25\"><\/div>\r\n          <\/div>\r\n          <hr>\r\n                      <script>(function() {\n\twindow.mc4wp = window.mc4wp || {\n\t\tlisteners: [],\n\t\tforms: {\n\t\t\ton: function(evt, cb) {\n\t\t\t\twindow.mc4wp.listeners.push(\n\t\t\t\t\t{\n\t\t\t\t\t\tevent   : evt,\n\t\t\t\t\t\tcallback: cb\n\t\t\t\t\t}\n\t\t\t\t);\n\t\t\t}\n\t\t}\n\t}\n})();\n<\/script><!-- Mailchimp for WordPress v4.8.6 - https:\/\/wordpress.org\/plugins\/mailchimp-for-wp\/ --><form id=\"mc4wp-form-1\" class=\"mc4wp-form mc4wp-form-28 tb-mc4wp-form\" method=\"post\" data-id=\"28\" data-name=\"Voluntari\" ><div class=\"mc4wp-form-fields\"><p>\r\n<label>Prenume : <\/label>\r\n<input type=\"text\" name=\"FNAME\" placeholder=\"Numele t\u0103u\" required=\"\" \/>\r\n<\/p>\r\n<p>\r\n\t<label>E-mail: <\/label>\r\n\t\t<input type=\"email\" name=\"EMAIL\" placeholder=\"E-mail (cea pe care o verifici)\" required=\"\" \/>\r\n<\/p>\r\n<p>\r\n        <input name=\"AGREE_TO_TERMS\" type=\"checkbox\" value=\"1\" required=\"\" class=\"checkbox\"> Sunt de acord cu <a href=\"https:\/\/colibanprimar.ro\/termeni-si-conditii-de-confidentialitate\"\r\n        target=\"_blank\">politica de confiden\u0163ialitate<\/a>\r\n<\/p> \r\n<p>\r\n\t<input type=\"submit\" value=\"Vreau s\u0103 m\u0103 implic!\" \/>\r\n<\/p>\r\n\r\n\r\n<\/div><label style=\"display: none !important;\">Leave this field empty if you're human: <input type=\"text\" name=\"_mc4wp_honeypot\" value=\"\" tabindex=\"-1\" autocomplete=\"off\" \/><\/label><input type=\"hidden\" name=\"_mc4wp_timestamp\" value=\"1776675299\" \/><input type=\"hidden\" name=\"_mc4wp_form_id\" value=\"28\" \/><input type=\"hidden\" name=\"_mc4wp_form_element_id\" value=\"mc4wp-form-1\" \/><div class=\"mc4wp-response\"><\/div><\/form><!-- \/ Mailchimp for WordPress Plugin -->                  <\/div>\r\n        \t\t<\/div>\n\t\t\t\t<\/div>\n\t\t\t\t\t\t<\/div>\n\t\t\t\t\t<\/div>\n\t\t<\/div>\n\t\t\t\t\t\t\t\t<\/div>\n\t\t\t\t\t<\/div>\n\t\t<\/section>\n\t\t\t\t<\/div>\n\t\t<\/div>\n\t\t\t\t<\/div>\n\t\t\t\t<\/div>\n\t\t\t\t<\/div>\n\t\t\t\t\t\t<\/div>\n\t\t\t\t\t<\/div>\n\t\t<\/div>\n\t\t\t\t\t\t\t\t<\/div>\n\t\t\t\t\t<\/div>\n\t\t<\/section>\n\t\t\t\t\t\t<\/div>\n\t\t\t\t\t\t<\/div>\n\t\t\t\t\t<\/div>\n\t\t","protected":false},"excerpt":{"rendered":"<p>Dezbatere public\u0103 &#8211; Bugetarea Participativ\u0103 Proiectele tale, finan\u021bate din banii Prim\u0103rie Bra\u0219ov \u00cen 31 ianuarie, USR Bra\u0219ov a organizat singura dezbatere public\u0103 dedicat\u0103 implement\u0103rii buget\u0103rii participative \u00een Bra\u0219ov. Al\u0103turi de mine s-au aflat deputatul Tudor Benga, cel care a cerut \u0219i ob\u021binut implementarea acestui mecanism \u00een Mun. Bra\u0219ov, Bogdan Micu, \u00een calitate de consilier al [&hellip;]<\/p>\n","protected":false},"author":1,"featured_media":0,"parent":434,"menu_order":0,"comment_status":"closed","ping_status":"closed","template":"","meta":[],"_links":{"self":[{"href":"https:\/\/colibanprimar.ro\/campanie2020\/wp-json\/wp\/v2\/pages\/740"}],"collection":[{"href":"https:\/\/colibanprimar.ro\/campanie2020\/wp-json\/wp\/v2\/pages"}],"about":[{"href":"https:\/\/colibanprimar.ro\/campanie2020\/wp-json\/wp\/v2\/types\/page"}],"author":[{"embeddable":true,"href":"https:\/\/colibanprimar.ro\/campanie2020\/wp-json\/wp\/v2\/users\/1"}],"replies":[{"embeddable":true,"href":"https:\/\/colibanprimar.ro\/campanie2020\/wp-json\/wp\/v2\/comments?post=740"}],"version-history":[{"count":0,"href":"https:\/\/colibanprimar.ro\/campanie2020\/wp-json\/wp\/v2\/pages\/740\/revisions"}],"up":[{"embeddable":true,"href":"https:\/\/colibanprimar.ro\/campanie2020\/wp-json\/wp\/v2\/pages\/434"}],"wp:attachment":[{"href":"https:\/\/colibanprimar.ro\/campanie2020\/wp-json\/wp\/v2\/media?parent=740"}],"curies":[{"name":"wp","href":"https:\/\/api.w.org\/{rel}","templated":true}]}}