{"id":73,"date":"2020-03-04T11:50:35","date_gmt":"2020-03-04T11:50:35","guid":{"rendered":"https:\/\/colibanprimar.ro\/wordpress2020\/?page_id=73"},"modified":"2020-08-27T19:13:07","modified_gmt":"2020-08-27T19:13:07","slug":"doneaza","status":"publish","type":"page","link":"https:\/\/colibanprimar.ro\/campanie2020\/doneaza\/","title":{"rendered":"Doneaz\u0103"},"content":{"rendered":"\t\t<div data-elementor-type=\"wp-page\" data-elementor-id=\"73\" class=\"elementor elementor-73\" data-elementor-settings=\"[]\">\n\t\t\t\t\t\t<div class=\"elementor-inner\">\n\t\t\t\t\t\t\t<div class=\"elementor-section-wrap\">\n\t\t\t\t\t\t\t<section class=\"elementor-section elementor-top-section elementor-element elementor-element-18371a8 elementor-section-stretched elementor-section-content-top top-section-clean elementor-reverse-mobile elementor-section-boxed elementor-section-height-default elementor-section-height-default\" data-id=\"18371a8\" data-element_type=\"section\" data-settings=\"{&quot;stretch_section&quot;:&quot;section-stretched&quot;,&quot;background_background&quot;:&quot;classic&quot;}\">\n\t\t\t\t\t\t<div class=\"elementor-container elementor-column-gap-default\">\n\t\t\t\t\t\t\t<div class=\"elementor-row\">\n\t\t\t\t\t<div class=\"elementor-column elementor-col-100 elementor-top-column elementor-element elementor-element-a1ff36a\" data-id=\"a1ff36a\" data-element_type=\"column\">\n\t\t\t<div class=\"elementor-column-wrap elementor-element-populated\">\n\t\t\t\t\t\t\t<div class=\"elementor-widget-wrap\">\n\t\t\t\t\t\t<div class=\"elementor-element elementor-element-0b435fb elementor-widget elementor-widget-heading\" data-id=\"0b435fb\" data-element_type=\"widget\" id=\"doneaza\" data-widget_type=\"heading.default\">\n\t\t\t\t<div class=\"elementor-widget-container\">\n\t\t\t<h1 class=\"elementor-heading-title elementor-size-default\">V\u0103 mul\u021bumesc! <\/h1>\t\t<\/div>\n\t\t\t\t<\/div>\n\t\t\t\t\t\t<\/div>\n\t\t\t\t\t<\/div>\n\t\t<\/div>\n\t\t\t\t\t\t\t\t<\/div>\n\t\t\t\t\t<\/div>\n\t\t<\/section>\n\t\t\t\t<section class=\"elementor-section elementor-top-section elementor-element elementor-element-26f3e1d elementor-section-stretched elementor-section-content-middle top-section-clean elementor-reverse-mobile elementor-section-boxed elementor-section-height-default elementor-section-height-default\" data-id=\"26f3e1d\" data-element_type=\"section\" data-settings=\"{&quot;stretch_section&quot;:&quot;section-stretched&quot;,&quot;background_background&quot;:&quot;classic&quot;}\">\n\t\t\t\t\t\t<div class=\"elementor-container elementor-column-gap-default\">\n\t\t\t\t\t\t\t<div class=\"elementor-row\">\n\t\t\t\t\t<div class=\"elementor-column elementor-col-50 elementor-top-column elementor-element elementor-element-a9d4cb7\" data-id=\"a9d4cb7\" data-element_type=\"column\">\n\t\t\t<div class=\"elementor-column-wrap elementor-element-populated\">\n\t\t\t\t\t\t\t<div class=\"elementor-widget-wrap\">\n\t\t\t\t\t\t<div class=\"elementor-element elementor-element-732296d elementor-widget elementor-widget-counter\" data-id=\"732296d\" data-element_type=\"widget\" data-widget_type=\"counter.default\">\n\t\t\t\t<div class=\"elementor-widget-container\">\n\t\t\t\t\t<div class=\"elementor-counter\">\n\t\t\t<div class=\"elementor-counter-number-wrapper\">\n\t\t\t\t<span class=\"elementor-counter-number-prefix\"><\/span>\n\t\t\t\t<span class=\"elementor-counter-number\" data-duration=\"2000\" data-to-value=\"38475\" data-from-value=\"10000\" data-delimiter=\",\">10000<\/span>\n\t\t\t\t<span class=\"elementor-counter-number-suffix\"> Eur<\/span>\n\t\t\t<\/div>\n\t\t\t\t\t\t\t<div class=\"elementor-counter-title\">am str\u00e2ns \u00eempreun\u0103 \u00een precampanie<\/div>\n\t\t\t\t\t<\/div>\n\t\t\t\t<\/div>\n\t\t\t\t<\/div>\n\t\t\t\t<div class=\"elementor-element elementor-element-2871b1d elementor-widget elementor-widget-text-editor\" data-id=\"2871b1d\" data-element_type=\"widget\" data-widget_type=\"text-editor.default\">\n\t\t\t\t<div class=\"elementor-widget-container\">\n\t\t\t\t\t\t\t\t<div class=\"elementor-text-editor elementor-clearfix\">\n\t\t\t\t<p>Cu ajutorul vostru, mesajul nostru a ajuns la to\u021bi bra\u0219ovenii. <br \/>Banii din dona\u021bii au fost investi\u021bi \u00een:<\/p>\t\t\t\t\t<\/div>\n\t\t\t\t\t\t<\/div>\n\t\t\t\t<\/div>\n\t\t\t\t<div class=\"elementor-element elementor-element-ea80e80 elementor-widget elementor-widget-dragfy-addons-progress-bar\" data-id=\"ea80e80\" data-element_type=\"widget\" data-widget_type=\"dragfy-addons-progress-bar.default\">\n\t\t\t\t<div class=\"elementor-widget-container\">\n\t\t\t          <div class=\"df-box-shadow1 df-progressbar df-style1\">\r\n\r\n            \r\n              <div class=\"df-single-progressbar\">\r\n                <div class=\"df-single-bar-title\">\r\n                  <span class=\"df-grayb5b5b5-c df-progressbar-title\">Campanie de publicitate \u00een online<\/span>\r\n                  <span class=\"df-progressbar-label\">10.000 Eur<\/span>\r\n                <\/div>\r\n                <div class=\"df-single-bar\" data-progress-percentage=\"100\">\r\n                  <div class=\"df-single-bar-in\"><\/div>\r\n                <\/div>\r\n              <\/div>\r\n\r\n            \r\n              <div class=\"df-single-progressbar\">\r\n                <div class=\"df-single-bar-title\">\r\n                  <span class=\"df-grayb5b5b5-c df-progressbar-title\">10.000 de stickere + 3.000 de insigne + 20 corturi<\/span>\r\n                  <span class=\"df-progressbar-label\">10.000 Eur<\/span>\r\n                <\/div>\r\n                <div class=\"df-single-bar\" data-progress-percentage=\"100\">\r\n                  <div class=\"df-single-bar-in\"><\/div>\r\n                <\/div>\r\n              <\/div>\r\n\r\n            \r\n              <div class=\"df-single-progressbar\">\r\n                <div class=\"df-single-bar-title\">\r\n                  <span class=\"df-grayb5b5b5-c df-progressbar-title\">1.000 de tricouri<\/span>\r\n                  <span class=\"df-progressbar-label\">5.000 Eur<\/span>\r\n                <\/div>\r\n                <div class=\"df-single-bar\" data-progress-percentage=\"100\">\r\n                  <div class=\"df-single-bar-in\"><\/div>\r\n                <\/div>\r\n              <\/div>\r\n\r\n            \r\n              <div class=\"df-single-progressbar\">\r\n                <div class=\"df-single-bar-title\">\r\n                  <span class=\"df-grayb5b5b5-c df-progressbar-title\">10 panouri outdoor \u00een oras<\/span>\r\n                  <span class=\"df-progressbar-label\">10.000 Eur<\/span>\r\n                <\/div>\r\n                <div class=\"df-single-bar\" data-progress-percentage=\"1000\">\r\n                  <div class=\"df-single-bar-in\"><\/div>\r\n                <\/div>\r\n              <\/div>\r\n\r\n            \r\n              <div class=\"df-single-progressbar\">\r\n                <div class=\"df-single-bar-title\">\r\n                  <span class=\"df-grayb5b5b5-c df-progressbar-title\">Afisaj \u00een sta\u021biile de autobuz<\/span>\r\n                  <span class=\"df-progressbar-label\">5.000 Eur<\/span>\r\n                <\/div>\r\n                <div class=\"df-single-bar\" data-progress-percentage=\"70\">\r\n                  <div class=\"df-single-bar-in\"><\/div>\r\n                <\/div>\r\n              <\/div>\r\n\r\n            \r\n              <div class=\"df-single-progressbar\">\r\n                <div class=\"df-single-bar-title\">\r\n                  <span class=\"df-grayb5b5b5-c df-progressbar-title\">Sondaj de opinie<\/span>\r\n                  <span class=\"df-progressbar-label\">10.000 Eur<\/span>\r\n                <\/div>\r\n                <div class=\"df-single-bar\" data-progress-percentage=\"0\">\r\n                  <div class=\"df-single-bar-in\"><\/div>\r\n                <\/div>\r\n              <\/div>\r\n\r\n            \r\n          <\/div>\r\n          \t\t<\/div>\n\t\t\t\t<\/div>\n\t\t\t\t\t\t<\/div>\n\t\t\t\t\t<\/div>\n\t\t<\/div>\n\t\t\t\t<div class=\"elementor-column elementor-col-50 elementor-top-column elementor-element elementor-element-2e65c7e\" data-id=\"2e65c7e\" data-element_type=\"column\">\n\t\t\t<div class=\"elementor-column-wrap elementor-element-populated\">\n\t\t\t\t\t\t\t<div class=\"elementor-widget-wrap\">\n\t\t\t\t\t\t<div class=\"elementor-element elementor-element-22f4749 elementor-widget elementor-widget-image\" data-id=\"22f4749\" data-element_type=\"widget\" data-widget_type=\"image.default\">\n\t\t\t\t<div class=\"elementor-widget-container\">\n\t\t\t\t\t\t\t\t<div class=\"elementor-image\">\n\t\t\t\t\t\t\t\t\t\t\t\t<img width=\"600\" height=\"600\" src=\"https:\/\/colibanprimar.ro\/campanie2020\/wordpress2020\/wp-content\/uploads\/2020\/06\/allen-coliban-2.jpg\" class=\"attachment-large size-large\" alt=\"Allen Coliban profil\" loading=\"lazy\" srcset=\"https:\/\/colibanprimar.ro\/campanie2020\/wordpress2020\/wp-content\/uploads\/2020\/06\/allen-coliban-2.jpg 600w, https:\/\/colibanprimar.ro\/campanie2020\/wordpress2020\/wp-content\/uploads\/2020\/06\/allen-coliban-2-300x300.jpg 300w, https:\/\/colibanprimar.ro\/campanie2020\/wordpress2020\/wp-content\/uploads\/2020\/06\/allen-coliban-2-150x150.jpg 150w, https:\/\/colibanprimar.ro\/campanie2020\/wordpress2020\/wp-content\/uploads\/2020\/06\/allen-coliban-2-50x50.jpg 50w, https:\/\/colibanprimar.ro\/campanie2020\/wordpress2020\/wp-content\/uploads\/2020\/06\/allen-coliban-2-100x100.jpg 100w\" sizes=\"(max-width: 600px) 100vw, 600px\" \/>\t\t\t\t\t\t\t\t\t\t\t\t\t\t<\/div>\n\t\t\t\t\t\t<\/div>\n\t\t\t\t<\/div>\n\t\t\t\t<div class=\"elementor-element elementor-element-a7be4f5 elementor-widget elementor-widget-text-editor\" data-id=\"a7be4f5\" data-element_type=\"widget\" data-widget_type=\"text-editor.default\">\n\t\t\t\t<div class=\"elementor-widget-container\">\n\t\t\t\t\t\t\t\t<div class=\"elementor-text-editor elementor-clearfix\">\n\t\t\t\t<p><strong>Bra\u0219ovul are nevoie de un lider, nu de un \u0219ef.<\/strong><\/p><p>\u00cel voi \u00eenvinge pe cel care se crede st\u0103p\u00e2nul Bra\u0219ovului, dar doar dac\u0103 te implici \u0219i tu.<br \/>Pentru c\u0103 eu sunt candidatul bra\u0219ovenilor obi\u0219nui\u021bi. Iar ceilal\u021bi sunt candida\u021bii grupurilor de interese.<\/p><p>Dona\u021bia ta este semnalul c\u0103 vrei <strong>acum<\/strong> s\u0103 facem o schimbare istoric\u0103 pentru ora\u0219ul nostru.<\/p>\t\t\t\t\t<\/div>\n\t\t\t\t\t\t<\/div>\n\t\t\t\t<\/div>\n\t\t\t\t\t\t<\/div>\n\t\t\t\t\t<\/div>\n\t\t<\/div>\n\t\t\t\t\t\t\t\t<\/div>\n\t\t\t\t\t<\/div>\n\t\t<\/section>\n\t\t\t\t<section class=\"elementor-section elementor-top-section elementor-element elementor-element-7eee2b2 elementor-section-stretched elementor-section-boxed elementor-section-height-default elementor-section-height-default\" data-id=\"7eee2b2\" data-element_type=\"section\" data-settings=\"{&quot;stretch_section&quot;:&quot;section-stretched&quot;}\">\n\t\t\t\t\t\t<div class=\"elementor-container elementor-column-gap-default\">\n\t\t\t\t\t\t\t<div class=\"elementor-row\">\n\t\t\t\t\t<div class=\"elementor-column elementor-col-100 elementor-top-column elementor-element elementor-element-5bfd126\" data-id=\"5bfd126\" data-element_type=\"column\">\n\t\t\t<div class=\"elementor-column-wrap elementor-element-populated\">\n\t\t\t\t\t\t\t<div class=\"elementor-widget-wrap\">\n\t\t\t\t\t\t<div class=\"elementor-element elementor-element-9b478b7 elementor-widget-divider--separator-type-pattern elementor-widget-divider--view-line elementor-widget elementor-widget-global elementor-global-400 elementor-widget-divider\" data-id=\"9b478b7\" data-element_type=\"widget\" data-widget_type=\"divider.default\">\n\t\t\t\t<div class=\"elementor-widget-container\">\n\t\t\t\t\t<div class=\"elementor-divider\" style=\"--divider-pattern-url: url(&quot;data:image\/svg+xml,%3Csvg xmlns=&#039;http:\/\/www.w3.org\/2000\/svg&#039; preserveAspectRatio=&#039;none&#039; overflow=&#039;visible&#039; height=&#039;100%&#039; viewBox=&#039;0 0 24 24&#039; fill=&#039;none&#039; stroke=&#039;black&#039; stroke-width=&#039;1&#039; stroke-linecap=&#039;square&#039; stroke-miterlimit=&#039;10&#039;%3E%3Cpath d=&#039;M0,6c6,0,0.9,11.1,6.9,11.1S18,6,24,6&#039;\/%3E%3C\/svg%3E&quot;);\">\n\t\t\t<span class=\"elementor-divider-separator\">\n\t\t\t\t\t\t<\/span>\n\t\t<\/div>\n\t\t\t\t<\/div>\n\t\t\t\t<\/div>\n\t\t\t\t\t\t<\/div>\n\t\t\t\t\t<\/div>\n\t\t<\/div>\n\t\t\t\t\t\t\t\t<\/div>\n\t\t\t\t\t<\/div>\n\t\t<\/section>\n\t\t\t\t<section class=\"elementor-section elementor-top-section elementor-element elementor-element-4e05a75 elementor-section-boxed elementor-section-height-default elementor-section-height-default\" data-id=\"4e05a75\" data-element_type=\"section\">\n\t\t\t\t\t\t<div class=\"elementor-container elementor-column-gap-default\">\n\t\t\t\t\t\t\t<div class=\"elementor-row\">\n\t\t\t\t\t<div class=\"elementor-column elementor-col-100 elementor-top-column elementor-element elementor-element-cf1b386\" data-id=\"cf1b386\" data-element_type=\"column\">\n\t\t\t<div class=\"elementor-column-wrap\">\n\t\t\t\t\t\t\t<div class=\"elementor-widget-wrap\">\n\t\t\t\t\t\t\t\t<\/div>\n\t\t\t\t\t<\/div>\n\t\t<\/div>\n\t\t\t\t\t\t\t\t<\/div>\n\t\t\t\t\t<\/div>\n\t\t<\/section>\n\t\t\t\t<section class=\"elementor-section elementor-top-section elementor-element elementor-element-de7c78c elementor-section-stretched elementor-section-boxed elementor-section-height-default elementor-section-height-default\" data-id=\"de7c78c\" data-element_type=\"section\" data-settings=\"{&quot;stretch_section&quot;:&quot;section-stretched&quot;,&quot;background_background&quot;:&quot;classic&quot;,&quot;shape_divider_top&quot;:&quot;triangle-asymmetrical&quot;}\">\n\t\t\t\t\t<div class=\"elementor-shape elementor-shape-top\" data-negative=\"false\">\n\t\t\t<svg xmlns=\"http:\/\/www.w3.org\/2000\/svg\" viewBox=\"0 0 1000 100\" preserveAspectRatio=\"none\">\n\t<path class=\"elementor-shape-fill\" d=\"M738,99l262-93V0H0v5.6L738,99z\"\/>\n<\/svg>\t\t<\/div>\n\t\t\t\t\t<div class=\"elementor-container elementor-column-gap-default\">\n\t\t\t\t\t\t\t<div class=\"elementor-row\">\n\t\t\t\t\t<div class=\"elementor-column elementor-col-50 elementor-top-column elementor-element elementor-element-43f0eea\" data-id=\"43f0eea\" data-element_type=\"column\">\n\t\t\t<div class=\"elementor-column-wrap elementor-element-populated\">\n\t\t\t\t\t\t\t<div class=\"elementor-widget-wrap\">\n\t\t\t\t\t\t<div class=\"elementor-element elementor-element-2e24c99 elementor-widget elementor-widget-heading\" data-id=\"2e24c99\" data-element_type=\"widget\" data-widget_type=\"heading.default\">\n\t\t\t\t<div class=\"elementor-widget-container\">\n\t\t\t<h2 class=\"elementor-heading-title elementor-size-default\">Pentru a c\u00e2\u0219tiga, am nevoie de ajutorul t\u0103u!<\/h2>\t\t<\/div>\n\t\t\t\t<\/div>\n\t\t\t\t\t\t<\/div>\n\t\t\t\t\t<\/div>\n\t\t<\/div>\n\t\t\t\t<div class=\"elementor-column elementor-col-50 elementor-top-column elementor-element elementor-element-b95561f\" data-id=\"b95561f\" data-element_type=\"column\">\n\t\t\t<div class=\"elementor-column-wrap elementor-element-populated\">\n\t\t\t\t\t\t\t<div class=\"elementor-widget-wrap\">\n\t\t\t\t\t\t<div class=\"elementor-element elementor-element-b054d45 elementor-widget elementor-widget-text-editor\" data-id=\"b054d45\" data-element_type=\"widget\" data-widget_type=\"text-editor.default\">\n\t\t\t\t<div class=\"elementor-widget-container\">\n\t\t\t\t\t\t\t\t<div class=\"elementor-text-editor elementor-clearfix\">\n\t\t\t\t<p>Pentru ca mesajele mele s\u0103 ajung\u0103 la c\u00e2t mai mul\u021bi bra\u0219oveni, am nevoie de vizibilitate. Bra\u0219ovenii vor afla de planurile pe care le am pentru Bra\u0219ov prin campanii de publicitate \u0219i prin imensa putere a oamenilor care dau informa\u021bia mai departe.&nbsp;<\/p>\n<p>Putem s\u0103 ne salv\u0103m ora\u0219ul \u0219i \u00eentreaga zona metropolitan\u0103 doar \u00eempreun\u0103.<br>Acest \u201c\u00eempreun\u0103\u201d nu e vorba-n v\u00e2nt, am dovedit la alegerile europarlamentare din mai 2019 c\u0103 putem fi principala for\u021b\u0103 politic\u0103 a Bra\u0219ovului, sus\u021binut\u0103 de bra\u0219ovenii care vor altceva de la cei care administreaz\u0103 banii no\u0219tri comuni.<\/p>\n<p>Nu am \u00een spate donatori din umbr\u0103, oameni de afaceri dubio\u0219i, grupuri de interese.<br>M\u0103 bazez doar pe bra\u0219ovenii care nu mai suport\u0103 s\u0103 vad\u0103 cum ora\u0219ul nostru drag r\u0103m\u00e2ne \u00een urm\u0103 din cauza unei administra\u021bii complet dep\u0103\u0219it\u0103 \u0219i lipsit\u0103 de viziune.<\/p>\n<p>M\u0103 angajez s\u0103 fac publice toate cheltuielile campaniei, a\u0219a cum am f\u0103cut \u00een premier\u0103 pentru Bra\u0219ov \u0219i la alegerile parlamentare din 2016.&nbsp;<\/p>\t\t\t\t\t<\/div>\n\t\t\t\t\t\t<\/div>\n\t\t\t\t<\/div>\n\t\t\t\t\t\t<\/div>\n\t\t\t\t\t<\/div>\n\t\t<\/div>\n\t\t\t\t\t\t\t\t<\/div>\n\t\t\t\t\t<\/div>\n\t\t<\/section>\n\t\t\t\t<section class=\"elementor-section elementor-top-section elementor-element elementor-element-3e84c58 elementor-section-boxed elementor-section-height-default elementor-section-height-default\" data-id=\"3e84c58\" data-element_type=\"section\">\n\t\t\t\t\t\t<div class=\"elementor-container elementor-column-gap-default\">\n\t\t\t\t\t\t\t<div class=\"elementor-row\">\n\t\t\t\t\t<div class=\"elementor-column elementor-col-50 elementor-top-column elementor-element elementor-element-837a705\" data-id=\"837a705\" data-element_type=\"column\">\n\t\t\t<div class=\"elementor-column-wrap elementor-element-populated\">\n\t\t\t\t\t\t\t<div class=\"elementor-widget-wrap\">\n\t\t\t\t\t\t<div class=\"elementor-element elementor-element-dd5600c elementor-widget elementor-widget-text-editor\" data-id=\"dd5600c\" data-element_type=\"widget\" data-widget_type=\"text-editor.default\">\n\t\t\t\t<div class=\"elementor-widget-container\">\n\t\t\t\t\t\t\t\t<div class=\"elementor-text-editor elementor-clearfix\">\n\t\t\t\t<h3>De ce avem nevoie de o copie a c\u0103r\u021bii tale de identitate?<\/h3>\n<a href=\"http:\/\/www.monitoruljuridic.ro\/act\/lege-nr-334-din-17-iulie-2006-republicata-privind-finantarea-activitatii-partidelor-politice-si-a-campaniilor-electorale-emitent-parlamentul-120830.html\">Legea<\/a> prevede ca \u201ela primirea dona\u021biei sunt obligatorii verificarea \u0219i \u00eenregistrarea identit\u0103\u021bii donatorului&#8221;.\n\nDona\u021biile c\u0103tre partidele politice sunt reglementate de <a href=\"http:\/\/legislatie.just.ro\/Public\/DetaliiDocument\/73672\">Legea nr. 334\/2006<\/a>, de <a href=\"http:\/\/www.roaep.ro\/finantare\/wp-content\/uploads\/2016\/01\/HG-10-din-2016-norme-metod.Lege-334-din-2006.pdf\">HG 10\/2016<\/a> \u0219i de alte acte normative emise de Autoritatea Electoral\u0103 Permanent\u0103.\n\nScutit de impozite \u0219i taxe \u2013 Legea nr. 43 din 2003, articol 3, alin. (3)\n<h3>Limite de finan\u021bare dona\u021bii<\/h3>\n<ul>\n \t<li>Mai pu\u021bin de<strong> 10.500 RON <\/strong>\u2013 prin plata online (card debit\/credit) \u0219i prin transfer bancar;<\/li>\n \t<li>\u00centre<strong> 10.500 RON si 25.000 RON <\/strong>\u2013 doar prin transfer bancar;<\/li>\n \t<li>Peste<strong> 25.000 RON <\/strong>\u2013 prin contract autentificat la notar;<\/li>\n<\/ul>\nDona\u021biile primite de la o persoana fizic\u0103 \u00eentr-un an nu pot depa\u0219i 210.000 lei. Dona\u021biile primite de la o persoan\u0103 juridic\u0103 \u00eentr-un an nu pot depa\u0219i 525.000 lei.\t\t\t\t\t<\/div>\n\t\t\t\t\t\t<\/div>\n\t\t\t\t<\/div>\n\t\t\t\t\t\t<\/div>\n\t\t\t\t\t<\/div>\n\t\t<\/div>\n\t\t\t\t<div class=\"elementor-column elementor-col-50 elementor-top-column elementor-element elementor-element-4bb79fc\" data-id=\"4bb79fc\" data-element_type=\"column\">\n\t\t\t<div class=\"elementor-column-wrap\">\n\t\t\t\t\t\t\t<div class=\"elementor-widget-wrap\">\n\t\t\t\t\t\t\t\t<\/div>\n\t\t\t\t\t<\/div>\n\t\t<\/div>\n\t\t\t\t\t\t\t\t<\/div>\n\t\t\t\t\t<\/div>\n\t\t<\/section>\n\t\t\t\t\t\t<\/div>\n\t\t\t\t\t\t<\/div>\n\t\t\t\t\t<\/div>\n\t\t","protected":false},"excerpt":{"rendered":"<p>V\u0103 mul\u021bumesc! 10000 Eur am str\u00e2ns \u00eempreun\u0103 \u00een precampanie Cu ajutorul vostru, mesajul nostru a ajuns la to\u021bi bra\u0219ovenii. Banii din dona\u021bii au fost investi\u021bi \u00een: Campanie de publicitate \u00een online 10.000 Eur 10.000 de stickere + 3.000 de insigne + 20 corturi 10.000 Eur 1.000 de tricouri 5.000 Eur 10 panouri outdoor \u00een oras [&hellip;]<\/p>\n","protected":false},"author":1,"featured_media":0,"parent":0,"menu_order":0,"comment_status":"closed","ping_status":"closed","template":"","meta":[],"_links":{"self":[{"href":"https:\/\/colibanprimar.ro\/campanie2020\/wp-json\/wp\/v2\/pages\/73"}],"collection":[{"href":"https:\/\/colibanprimar.ro\/campanie2020\/wp-json\/wp\/v2\/pages"}],"about":[{"href":"https:\/\/colibanprimar.ro\/campanie2020\/wp-json\/wp\/v2\/types\/page"}],"author":[{"embeddable":true,"href":"https:\/\/colibanprimar.ro\/campanie2020\/wp-json\/wp\/v2\/users\/1"}],"replies":[{"embeddable":true,"href":"https:\/\/colibanprimar.ro\/campanie2020\/wp-json\/wp\/v2\/comments?post=73"}],"version-history":[{"count":0,"href":"https:\/\/colibanprimar.ro\/campanie2020\/wp-json\/wp\/v2\/pages\/73\/revisions"}],"wp:attachment":[{"href":"https:\/\/colibanprimar.ro\/campanie2020\/wp-json\/wp\/v2\/media?parent=73"}],"curies":[{"name":"wp","href":"https:\/\/api.w.org\/{rel}","templated":true}]}}