{"id":1665,"date":"2020-08-18T09:04:48","date_gmt":"2020-08-18T09:04:48","guid":{"rendered":"https:\/\/colibanprimar.ro\/?page_id=1665"},"modified":"2020-08-18T13:13:14","modified_gmt":"2020-08-18T13:13:14","slug":"organizati-referendum-local-pentru-construirea-a-doua-noi-parcuri-in-brasov","status":"publish","type":"page","link":"https:\/\/colibanprimar.ro\/campanie2020\/organizati-referendum-local-pentru-construirea-a-doua-noi-parcuri-in-brasov\/","title":{"rendered":"Organiza\u021bi referendum local pentru construirea  a dou\u0103 noi parcuri \u00een Bra\u0219ov"},"content":{"rendered":"\t\t<div data-elementor-type=\"wp-page\" data-elementor-id=\"1665\" class=\"elementor elementor-1665\" data-elementor-settings=\"[]\">\n\t\t\t\t\t\t<div class=\"elementor-inner\">\n\t\t\t\t\t\t\t<div class=\"elementor-section-wrap\">\n\t\t\t\t\t\t\t<section class=\"elementor-section elementor-top-section elementor-element elementor-element-46a12e2 elementor-section-content-middle top-section-clean elementor-section-stretched elementor-section-boxed elementor-section-height-default elementor-section-height-default\" data-id=\"46a12e2\" data-element_type=\"section\" data-settings=\"{&quot;stretch_section&quot;:&quot;section-stretched&quot;}\">\n\t\t\t\t\t\t<div class=\"elementor-container elementor-column-gap-default\">\n\t\t\t\t\t\t\t<div class=\"elementor-row\">\n\t\t\t\t\t<div class=\"elementor-column elementor-col-100 elementor-top-column elementor-element elementor-element-3b6ca6a\" data-id=\"3b6ca6a\" data-element_type=\"column\">\n\t\t\t<div class=\"elementor-column-wrap elementor-element-populated\">\n\t\t\t\t\t\t\t<div class=\"elementor-widget-wrap\">\n\t\t\t\t\t\t<div class=\"elementor-element elementor-element-9d1364a elementor-widget elementor-widget-heading\" data-id=\"9d1364a\" data-element_type=\"widget\" data-widget_type=\"heading.default\">\n\t\t\t\t<div class=\"elementor-widget-container\">\n\t\t\t<h1 class=\"elementor-heading-title elementor-size-default\">Organiza\u021bi referendum local pentru <span style=\"color:#FF0021; display:inline-block\">construirea a dou\u0103 noi parcuri \u00een Bra\u0219ov<\/span>\n<\/h1>\t\t<\/div>\n\t\t\t\t<\/div>\n\t\t\t\t<div class=\"elementor-element elementor-element-3dabf83 elementor-widget-divider--separator-type-pattern elementor-widget-divider--view-line elementor-widget elementor-widget-divider\" data-id=\"3dabf83\" data-element_type=\"widget\" data-widget_type=\"divider.default\">\n\t\t\t\t<div class=\"elementor-widget-container\">\n\t\t\t\t\t<div class=\"elementor-divider\" style=\"--divider-pattern-url: url(&quot;data:image\/svg+xml,%3Csvg xmlns=&#039;http:\/\/www.w3.org\/2000\/svg&#039; preserveAspectRatio=&#039;none&#039; overflow=&#039;visible&#039; height=&#039;100%&#039; viewBox=&#039;0 0 24 24&#039; fill=&#039;none&#039; stroke=&#039;black&#039; stroke-width=&#039;1&#039; stroke-linecap=&#039;square&#039; stroke-miterlimit=&#039;10&#039;%3E%3Cpath d=&#039;M0,6c6,0,0.9,11.1,6.9,11.1S18,6,24,6&#039;\/%3E%3C\/svg%3E&quot;);\">\n\t\t\t<span class=\"elementor-divider-separator\">\n\t\t\t\t\t\t<\/span>\n\t\t<\/div>\n\t\t\t\t<\/div>\n\t\t\t\t<\/div>\n\t\t\t\t<section class=\"elementor-section elementor-inner-section elementor-element elementor-element-f4f7b76 elementor-section-content-middle elementor-section-boxed elementor-section-height-default elementor-section-height-default\" data-id=\"f4f7b76\" data-element_type=\"section\">\n\t\t\t\t\t\t<div class=\"elementor-container elementor-column-gap-default\">\n\t\t\t\t\t\t\t<div class=\"elementor-row\">\n\t\t\t\t\t<div class=\"elementor-column elementor-col-50 elementor-inner-column elementor-element elementor-element-c92227f\" data-id=\"c92227f\" data-element_type=\"column\">\n\t\t\t<div class=\"elementor-column-wrap elementor-element-populated\">\n\t\t\t\t\t\t\t<div class=\"elementor-widget-wrap\">\n\t\t\t\t\t\t<div class=\"elementor-element elementor-element-26b0457 elementor-widget elementor-widget-text-editor\" data-id=\"26b0457\" data-element_type=\"widget\" data-widget_type=\"text-editor.default\">\n\t\t\t\t<div class=\"elementor-widget-container\">\n\t\t\t\t\t\t\t\t<div class=\"elementor-text-editor elementor-clearfix\">\n\t\t\t\t<h4><strong>Scrisoare deschis\u0103<\/strong><\/h4><p>\u00cen aten\u021bia Primarului Bra\u0219ovului \u0219i a membrilor Consiliului Local Bra\u0219ov<\/p><p><strong>Organiza\u021bi referendum local pentru construirea a dou\u0103 noi parcuri \u00een Bra\u0219ov<\/strong><\/p><p><strong>Expunere de motive:\u00a0<\/strong><\/p><ul><li>40% din popula\u021bia Bra\u0219ovului nu are acces la parcuri, acestea afl\u00e2ndu-se la mai mult de 10 minute de mers pe jos de locuin\u021ba proprie;<\/li><li>suntem pe unul din ultimele locuri pe \u021bar\u0103 \u00een privin\u021ba suprafe\u021bei de spa\u021bii verzi pe cap de locuitor, avem doar 5mp fa\u021b\u0103 de 26 mp\/cap de locuitor, cum prevede norma impus\u0103 de Uniunea European\u0103;<\/li><li>\u00een ultimii 30 de ani nu s-a mai amenajat niciun parc mare \u00een Bra\u0219ov;<\/li><li>Bra\u0219ovul a ajuns s\u0103 fie \u00een top 3 ora\u0219e poluate din Rom\u00e2nia.<\/li><\/ul><p>Pentru toate acestea, avem nevoie de parcuri noi \u00een Bra\u0219ov. Iar ele trebuie s\u0103 fie o prioritate.<\/p><p>Solu\u021bia aflat\u0103 la \u00eendem\u00e2na actualei administra\u021bii o reprezint\u0103 existen\u021ba a cel pu\u021bin 2 suprafe\u021be mari de teren.<\/p><p>E vorba de <strong>fosta Platform\u0103 IUS Lubrifin\u00a0<\/strong><\/p>\t\t\t\t\t<\/div>\n\t\t\t\t\t\t<\/div>\n\t\t\t\t<\/div>\n\t\t\t\t<div class=\"elementor-element elementor-element-d023c6f elementor-widget elementor-widget-gallery\" data-id=\"d023c6f\" data-element_type=\"widget\" data-settings=\"{&quot;columns&quot;:2,&quot;lazyload&quot;:&quot;yes&quot;,&quot;gallery_layout&quot;:&quot;grid&quot;,&quot;columns_tablet&quot;:2,&quot;columns_mobile&quot;:1,&quot;gap&quot;:{&quot;unit&quot;:&quot;px&quot;,&quot;size&quot;:10,&quot;sizes&quot;:[]},&quot;gap_tablet&quot;:{&quot;unit&quot;:&quot;px&quot;,&quot;size&quot;:10,&quot;sizes&quot;:[]},&quot;gap_mobile&quot;:{&quot;unit&quot;:&quot;px&quot;,&quot;size&quot;:10,&quot;sizes&quot;:[]},&quot;link_to&quot;:&quot;file&quot;,&quot;aspect_ratio&quot;:&quot;3:2&quot;,&quot;overlay_background&quot;:&quot;yes&quot;,&quot;content_hover_animation&quot;:&quot;fade-in&quot;}\" data-widget_type=\"gallery.default\">\n\t\t\t\t<div class=\"elementor-widget-container\">\n\t\t\t\t\t<div class=\"elementor-gallery__container\">\n\t\t\t\t\t\t\t<a class=\"e-gallery-item elementor-gallery-item elementor-animated-content\" href=\"https:\/\/colibanprimar.ro\/campanie2020\/wordpress2020\/wp-content\/uploads\/2020\/08\/94780340_2285655288397011_818556672820641792_n.png\" data-elementor-open-lightbox=\"yes\" data-elementor-lightbox-slideshow=\"all-d023c6f\">\n\t\t\t\t\t<div class=\"e-gallery-image elementor-gallery-item__image\" data-thumbnail=\"https:\/\/colibanprimar.ro\/campanie2020\/wordpress2020\/wp-content\/uploads\/2020\/08\/94780340_2285655288397011_818556672820641792_n-300x214.png\" data-width=\"300\" data-height=\"214\" alt=\"Parc IUS\" ><\/div>\n\t\t\t\t\t\t\t\t\t\t<div class=\"elementor-gallery-item__overlay\"><\/div>\n\t\t\t\t\t\t\t\t\t\t\t\t\t\t<\/a>\n\t\t\t\t\t\t\t<a class=\"e-gallery-item elementor-gallery-item elementor-animated-content\" href=\"https:\/\/colibanprimar.ro\/campanie2020\/wordpress2020\/wp-content\/uploads\/2020\/08\/94431600_2285655425063664_4644911241184149504_n.jpg\" data-elementor-open-lightbox=\"yes\" data-elementor-lightbox-slideshow=\"all-d023c6f\">\n\t\t\t\t\t<div class=\"e-gallery-image elementor-gallery-item__image\" data-thumbnail=\"https:\/\/colibanprimar.ro\/campanie2020\/wordpress2020\/wp-content\/uploads\/2020\/08\/94431600_2285655425063664_4644911241184149504_n-300x225.jpg\" data-width=\"300\" data-height=\"225\" alt=\"Parc IUS\" ><\/div>\n\t\t\t\t\t\t\t\t\t\t<div class=\"elementor-gallery-item__overlay\"><\/div>\n\t\t\t\t\t\t\t\t\t\t\t\t\t\t<\/a>\n\t\t\t\t\t<\/div>\n\t\t\t<\/div>\n\t\t\t\t<\/div>\n\t\t\t\t<div class=\"elementor-element elementor-element-779ec42 elementor-widget elementor-widget-text-editor\" data-id=\"779ec42\" data-element_type=\"widget\" data-widget_type=\"text-editor.default\">\n\t\t\t\t<div class=\"elementor-widget-container\">\n\t\t\t\t\t\t\t\t<div class=\"elementor-text-editor elementor-clearfix\">\n\t\t\t\t\u0219i de un teren de <strong>aproximativ 12 ha \u00een Avantgarden &#8211; Bartolomeu<\/strong>. \t\t\t\t\t<\/div>\n\t\t\t\t\t\t<\/div>\n\t\t\t\t<\/div>\n\t\t\t\t<div class=\"elementor-element elementor-element-31f3afa elementor-widget elementor-widget-gallery\" data-id=\"31f3afa\" data-element_type=\"widget\" data-settings=\"{&quot;columns&quot;:2,&quot;lazyload&quot;:&quot;yes&quot;,&quot;gallery_layout&quot;:&quot;grid&quot;,&quot;columns_tablet&quot;:2,&quot;columns_mobile&quot;:1,&quot;gap&quot;:{&quot;unit&quot;:&quot;px&quot;,&quot;size&quot;:10,&quot;sizes&quot;:[]},&quot;gap_tablet&quot;:{&quot;unit&quot;:&quot;px&quot;,&quot;size&quot;:10,&quot;sizes&quot;:[]},&quot;gap_mobile&quot;:{&quot;unit&quot;:&quot;px&quot;,&quot;size&quot;:10,&quot;sizes&quot;:[]},&quot;link_to&quot;:&quot;file&quot;,&quot;aspect_ratio&quot;:&quot;3:2&quot;,&quot;overlay_background&quot;:&quot;yes&quot;,&quot;content_hover_animation&quot;:&quot;fade-in&quot;}\" data-widget_type=\"gallery.default\">\n\t\t\t\t<div class=\"elementor-widget-container\">\n\t\t\t\t\t<div class=\"elementor-gallery__container\">\n\t\t\t\t\t\t\t<a class=\"e-gallery-item elementor-gallery-item elementor-animated-content\" href=\"https:\/\/colibanprimar.ro\/campanie2020\/wordpress2020\/wp-content\/uploads\/2020\/08\/94368640_10158266342554660_2647997941012234240_o.jpg\" data-elementor-open-lightbox=\"yes\" data-elementor-lightbox-slideshow=\"all-31f3afa\">\n\t\t\t\t\t<div class=\"e-gallery-image elementor-gallery-item__image\" data-thumbnail=\"https:\/\/colibanprimar.ro\/campanie2020\/wordpress2020\/wp-content\/uploads\/2020\/08\/94368640_10158266342554660_2647997941012234240_o-300x209.jpg\" data-width=\"300\" data-height=\"209\" alt=\"Parc Bartolomeu Avantgarden\" ><\/div>\n\t\t\t\t\t\t\t\t\t\t<div class=\"elementor-gallery-item__overlay\"><\/div>\n\t\t\t\t\t\t\t\t\t\t\t\t\t\t<\/a>\n\t\t\t\t\t\t\t<a class=\"e-gallery-item elementor-gallery-item elementor-animated-content\" href=\"https:\/\/colibanprimar.ro\/campanie2020\/wordpress2020\/wp-content\/uploads\/2020\/08\/85168418_10158002758049660_5435521296249126912_o.jpg\" data-elementor-open-lightbox=\"yes\" data-elementor-lightbox-slideshow=\"all-31f3afa\">\n\t\t\t\t\t<div class=\"e-gallery-image elementor-gallery-item__image\" data-thumbnail=\"https:\/\/colibanprimar.ro\/campanie2020\/wordpress2020\/wp-content\/uploads\/2020\/08\/85168418_10158002758049660_5435521296249126912_o-225x300.jpg\" data-width=\"225\" data-height=\"300\" alt=\"Parc Bartolomeu Avantgarden\" ><\/div>\n\t\t\t\t\t\t\t\t\t\t<div class=\"elementor-gallery-item__overlay\"><\/div>\n\t\t\t\t\t\t\t\t\t\t\t\t\t\t<\/a>\n\t\t\t\t\t<\/div>\n\t\t\t<\/div>\n\t\t\t\t<\/div>\n\t\t\t\t<div class=\"elementor-element elementor-element-c8594b9 elementor-widget elementor-widget-text-editor\" data-id=\"c8594b9\" data-element_type=\"widget\" data-widget_type=\"text-editor.default\">\n\t\t\t\t<div class=\"elementor-widget-container\">\n\t\t\t\t\t\t\t\t<div class=\"elementor-text-editor elementor-clearfix\">\n\t\t\t\t<p>Totu\u0219i, pentru c\u0103 astfel de decizii implic\u0103 ni\u0219te costuri destul de importante pentru bugetul local, varianta juridic\u0103 pe care o propun este demararea unui <strong>referendum local<\/strong>. Este un instrument care exist\u0103 \u00een legisla\u021bia rom\u00e2neasc\u0103 pe care autoritatea local\u0103 \u00eel poate folosi.<\/p><p>Argumentul costurilor neprev\u0103zute \u00een bugetul local pentru organizarea unui referendum nu este valabil. El se poate realiza foarte ieftin suprapun\u00e2nd tot procesul de referendum cu alegerile locale. Putem, deci, <strong>s\u0103 \u00eel avem pe 27 septembrie 2020<\/strong>.<\/p><p>\u00cen consecin\u021b\u0103, domnule primar, doamnelor \u0219i domnilor membri ai Consiliului Local, v\u0103 solicit public s\u0103 organiza\u021bi un referendum pe problema celor dou\u0103 parcuri, \u00een data de 27 septembrie.<\/p><p><strong>Allen Coliban\u00a0<\/strong><br \/>Senator USR de Bra\u0219ov<\/p>\t\t\t\t\t<\/div>\n\t\t\t\t\t\t<\/div>\n\t\t\t\t<\/div>\n\t\t\t\t\t\t<\/div>\n\t\t\t\t\t<\/div>\n\t\t<\/div>\n\t\t\t\t<div class=\"elementor-column elementor-col-50 elementor-inner-column elementor-element elementor-element-c4dc0f7\" data-id=\"c4dc0f7\" data-element_type=\"column\">\n\t\t\t<div class=\"elementor-column-wrap elementor-element-populated\">\n\t\t\t\t\t\t\t<div class=\"elementor-widget-wrap\">\n\t\t\t\t\t\t<div class=\"elementor-element elementor-element-7e9972b elementor-widget elementor-widget-text-editor\" data-id=\"7e9972b\" data-element_type=\"widget\" data-widget_type=\"text-editor.default\">\n\t\t\t\t<div class=\"elementor-widget-container\">\n\t\t\t\t\t\t\t\t<div class=\"elementor-text-editor elementor-clearfix\">\n\t\t\t\t<h3><strong>Semneaz\u0103 \u0219i tu scrisoarea!<\/strong><\/h3><!-- SpeakOut! Email Petitions 2.13.6 : En -->\n<div id=\"dk-speakout-windowshade\"><\/div>\r\n\t\t\t\t\t<div class=\"dk-speakout-petition-wrap \" id=\"dk-speakout-petition-2\" >\r\n\t\t\t\t\t\t<h3>Organiza\u021bi referendum local pentru construirea a dou\u0103 noi parcuri \u00een Bra\u0219ov<\/h3><div id=\"dk-speakout-form-wrap\">\r\n    \t\t\t\t            <form class=\"dk-speakout-petition\"><input type=\"hidden\" id=\"dk-speakout-posttitle-2\" value=\"Organiza%C8%9Bi+referendum+local+pentru+construirea+a+dou%C4%83+noi+parcuri+%C3%AEn+Bra%C8%99ov\" \/>\n<input type=\"hidden\" id=\"dk-speakout-tweet-2\" value=\"\" \/>\n<input type=\"hidden\" id=\"dk-speakout-lang-2\" value=\"\" \/>\n<input type=\"hidden\" id=\"dk-speakout-textval-2\" value=\"val\" \/>\n<input type=\"hidden\" id=\"dk-speakout-petition-fade-2\" value=\"disabled\" \/>\n<input type=\"hidden\" id=\"dk-speakout-requires_confirmation-2\" value=\"0\" \/>\n<input type=\"hidden\" id=\"dk-speakout-hide-email-field-2\" value=\"0\" \/>\n\t<div class=\"dk-speakout-full\">\r\n    \t\t\t\t\t\t\t\t<input name=\"dk-speakout-first-name\" id=\"dk-speakout-first-name-2\" value=\"\" type=\"text\" placeholder=\"First Name\" required=\"required\"  \/>\r\n    \t\t\t\t\t\t\t<\/div>\r\n    \t\t\t\t\t\t\t\r\n    \t\t\t\t\t\t\t<div class=\"dk-speakout-full\">\r\n    \t\t\t\t\t\t\t\t<input name=\"dk-speakout-last-name\" id=\"dk-speakout-last-name-2\" value=\"\" type=\"text\" placeholder=\"Last Name\" required=\"required\"  \/>\r\n    \t\t\t\t\t\t\t<\/div><div class=\"dk-speakout-full\">\r\n    \t\t\t\t\t\t\t\t<input name=\"dk-speakout-email\" id=\"dk-speakout-email-2\" value=\"\" type=\"email\"  placeholder=\"Email\" required=\"required\"  \/>\r\n    \t\t\t\t\t\t\t<\/div><div><\/div>\r\n    \t\t\t\t\t\t\t<div class=\"dk-speakout-privacypolicy-wrap\">\r\n    \t\t\t\t\t\t\t\t<div class=\"dk-speakout-options-checkbox\">\r\n    \t\t\t\t\t\t\t\t    <input type=\"checkbox\" name=\"dk-speakout-privacypolicy\" id=\"dk-speakout-privacypolicy-2\" class=\"required\" \/>\r\n    \t\t\t\t\t\t\t\t    <label for=\"dk-speakout-privacypolicy-2\" class=\"required dk-speakout-options\">Yes, I accept your <a href=\"https:\/\/colibanprimar.ro\/termeni-si-conditii-de-confidentialitate\/\" target=\"_blank\">privacy policy<\/a><\/label>\r\n    \t\t\t\t\t\t\t\t<\/div>\r\n    \t\t\t\t\t\t\t<\/div>\r\n                            <div class=\"dk-speakout-submit-wrap\">\r\n                                <div id=\"dk-speakout-ajaxloader-2\" class=\"dk-speakout-ajaxloader\" style=\"visibility: hidden;\">&nbsp;<\/div>\r\n                                <button name=\"2\" class=\"dk-speakout-submit\">SEMNEAZ\u0102<\/button>\r\n                            <\/div> <\/form><\/div><div class=\"dk-speakout-response\"><\/div><\/div>\t\t\t\t\t<\/div>\n\t\t\t\t\t\t<\/div>\n\t\t\t\t<\/div>\n\t\t\t\t<div class=\"elementor-element elementor-element-762cff8 elementor-widget elementor-widget-heading\" data-id=\"762cff8\" data-element_type=\"widget\" data-widget_type=\"heading.default\">\n\t\t\t\t<div class=\"elementor-widget-container\">\n\t\t\t<h2 class=\"elementor-heading-title elementor-size-large\">Scrisoarea a fost deja semnat\u0103 de <span style=\"color: #ff0021;\">2047 persoane.<\/span><\/h2>\t\t<\/div>\n\t\t\t\t<\/div>\n\t\t\t\t<div class=\"elementor-element elementor-element-0568618 elementor-widget elementor-widget-text-editor\" data-id=\"0568618\" data-element_type=\"widget\" data-widget_type=\"text-editor.default\">\n\t\t\t\t<div class=\"elementor-widget-container\">\n\t\t\t\t\t\t\t\t<div class=\"elementor-text-editor elementor-clearfix\">\n\t\t\t\tAjut\u0103-ne s\u0103 ajungem la <strong>10.000 de semn\u0103turi! <\/strong>\n\n<strong>Distribuie mesajul \u00een r\u00e2ndul prietenilor t\u0103i!<\/strong>\t\t\t\t\t<\/div>\n\t\t\t\t\t\t<\/div>\n\t\t\t\t<\/div>\n\t\t\t\t<div class=\"elementor-element elementor-element-c7d049a elementor-share-buttons--align-left elementor-share-buttons--view-icon-text elementor-share-buttons--skin-gradient elementor-share-buttons--shape-square elementor-grid-0 elementor-share-buttons--color-official elementor-widget elementor-widget-share-buttons\" data-id=\"c7d049a\" data-element_type=\"widget\" data-widget_type=\"share-buttons.default\">\n\t\t\t\t<div class=\"elementor-widget-container\">\n\t\t\t\t\t<div class=\"elementor-grid\">\n\t\t\t\t\t\t\t\t<div class=\"elementor-grid-item\">\n\t\t\t\t\t\t<div class=\"elementor-share-btn elementor-share-btn_facebook\">\n\t\t\t\t\t\t\t\t\t\t\t\t\t\t\t<span class=\"elementor-share-btn__icon\">\n\t\t\t\t\t\t\t\t<i class=\"fab fa-facebook\" aria-hidden=\"true\"><\/i>\t\t\t\t\t\t\t\t<span\n\t\t\t\t\t\t\t\t\tclass=\"elementor-screen-only\">Share on facebook<\/span>\n\t\t\t\t\t\t\t<\/span>\n\t\t\t\t\t\t\t\t\t\t\t\t\t\t\t\t\t\t\t\t\t\t<div class=\"elementor-share-btn__text\">\n\t\t\t\t\t\t\t\t\t\t\t\t\t\t\t\t\t\t\t<span class=\"elementor-share-btn__title\">\n\t\t\t\t\t\t\t\t\t\tFacebook\t\t\t\t\t\t\t\t\t<\/span>\n\t\t\t\t\t\t\t\t\t\t\t\t\t\t\t\t\t<\/div>\n\t\t\t\t\t\t\t\t\t\t\t\t\t<\/div>\n\t\t\t\t\t<\/div>\n\t\t\t\t\t\t<\/div>\n\t\t\t\t<\/div>\n\t\t\t\t<\/div>\n\t\t\t\t\t\t<\/div>\n\t\t\t\t\t<\/div>\n\t\t<\/div>\n\t\t\t\t\t\t\t\t<\/div>\n\t\t\t\t\t<\/div>\n\t\t<\/section>\n\t\t\t\t\t\t<\/div>\n\t\t\t\t\t<\/div>\n\t\t<\/div>\n\t\t\t\t\t\t\t\t<\/div>\n\t\t\t\t\t<\/div>\n\t\t<\/section>\n\t\t\t\t\t\t<\/div>\n\t\t\t\t\t\t<\/div>\n\t\t\t\t\t<\/div>\n\t\t","protected":false},"excerpt":{"rendered":"<p>Organiza\u021bi referendum local pentru construirea a dou\u0103 noi parcuri \u00een Bra\u0219ov Scrisoare deschis\u0103 \u00cen aten\u021bia Primarului Bra\u0219ovului \u0219i a membrilor Consiliului Local Bra\u0219ov Organiza\u021bi referendum local pentru construirea a dou\u0103 noi parcuri \u00een Bra\u0219ov Expunere de motive:&nbsp; 40% din popula\u021bia Bra\u0219ovului nu are acces la parcuri, acestea afl\u00e2ndu-se la mai mult de 10 minute de [&hellip;]<\/p>\n","protected":false},"author":1,"featured_media":0,"parent":0,"menu_order":0,"comment_status":"closed","ping_status":"closed","template":"","meta":[],"_links":{"self":[{"href":"https:\/\/colibanprimar.ro\/campanie2020\/wp-json\/wp\/v2\/pages\/1665"}],"collection":[{"href":"https:\/\/colibanprimar.ro\/campanie2020\/wp-json\/wp\/v2\/pages"}],"about":[{"href":"https:\/\/colibanprimar.ro\/campanie2020\/wp-json\/wp\/v2\/types\/page"}],"author":[{"embeddable":true,"href":"https:\/\/colibanprimar.ro\/campanie2020\/wp-json\/wp\/v2\/users\/1"}],"replies":[{"embeddable":true,"href":"https:\/\/colibanprimar.ro\/campanie2020\/wp-json\/wp\/v2\/comments?post=1665"}],"version-history":[{"count":0,"href":"https:\/\/colibanprimar.ro\/campanie2020\/wp-json\/wp\/v2\/pages\/1665\/revisions"}],"wp:attachment":[{"href":"https:\/\/colibanprimar.ro\/campanie2020\/wp-json\/wp\/v2\/media?parent=1665"}],"curies":[{"name":"wp","href":"https:\/\/api.w.org\/{rel}","templated":true}]}}