{"id":1390,"date":"2020-07-22T07:39:05","date_gmt":"2020-07-22T07:39:05","guid":{"rendered":"https:\/\/colibanprimar.ro\/?page_id=1390"},"modified":"2020-07-22T08:31:00","modified_gmt":"2020-07-22T08:31:00","slug":"poluarea-cu-hidrogen-sulfurat","status":"publish","type":"page","link":"https:\/\/colibanprimar.ro\/campanie2020\/pentru-brasov\/poluarea-cu-hidrogen-sulfurat\/","title":{"rendered":"Poluarea cu hidrogen sulfurat"},"content":{"rendered":"\t\t<div data-elementor-type=\"wp-page\" data-elementor-id=\"1390\" class=\"elementor elementor-1390\" data-elementor-settings=\"[]\">\n\t\t\t\t\t\t<div class=\"elementor-inner\">\n\t\t\t\t\t\t\t<div class=\"elementor-section-wrap\">\n\t\t\t\t\t\t\t<section class=\"elementor-section elementor-top-section elementor-element elementor-element-46a12e2 elementor-section-stretched elementor-section-content-middle top-section-clean elementor-section-boxed elementor-section-height-default elementor-section-height-default\" data-id=\"46a12e2\" data-element_type=\"section\" data-settings=\"{&quot;stretch_section&quot;:&quot;section-stretched&quot;}\">\n\t\t\t\t\t\t<div class=\"elementor-container elementor-column-gap-default\">\n\t\t\t\t\t\t\t<div class=\"elementor-row\">\n\t\t\t\t\t<div class=\"elementor-column elementor-col-100 elementor-top-column elementor-element elementor-element-14e7f7d\" data-id=\"14e7f7d\" data-element_type=\"column\">\n\t\t\t<div class=\"elementor-column-wrap elementor-element-populated\">\n\t\t\t\t\t\t\t<div class=\"elementor-widget-wrap\">\n\t\t\t\t\t\t<div class=\"elementor-element elementor-element-b60399e elementor-widget elementor-widget-heading\" data-id=\"b60399e\" data-element_type=\"widget\" data-widget_type=\"heading.default\">\n\t\t\t\t<div class=\"elementor-widget-container\">\n\t\t\t<h1 class=\"elementor-heading-title elementor-size-default\">Poluarea cu hidrogen sulfurat\n<\/h1>\t\t<\/div>\n\t\t\t\t<\/div>\n\t\t\t\t<div class=\"elementor-element elementor-element-c7e7e17 elementor-widget elementor-widget-heading\" data-id=\"c7e7e17\" data-element_type=\"widget\" data-widget_type=\"heading.default\">\n\t\t\t\t<div class=\"elementor-widget-container\">\n\t\t\t<h2 class=\"elementor-heading-title elementor-size-default\">problema mirosurile nepl\u0103cute din Bra\u0219ov<\/h2>\t\t<\/div>\n\t\t\t\t<\/div>\n\t\t\t\t\t\t<\/div>\n\t\t\t\t\t<\/div>\n\t\t<\/div>\n\t\t\t\t\t\t\t\t<\/div>\n\t\t\t\t\t<\/div>\n\t\t<\/section>\n\t\t\t\t<section class=\"elementor-section elementor-top-section elementor-element elementor-element-10b9bf2 elementor-section-stretched elementor-section-boxed elementor-section-height-default elementor-section-height-default\" data-id=\"10b9bf2\" data-element_type=\"section\" data-settings=\"{&quot;stretch_section&quot;:&quot;section-stretched&quot;}\">\n\t\t\t\t\t\t<div class=\"elementor-container elementor-column-gap-default\">\n\t\t\t\t\t\t\t<div class=\"elementor-row\">\n\t\t\t\t\t<div class=\"elementor-column elementor-col-50 elementor-top-column elementor-element elementor-element-c5ef210\" data-id=\"c5ef210\" data-element_type=\"column\">\n\t\t\t<div class=\"elementor-column-wrap elementor-element-populated\">\n\t\t\t\t\t\t\t<div class=\"elementor-widget-wrap\">\n\t\t\t\t\t\t<div class=\"elementor-element elementor-element-fa5b358 elementor-invisible elementor-widget elementor-widget-image\" data-id=\"fa5b358\" data-element_type=\"widget\" data-settings=\"{&quot;_animation&quot;:&quot;slideInUp&quot;}\" data-widget_type=\"image.default\">\n\t\t\t\t<div class=\"elementor-widget-container\">\n\t\t\t\t\t\t\t\t<div class=\"elementor-image\">\n\t\t\t\t\t\t\t\t\t\t\t\t<img width=\"819\" height=\"1024\" src=\"https:\/\/colibanprimar.ro\/campanie2020\/wordpress2020\/wp-content\/uploads\/2020\/07\/96807679_1658551234283375_805060545546813440_o-819x1024.jpg\" class=\"attachment-large size-large\" alt=\"Allen Coliban Legea Mirosurilor\" loading=\"lazy\" srcset=\"https:\/\/colibanprimar.ro\/campanie2020\/wordpress2020\/wp-content\/uploads\/2020\/07\/96807679_1658551234283375_805060545546813440_o-819x1024.jpg 819w, https:\/\/colibanprimar.ro\/campanie2020\/wordpress2020\/wp-content\/uploads\/2020\/07\/96807679_1658551234283375_805060545546813440_o-240x300.jpg 240w, https:\/\/colibanprimar.ro\/campanie2020\/wordpress2020\/wp-content\/uploads\/2020\/07\/96807679_1658551234283375_805060545546813440_o-768x960.jpg 768w, https:\/\/colibanprimar.ro\/campanie2020\/wordpress2020\/wp-content\/uploads\/2020\/07\/96807679_1658551234283375_805060545546813440_o.jpg 1000w\" sizes=\"(max-width: 819px) 100vw, 819px\" \/>\t\t\t\t\t\t\t\t\t\t\t\t\t\t<\/div>\n\t\t\t\t\t\t<\/div>\n\t\t\t\t<\/div>\n\t\t\t\t<div class=\"elementor-element elementor-element-a72d98e elementor-widget elementor-widget-text-editor\" data-id=\"a72d98e\" data-element_type=\"widget\" data-widget_type=\"text-editor.default\">\n\t\t\t\t<div class=\"elementor-widget-container\">\n\t\t\t\t\t\t\t\t<div class=\"elementor-text-editor elementor-clearfix\">\n\t\t\t\t<p>\u0218tim c\u0103 Bra\u0219ovul are o problem\u0103 cu mirosurile nepl\u0103cute, iar \u00een ultimii ani m-am implicat \u00een descoperirea cauzelor. \u0218i a modului \u00een care acestea pot fi \u00eenl\u0103turate.<\/p><p>Este dovedit \u0219tiin\u021bific c\u0103 expunerea repetat\u0103 a popula\u021biei la mirosuri pestilen\u021biale duce la o serie de boli \u0219i la sc\u0103derea calit\u0103\u021bii vie\u021bii.<\/p><p>Foarte frecvent, mirosurile nepl\u0103cute din localit\u0103\u021bile Rom\u00e2niei se datoreaz\u0103 polu\u0103rii aerului cu <strong>hidrogen sulfurat<\/strong>.<\/p><p>\u00cen 12 mai, <strong>a trecut ini\u021biativa USR (al c\u0103rei co-semnatar sunt)<\/strong> cu privire la introducerea hidrogenului sulfurat \u00een Anexa 1 la legea calit\u0103\u021bii aerului. Practic, <strong>hidrogenul sulfurat va fi parte din parametrii ce vor fi monitoriza\u021bi \/ evalua\u021bi \u00een toate aspectele ce \u021bin de calitatea aerului.<\/strong><\/p><p>Hidrogenul sulfurat este un gaz toxic, folosit \u00een trecut drept gaz de lupt\u0103. E un asfixiant, av\u00e2nd efect de blocare a centrului respirator \u0219i, secundar, de formare a unui complex cu hemoglobina. De asemenea, apar efecte iritante la nivelul conjunctivelor \u0219i mucoasei respiratorii, prin mirosul nepl\u0103cut, precum \u0219i efecte nespecifice de tip neuropsihic.<\/p><p>Studiile medicale mai noi vorbesc chiar despre o asociere \u00eentre poluarea olfactiv\u0103 \u0219i afec\u021biuni neurodegenerative ca Alzheimer sau afectarea bulbului olfactiv la copii.<\/p><p>\u00cenc\u0103 de la \u00eenceputul activit\u0103\u021bii parlamentare, <strong>am adus \u00een aten\u021bia opiniei publice problemele legate de calitatea aerului<\/strong>, at\u00e2t la nivel na\u021bional, c\u00e2t \u0219i la nivelul municipiului Bra\u0219ov.<\/p><p>Am fost primul om politic care a adus \u00een discu\u021bie faptul c\u0103 sursa mirosurilor din Bra\u0219ov este depozitului ecologic zonal Bra\u0219ov administrat de S.C. Fin-Eco S.A., prezent\u00e2nd \u015fi solu\u0163iile posibile.<\/p><p>Groapa de gunoi nu avea sistem func\u021bional de captare \u0219i tratare a gazelor de depozit, acestea fiind eliberate direct \u00een atmosfer\u0103, prima celul\u0103 nu era \u00eenchis\u0103 \/ anvelopat\u0103 din 2010 \u0219i afecta vie\u021bile a mii de bra\u0219oveni din cartierele Triaj, Craiter, Gemenii \u0219i nu numai.<\/p><p>\u00cen anul 2017, \u00een calitate de Pre\u0219edinte al Comisiei pentru Mediu din Senatul Rom\u00e2niei, <strong>am ini\u021biat \u0219i am desf\u0103\u0219urat o anchet\u0103 la scar\u0103 na\u021bional\u0103<\/strong> pentru a documenta disfunc\u021bionalit\u0103\u021bile \u0219i neconformit\u0103\u021bile sistemului de management al de\u0219eurilor.<\/p><p>Al\u0103turi de colegii din USR, am ini\u021biat un pachet de ini\u021biative legislative \u00een domeniul gestion\u0103rii de\u0219eurilor, printre care cele privind m\u0103rirea distan\u021bei depozitelor la 5 km fa\u021b\u0103 de localit\u0103\u021bi \u0219i \u00eencurajarea recicl\u0103rii prin instrumente precum amenajarea de spa\u021bii de colectare selectiv\u0103 la blocurile nou construite \u0219i introducerea tax\u0103rii pentru incinerare.<\/p><p>De asemenea, \u00een scopul \u00eembun\u0103t\u0103\u021birii cadrului legislativ pentru asigurarea calit\u0103\u021bii aerului, <a href=\"https:\/\/colibanprimar.ro\/campanie2020\/pentru-brasov\/legea-mirosurilor\/\"><strong>am co-ini\u021biat Legea Mirosurilor<\/strong><\/a>, ce acoper\u0103 un vid legislativ \u00een domeniul calit\u0103\u021bii aerului \u015fi care \u00ee\u0219i propune s\u0103 ofere autorit\u0103\u021bilor p\u00e2rghiile legislative necesare pentru un mai bun control al surselor de poluare olfactiv\u0103.<\/p><p>Cet\u0103\u021benilor rom\u00e2ni le-a fost subminat mult timp dreptul fundamental la un mediu s\u0103n\u0103tos \u0219i echilibrat ecologic (Articolul 35 &#8211; Constitu\u021bia Rom\u00e2niei).<\/p><p>Am \u00eencredere c\u0103, odat\u0103 cu impunerea monitoriz\u0103rii hidrogenului sulfurat, s-au f\u0103cut c\u00e2\u021biva pa\u0219i pentru a ne bucura de un aer mai curat.<\/p>\t\t\t\t\t<\/div>\n\t\t\t\t\t\t<\/div>\n\t\t\t\t<\/div>\n\t\t\t\t\t\t<\/div>\n\t\t\t\t\t<\/div>\n\t\t<\/div>\n\t\t\t\t<div class=\"elementor-column elementor-col-50 elementor-top-column elementor-element elementor-element-fff874b\" data-id=\"fff874b\" data-element_type=\"column\" data-settings=\"{&quot;motion_fx_motion_fx_scrolling&quot;:&quot;yes&quot;,&quot;motion_fx_translateY_effect&quot;:&quot;yes&quot;,&quot;motion_fx_translateY_speed&quot;:{&quot;unit&quot;:&quot;px&quot;,&quot;size&quot;:3.9,&quot;sizes&quot;:[]},&quot;motion_fx_translateY_affectedRange&quot;:{&quot;unit&quot;:&quot;%&quot;,&quot;size&quot;:&quot;&quot;,&quot;sizes&quot;:{&quot;start&quot;:18,&quot;end&quot;:88}},&quot;motion_fx_devices&quot;:[&quot;desktop&quot;,&quot;tablet&quot;,&quot;mobile&quot;]}\">\n\t\t\t<div class=\"elementor-column-wrap elementor-element-populated\">\n\t\t\t\t\t\t\t<div class=\"elementor-widget-wrap\">\n\t\t\t\t\t\t<div class=\"elementor-element elementor-element-dd8c6a9 elementor-widget elementor-widget-image\" data-id=\"dd8c6a9\" data-element_type=\"widget\" data-widget_type=\"image.default\">\n\t\t\t\t<div class=\"elementor-widget-container\">\n\t\t\t\t\t\t\t\t<div class=\"elementor-image\">\n\t\t\t\t\t\t\t\t\t\t\t\t<img width=\"600\" height=\"600\" src=\"https:\/\/colibanprimar.ro\/campanie2020\/wordpress2020\/wp-content\/uploads\/2020\/06\/allen-coliban-5.jpg\" class=\"attachment-large size-large\" alt=\"Allen Coliban profil\" loading=\"lazy\" srcset=\"https:\/\/colibanprimar.ro\/campanie2020\/wordpress2020\/wp-content\/uploads\/2020\/06\/allen-coliban-5.jpg 600w, https:\/\/colibanprimar.ro\/campanie2020\/wordpress2020\/wp-content\/uploads\/2020\/06\/allen-coliban-5-300x300.jpg 300w, https:\/\/colibanprimar.ro\/campanie2020\/wordpress2020\/wp-content\/uploads\/2020\/06\/allen-coliban-5-150x150.jpg 150w, https:\/\/colibanprimar.ro\/campanie2020\/wordpress2020\/wp-content\/uploads\/2020\/06\/allen-coliban-5-50x50.jpg 50w, https:\/\/colibanprimar.ro\/campanie2020\/wordpress2020\/wp-content\/uploads\/2020\/06\/allen-coliban-5-100x100.jpg 100w\" sizes=\"(max-width: 600px) 100vw, 600px\" \/>\t\t\t\t\t\t\t\t\t\t\t\t\t\t<\/div>\n\t\t\t\t\t\t<\/div>\n\t\t\t\t<\/div>\n\t\t\t\t<div class=\"elementor-element elementor-element-b9fc36a elementor-align-center elementor-widget elementor-widget-global elementor-global-712 elementor-widget-button\" data-id=\"b9fc36a\" data-element_type=\"widget\" data-widget_type=\"button.default\">\n\t\t\t\t<div class=\"elementor-widget-container\">\n\t\t\t\t\t<div class=\"elementor-button-wrapper\">\n\t\t\t<a href=\"https:\/\/colibanprimar.ro\/campanie2020\/pentru-brasov\" class=\"elementor-button-link elementor-button elementor-size-sm\" role=\"button\">\n\t\t\t\t\t\t<span class=\"elementor-button-content-wrapper\">\n\t\t\t\t\t\t<span class=\"elementor-button-text\">Vezi toate proiectele<\/span>\n\t\t<\/span>\n\t\t\t\t\t<\/a>\n\t\t<\/div>\n\t\t\t\t<\/div>\n\t\t\t\t<\/div>\n\t\t\t\t\t\t<\/div>\n\t\t\t\t\t<\/div>\n\t\t<\/div>\n\t\t\t\t\t\t\t\t<\/div>\n\t\t\t\t\t<\/div>\n\t\t<\/section>\n\t\t\t\t<section class=\"elementor-section elementor-top-section elementor-element elementor-element-f254e88 elementor-section-boxed elementor-section-height-default elementor-section-height-default\" data-id=\"f254e88\" data-element_type=\"section\">\n\t\t\t\t\t\t<div class=\"elementor-container elementor-column-gap-default\">\n\t\t\t\t\t\t\t<div class=\"elementor-row\">\n\t\t\t\t\t<div class=\"elementor-column elementor-col-100 elementor-top-column elementor-element elementor-element-5e16a02\" data-id=\"5e16a02\" data-element_type=\"column\">\n\t\t\t<div class=\"elementor-column-wrap elementor-element-populated\">\n\t\t\t\t\t\t\t<div class=\"elementor-widget-wrap\">\n\t\t\t\t\t\t<div class=\"elementor-element elementor-element-1bfaf16 elementor-widget elementor-widget-template\" data-id=\"1bfaf16\" data-element_type=\"widget\" data-widget_type=\"template.default\">\n\t\t\t\t<div class=\"elementor-widget-container\">\n\t\t\t\t\t<div class=\"elementor-template\">\n\t\t\t\t\t<div data-elementor-type=\"section\" data-elementor-id=\"550\" class=\"elementor elementor-550\" data-elementor-settings=\"[]\">\n\t\t<div class=\"elementor-section-wrap\">\n\t\t\t\t\t<section class=\"elementor-section elementor-top-section elementor-element elementor-element-28b52a65 elementor-section-stretched elementor-section-boxed elementor-section-height-default elementor-section-height-default\" data-id=\"28b52a65\" data-element_type=\"section\" data-settings=\"{&quot;stretch_section&quot;:&quot;section-stretched&quot;,&quot;background_background&quot;:&quot;classic&quot;}\">\n\t\t\t\t\t\t<div class=\"elementor-container elementor-column-gap-default\">\n\t\t\t\t\t\t\t<div class=\"elementor-row\">\n\t\t\t\t\t<div class=\"elementor-column elementor-col-100 elementor-top-column elementor-element elementor-element-63806d88\" data-id=\"63806d88\" data-element_type=\"column\">\n\t\t\t<div class=\"elementor-column-wrap elementor-element-populated\">\n\t\t\t\t\t\t\t<div class=\"elementor-widget-wrap\">\n\t\t\t\t\t\t<div class=\"elementor-element elementor-element-422d1143 elementor-widget elementor-widget-heading\" data-id=\"422d1143\" data-element_type=\"widget\" data-widget_type=\"heading.default\">\n\t\t\t\t<div class=\"elementor-widget-container\">\n\t\t\t<h2 class=\"elementor-heading-title elementor-size-xl\">Implic\u0103-te \u00een dezvoltarea Bra\u0219ovului!<\/h2>\t\t<\/div>\n\t\t\t\t<\/div>\n\t\t\t\t<div class=\"elementor-element elementor-element-42f577f4 elementor-widget elementor-widget-text-editor\" data-id=\"42f577f4\" data-element_type=\"widget\" data-widget_type=\"text-editor.default\">\n\t\t\t\t<div class=\"elementor-widget-container\">\n\t\t\t\t\t\t\t\t<div class=\"elementor-text-editor elementor-clearfix\">\n\t\t\t\t<p>Toate marile schimb\u0103ri politice din ultimii ani s-au \u00eent\u00e2mplat pentru c\u0103 cet\u0103\u021benii au decis s\u0103 nu stea deoparte. Primul pas este s\u0103 fii informat.<\/p><p>\u00cen fiecare s\u0103pt\u0103m\u00e2n\u0103, trimit bra\u0219ovenilor pe e-mail detalii legate de activitatea pentru Bra\u0219ov, ini\u021biative ale societ\u0103\u021bii civile, nout\u0103\u021bi despre administra\u021bia ora\u0219ului.<\/p>\t\t\t\t\t<\/div>\n\t\t\t\t\t\t<\/div>\n\t\t\t\t<\/div>\n\t\t\t\t<div class=\"elementor-element elementor-element-71c1b96c newsletter-voluntari elementor-widget elementor-widget-webify-newsletter-widget\" data-id=\"71c1b96c\" data-element_type=\"widget\" data-widget_type=\"webify-newsletter-widget.default\">\n\t\t\t\t<div class=\"elementor-widget-container\">\n\t\t\t        <div class=\"tb-border style1\">\r\n          <div class=\"tb-subscribe-heading text-center\">\r\n            <div class=\"empty-space marg-lg-b25\"><\/div>\r\n            <h3 class=\"tb-f18-lg tb-line23-lg  tb-font-name tb-m0\"><\/h3>\r\n            <p class=\"tb-m0 \"><\/p>\r\n            <div class=\"empty-space marg-lg-b25\"><\/div>\r\n          <\/div>\r\n          <hr>\r\n                      <script>(function() {\n\twindow.mc4wp = window.mc4wp || {\n\t\tlisteners: [],\n\t\tforms: {\n\t\t\ton: function(evt, cb) {\n\t\t\t\twindow.mc4wp.listeners.push(\n\t\t\t\t\t{\n\t\t\t\t\t\tevent   : evt,\n\t\t\t\t\t\tcallback: cb\n\t\t\t\t\t}\n\t\t\t\t);\n\t\t\t}\n\t\t}\n\t}\n})();\n<\/script><!-- Mailchimp for WordPress v4.8.6 - https:\/\/wordpress.org\/plugins\/mailchimp-for-wp\/ --><form id=\"mc4wp-form-1\" class=\"mc4wp-form mc4wp-form-28 tb-mc4wp-form\" method=\"post\" data-id=\"28\" data-name=\"Voluntari\" ><div class=\"mc4wp-form-fields\"><p>\r\n<label>Prenume : <\/label>\r\n<input type=\"text\" name=\"FNAME\" placeholder=\"Numele t\u0103u\" required=\"\" \/>\r\n<\/p>\r\n<p>\r\n\t<label>E-mail: <\/label>\r\n\t\t<input type=\"email\" name=\"EMAIL\" placeholder=\"E-mail (cea pe care o verifici)\" required=\"\" \/>\r\n<\/p>\r\n<p>\r\n        <input name=\"AGREE_TO_TERMS\" type=\"checkbox\" value=\"1\" required=\"\" class=\"checkbox\"> Sunt de acord cu <a href=\"https:\/\/colibanprimar.ro\/termeni-si-conditii-de-confidentialitate\"\r\n        target=\"_blank\">politica de confiden\u0163ialitate<\/a>\r\n<\/p> \r\n<p>\r\n\t<input type=\"submit\" value=\"Vreau s\u0103 m\u0103 implic!\" \/>\r\n<\/p>\r\n\r\n\r\n<\/div><label style=\"display: none !important;\">Leave this field empty if you're human: <input type=\"text\" name=\"_mc4wp_honeypot\" value=\"\" tabindex=\"-1\" autocomplete=\"off\" \/><\/label><input type=\"hidden\" name=\"_mc4wp_timestamp\" value=\"1776675330\" \/><input type=\"hidden\" name=\"_mc4wp_form_id\" value=\"28\" \/><input type=\"hidden\" name=\"_mc4wp_form_element_id\" value=\"mc4wp-form-1\" \/><div class=\"mc4wp-response\"><\/div><\/form><!-- \/ Mailchimp for WordPress Plugin -->                  <\/div>\r\n        \t\t<\/div>\n\t\t\t\t<\/div>\n\t\t\t\t\t\t<\/div>\n\t\t\t\t\t<\/div>\n\t\t<\/div>\n\t\t\t\t\t\t\t\t<\/div>\n\t\t\t\t\t<\/div>\n\t\t<\/section>\n\t\t\t\t<\/div>\n\t\t<\/div>\n\t\t\t\t<\/div>\n\t\t\t\t<\/div>\n\t\t\t\t<\/div>\n\t\t\t\t\t\t<\/div>\n\t\t\t\t\t<\/div>\n\t\t<\/div>\n\t\t\t\t\t\t\t\t<\/div>\n\t\t\t\t\t<\/div>\n\t\t<\/section>\n\t\t\t\t\t\t<\/div>\n\t\t\t\t\t\t<\/div>\n\t\t\t\t\t<\/div>\n\t\t","protected":false},"excerpt":{"rendered":"<p>Poluarea cu hidrogen sulfurat problema mirosurile nepl\u0103cute din Bra\u0219ov \u0218tim c\u0103 Bra\u0219ovul are o problem\u0103 cu mirosurile nepl\u0103cute, iar \u00een ultimii ani m-am implicat \u00een descoperirea cauzelor. \u0218i a modului \u00een care acestea pot fi \u00eenl\u0103turate. Este dovedit \u0219tiin\u021bific c\u0103 expunerea repetat\u0103 a popula\u021biei la mirosuri pestilen\u021biale duce la o serie de boli \u0219i la [&hellip;]<\/p>\n","protected":false},"author":1,"featured_media":0,"parent":434,"menu_order":0,"comment_status":"closed","ping_status":"closed","template":"","meta":[],"_links":{"self":[{"href":"https:\/\/colibanprimar.ro\/campanie2020\/wp-json\/wp\/v2\/pages\/1390"}],"collection":[{"href":"https:\/\/colibanprimar.ro\/campanie2020\/wp-json\/wp\/v2\/pages"}],"about":[{"href":"https:\/\/colibanprimar.ro\/campanie2020\/wp-json\/wp\/v2\/types\/page"}],"author":[{"embeddable":true,"href":"https:\/\/colibanprimar.ro\/campanie2020\/wp-json\/wp\/v2\/users\/1"}],"replies":[{"embeddable":true,"href":"https:\/\/colibanprimar.ro\/campanie2020\/wp-json\/wp\/v2\/comments?post=1390"}],"version-history":[{"count":0,"href":"https:\/\/colibanprimar.ro\/campanie2020\/wp-json\/wp\/v2\/pages\/1390\/revisions"}],"up":[{"embeddable":true,"href":"https:\/\/colibanprimar.ro\/campanie2020\/wp-json\/wp\/v2\/pages\/434"}],"wp:attachment":[{"href":"https:\/\/colibanprimar.ro\/campanie2020\/wp-json\/wp\/v2\/media?parent=1390"}],"curies":[{"name":"wp","href":"https:\/\/api.w.org\/{rel}","templated":true}]}}