{"id":1354,"date":"2020-07-10T06:14:39","date_gmt":"2020-07-10T06:14:39","guid":{"rendered":"https:\/\/colibanprimar.ro\/?page_id=1354"},"modified":"2020-07-10T09:07:53","modified_gmt":"2020-07-10T09:07:53","slug":"poluarea-cu-particule-in-suspensie","status":"publish","type":"page","link":"https:\/\/colibanprimar.ro\/campanie2020\/pentru-brasov\/poluarea-cu-particule-in-suspensie\/","title":{"rendered":"Poluarea cu particule \u00een suspensie"},"content":{"rendered":"\t\t<div data-elementor-type=\"wp-page\" data-elementor-id=\"1354\" class=\"elementor elementor-1354\" data-elementor-settings=\"[]\">\n\t\t\t\t\t\t<div class=\"elementor-inner\">\n\t\t\t\t\t\t\t<div class=\"elementor-section-wrap\">\n\t\t\t\t\t\t\t<section class=\"elementor-section elementor-top-section elementor-element elementor-element-46a12e2 elementor-section-stretched elementor-section-content-middle top-section-clean elementor-section-boxed elementor-section-height-default elementor-section-height-default\" data-id=\"46a12e2\" data-element_type=\"section\" data-settings=\"{&quot;stretch_section&quot;:&quot;section-stretched&quot;}\">\n\t\t\t\t\t\t<div class=\"elementor-container elementor-column-gap-default\">\n\t\t\t\t\t\t\t<div class=\"elementor-row\">\n\t\t\t\t\t<div class=\"elementor-column elementor-col-100 elementor-top-column elementor-element elementor-element-14e7f7d\" data-id=\"14e7f7d\" data-element_type=\"column\">\n\t\t\t<div class=\"elementor-column-wrap elementor-element-populated\">\n\t\t\t\t\t\t\t<div class=\"elementor-widget-wrap\">\n\t\t\t\t\t\t<div class=\"elementor-element elementor-element-b60399e elementor-widget elementor-widget-heading\" data-id=\"b60399e\" data-element_type=\"widget\" data-widget_type=\"heading.default\">\n\t\t\t\t<div class=\"elementor-widget-container\">\n\t\t\t<h1 class=\"elementor-heading-title elementor-size-default\">Poluarea cu particule \u00een suspensie <\/h1>\t\t<\/div>\n\t\t\t\t<\/div>\n\t\t\t\t<div class=\"elementor-element elementor-element-c7e7e17 elementor-widget elementor-widget-heading\" data-id=\"c7e7e17\" data-element_type=\"widget\" data-widget_type=\"heading.default\">\n\t\t\t\t<div class=\"elementor-widget-container\">\n\t\t\t<h2 class=\"elementor-heading-title elementor-size-default\">bra\u0219ovenii nu respir\u0103 un aer curat\n<\/h2>\t\t<\/div>\n\t\t\t\t<\/div>\n\t\t\t\t\t\t<\/div>\n\t\t\t\t\t<\/div>\n\t\t<\/div>\n\t\t\t\t\t\t\t\t<\/div>\n\t\t\t\t\t<\/div>\n\t\t<\/section>\n\t\t\t\t<section class=\"elementor-section elementor-top-section elementor-element elementor-element-10b9bf2 elementor-section-stretched elementor-section-boxed elementor-section-height-default elementor-section-height-default\" data-id=\"10b9bf2\" data-element_type=\"section\" data-settings=\"{&quot;stretch_section&quot;:&quot;section-stretched&quot;}\">\n\t\t\t\t\t\t<div class=\"elementor-container elementor-column-gap-default\">\n\t\t\t\t\t\t\t<div class=\"elementor-row\">\n\t\t\t\t\t<div class=\"elementor-column elementor-col-50 elementor-top-column elementor-element elementor-element-c5ef210\" data-id=\"c5ef210\" data-element_type=\"column\">\n\t\t\t<div class=\"elementor-column-wrap elementor-element-populated\">\n\t\t\t\t\t\t\t<div class=\"elementor-widget-wrap\">\n\t\t\t\t\t\t<div class=\"elementor-element elementor-element-fa5b358 elementor-invisible elementor-widget elementor-widget-image\" data-id=\"fa5b358\" data-element_type=\"widget\" data-settings=\"{&quot;_animation&quot;:&quot;slideInUp&quot;}\" data-widget_type=\"image.default\">\n\t\t\t\t<div class=\"elementor-widget-container\">\n\t\t\t\t\t\t\t\t<div class=\"elementor-image\">\n\t\t\t\t\t\t\t\t\t\t\t\t<img width=\"1024\" height=\"714\" src=\"https:\/\/colibanprimar.ro\/campanie2020\/wordpress2020\/wp-content\/uploads\/2020\/06\/mirosuri-brasov-3-1024x714.jpg\" class=\"attachment-large size-large\" alt=\"Groapa de gunoi Fin-Eco - Prpblema mirosurilor din Brasov\" loading=\"lazy\" srcset=\"https:\/\/colibanprimar.ro\/campanie2020\/wordpress2020\/wp-content\/uploads\/2020\/06\/mirosuri-brasov-3-1024x714.jpg 1024w, https:\/\/colibanprimar.ro\/campanie2020\/wordpress2020\/wp-content\/uploads\/2020\/06\/mirosuri-brasov-3-300x209.jpg 300w, https:\/\/colibanprimar.ro\/campanie2020\/wordpress2020\/wp-content\/uploads\/2020\/06\/mirosuri-brasov-3-768x536.jpg 768w, https:\/\/colibanprimar.ro\/campanie2020\/wordpress2020\/wp-content\/uploads\/2020\/06\/mirosuri-brasov-3-1536x1072.jpg 1536w, https:\/\/colibanprimar.ro\/campanie2020\/wordpress2020\/wp-content\/uploads\/2020\/06\/mirosuri-brasov-3.jpg 1654w\" sizes=\"(max-width: 1024px) 100vw, 1024px\" \/>\t\t\t\t\t\t\t\t\t\t\t\t\t\t<\/div>\n\t\t\t\t\t\t<\/div>\n\t\t\t\t<\/div>\n\t\t\t\t<div class=\"elementor-element elementor-element-a72d98e elementor-widget elementor-widget-text-editor\" data-id=\"a72d98e\" data-element_type=\"widget\" data-widget_type=\"text-editor.default\">\n\t\t\t\t<div class=\"elementor-widget-container\">\n\t\t\t\t\t\t\t\t<div class=\"elementor-text-editor elementor-clearfix\">\n\t\t\t\t<p>De\u0219i suntem \u00een procedur\u0103 de infringement \u00eenc\u0103 din 2009, autorit\u0103\u021bile locale au negat problema calit\u0103\u021bii aerului p\u00e2n\u0103 la finalul anului trecut. Mai mult, chiar \u0219i primele m\u0103sur\u0103tori realizate la momentul ader\u0103rii, \u00een 2007, reflectau faptul c\u0103 <strong>bra\u0219ovenii nu se bucur\u0103 de un aer suficient de curat<\/strong>.<\/p><p>\u00cenc\u0103 de la \u00eenceputul activit\u0103\u021bii mele parlamentare, am adus \u00een aten\u021bia opiniei publice problemele legate de calitatea aerului, at\u00e2t la nivel na\u021bional, c\u00e2t \u0219i la nivelul municipiului Bra\u0219ov. Am lucrat cu speciali\u0219ti \u015fi cu societatea civil\u0103, am avut preocuparea constant\u0103 de a m\u0103 documenta c\u00e2t mai bine despre problemele de mediu ale Bra\u0219ovului, am organizat dezbateri publice \u0219i am prezentat public solu\u021biile.<\/p><p>Am fost primul om politic care a vorbit despre problema polu\u0103rii aerului din Municipiul Bra\u0219ov cu particule \u00een suspensie (<strong>PM10<\/strong> \u0219i <strong>PM2.5<\/strong>), propun\u00e2nd solu\u021bii alternative, instal\u00e2nd aparate de m\u0103sur\u0103 independente \u0219i f\u0103c\u00e2nd publice rezultatele. Pe parcursul mandatului, am f\u0103cut solicit\u0103ri repetate \u00een vederea repar\u0103rii, repunerii \u00een func\u021biune \u0219i extinderii re\u021belei de sta\u021bii de m\u0103surare a calit\u0103\u021bii aerului. \u00cen momentul de fa\u0163\u0103, ca urmare a demersurilor pe care le-am f\u0103cut, func\u021bioneaz\u0103 toate cele patru sta\u0163ii de pe teritoriul Municipiului Bra\u015fov, furniz\u00e2nd indicii PM-urilor, \u00eentr-un ora\u015f care are probleme majore de poluare cu particule.<\/p><p>Am instalat senzori la sediul USR, \u00een zona Teatrului Dramatic atunci c\u00e2nd Agen\u0163ia pentru Protec\u0163ia Mediului a mutat sta\u0163ia de m\u0103surarea calit\u0103\u0163ii aerului BV2 de la Ceasul r\u0103u pe Strada Memorandumului. Mutarea sta\u0163iei s-a realizat pentru c\u0103 valorile \u00eenregistrate ale polu\u0103rii aerului erau constant mari \u015fi au stat la baza deciziei includerii Bra\u015fovului pe \u201clista neagr\u0103\u201d a ora\u015felor cu probleme de calitatea aerului. Pretextul a fost c\u0103 Prim\u0103ria va descoperi p\u00e2r\u00e2ul Graft pentru a face o zon\u0103 pietonal\u0103 \u00eentre dou\u0103 intersec\u0163ii aglomerate, proiect la care a renun\u0163at \u00een acest an.<\/p><p>Am dezvoltat proiectul &#8220;<strong>Vrem aer curat \u00een jude\u021bul Bra\u0219ov!<\/strong>&#8221; prin care eu \u015fi colegii din USR Bra\u015fov ne-am propus realizarea unei re\u0163ele de senzori de m\u0103surarea calit\u0103\u0163ii aerului \u00een tot jude\u0163ul nostru.<\/p><p><strong>P\u00e2n\u0103 \u00een acest moment au fost instala\u021bi 14 senzori \u00een Bra\u0219ov, Cristian, Codlea, R\u00e2\u0219nov, Z\u0103rne\u0219ti, S\u0103cele, H\u0103rman, Victoria \u0219i F\u0103g\u0103ra\u0219.<\/strong><\/p><p>Am amplasat sta\u021bii independente de m\u0103surare a calit\u0103\u021bii aerului, \u00een mai multe zone din ora\u0219, acoperind cu prioritate zonele ignorate de re\u021beaua oficial\u0103 a Ministerului Mediului (<a href=\"http:\/\/bit.ly\/aerbvcentru\">Centru<\/a>, <a href=\"http:\/\/bit.ly\/aerbvbartolomeu\">Bartolomeu<\/a>, <a href=\"http:\/\/bit.ly\/aerbvtractorul\">Tractorul<\/a>), \u00een care au fost semnalate valori alarmante. Am monitorizat evolu\u021bia valorilor, prin studii comparative ale datelor oficiale \u0219i ale celor independente, \u0219i am expus public gravitatea problemei.<\/p><p>Perspectiva acestor date este aceea de a ne ap\u0103ra drepturile la un aer s\u0103n\u0103tos. \u00cen momentul \u00een care vom con\u0219tientiza c\u0103 avem o problem\u0103 cu poluarea \u0219i vom avea o dimensiune a acestei polu\u0103ri, poate c\u0103 vom fi \u0219i noi mai aten\u021bi cu spa\u021biile verzi, cu transportul \u00een comun, cu tot ce \u00eenseamn\u0103 a dezvolta un mediu urban \u0219i prietenos cu omul.<\/p><p>Am solicitat Prim\u0103riei Bra\u0219ov achizi\u021bionarea de mijloace de transport nepoluante, conservarea \u0219i extinderea suprafe\u021belor verzi, aplicarea urgent\u0103 a m\u0103surilor cuprinse \u00een Planul de Management al Calit\u0103\u021bii Aerului \u0219i revizuirea sa periodic\u0103, precum \u0219i realizarea unei re\u021bele extinse de m\u0103surare a polu\u0103rii (a\u0219a cum exist\u0103 deja \u00een Bucure\u0219ti, Ia\u0219i sau Cluj-Napoca) \u015fi am adus speciali\u0219ti la <a href=\"https:\/\/www.facebook.com\/USRBrasov\/posts\/2426746884252893\">dezbaterea public\u0103 organizat\u0103 \u00een 20 decembrie 2019 de Prim\u0103ria Bra\u0219ov<\/a>, prezent\u00e2nd analize \u0219i solu\u021bii, acolo unde primarul Scripcaru se pl\u00e2ngea c\u0103 \u201cnu are p\u00e2rghii&#8221;, de\u015fi ar fi trebuit s\u0103 cunoasc\u0103 problema polu\u0103rii din Bra\u015fov din 2007.<\/p><p><strong>Adev\u0103rul e c\u0103 pe primarul Scripcaru nu l-a interesat problema calit\u0103\u0163ii aerului pe care-l respir\u0103 bra\u015fovenii<\/strong>. A negat poluarea p\u00e2n\u0103 la finalul anului trecut \u015fi a luat subiectul \u00een der\u00e2dere atunci c\u00e2nd indica principala surs\u0103 de poluare din Bra\u015fov ca fiind \u201cmicii de la Ceasul r\u0103u\u201d, iar Planul Integrat de Calitatea Aerului l-a realizat cu patru ani \u00eent\u00e2rziere.<\/p><p><strong>Am reu\u015fit s\u0103 includ \u00een bugetul Rom\u00e2niei pe anul 2020 achizi\u021bia a dou\u0103 laboratoare mobile de m\u0103surarea calit\u0103\u021bii aerului pentru ora\u015fele Bra\u0219ov \u015fi Ia\u015fi.<\/strong><\/p><p>De asemenea, <span style=\"text-decoration: underline;\"><a href=\"https:\/\/www.facebook.com\/AllenColibanUSR\/posts\/1500204826784684\">i-am adresat Pre\u0219edintelui Klaus Iohannis o scrisoare deschis\u0103<\/a><\/span>, prin care i-am cerut s\u0103 recunoasc\u0103 \u0219i s\u0103 includ\u0103 \u00een \u015fedin\u0163ele CSAT (Consiliul Suprem de Ap\u0103rare a \u021a\u0103rii) problema polu\u0103rii aerului ca risc de siguran\u021b\u0103 na\u021bional\u0103.<\/p><p>Poluarea aerului omoar\u0103 \u00een fiecare an peste 23.000 de rom\u00e2ni, provoc\u00e2nd boli precum cancer pulmonar sau atac vascular cerebral, iar costurile anuale generate la bugetul s\u0103n\u0103t\u0103\u0163ii \u00een Rom\u00e2nia de bolile provocate de poluarea aerului se ridic\u0103 la 1.12 miliarde euro.<\/p><p>Este trist \u0219i chiar \u0219ocant c\u0103 ne confrunt\u0103m cu o astfel de realitate tocmai la Bra\u0219ov. \u00cens\u0103 abia dup\u0103 ce vom accepta eviden\u021ba, vom putea schimba ceva &#8211; mentalit\u0103\u021bi, obiceiuri, politici locale. A venit momentul s\u0103 discut\u0103m deschis despre toate acestea.<\/p>\t\t\t\t\t<\/div>\n\t\t\t\t\t\t<\/div>\n\t\t\t\t<\/div>\n\t\t\t\t\t\t<\/div>\n\t\t\t\t\t<\/div>\n\t\t<\/div>\n\t\t\t\t<div class=\"elementor-column elementor-col-50 elementor-top-column elementor-element elementor-element-fff874b\" data-id=\"fff874b\" data-element_type=\"column\" data-settings=\"{&quot;motion_fx_motion_fx_scrolling&quot;:&quot;yes&quot;,&quot;motion_fx_translateY_effect&quot;:&quot;yes&quot;,&quot;motion_fx_translateY_speed&quot;:{&quot;unit&quot;:&quot;px&quot;,&quot;size&quot;:3.9,&quot;sizes&quot;:[]},&quot;motion_fx_translateY_affectedRange&quot;:{&quot;unit&quot;:&quot;%&quot;,&quot;size&quot;:&quot;&quot;,&quot;sizes&quot;:{&quot;start&quot;:18,&quot;end&quot;:88}},&quot;motion_fx_devices&quot;:[&quot;desktop&quot;,&quot;tablet&quot;,&quot;mobile&quot;]}\">\n\t\t\t<div class=\"elementor-column-wrap elementor-element-populated\">\n\t\t\t\t\t\t\t<div class=\"elementor-widget-wrap\">\n\t\t\t\t\t\t<div class=\"elementor-element elementor-element-dd8c6a9 elementor-widget elementor-widget-image\" data-id=\"dd8c6a9\" data-element_type=\"widget\" data-widget_type=\"image.default\">\n\t\t\t\t<div class=\"elementor-widget-container\">\n\t\t\t\t\t\t\t\t<div class=\"elementor-image\">\n\t\t\t\t\t\t\t\t\t\t\t\t<img width=\"600\" height=\"600\" src=\"https:\/\/colibanprimar.ro\/campanie2020\/wordpress2020\/wp-content\/uploads\/2020\/06\/allen-coliban-8.jpg\" class=\"attachment-large size-large\" alt=\"Allen Coliban profil\" loading=\"lazy\" srcset=\"https:\/\/colibanprimar.ro\/campanie2020\/wordpress2020\/wp-content\/uploads\/2020\/06\/allen-coliban-8.jpg 600w, https:\/\/colibanprimar.ro\/campanie2020\/wordpress2020\/wp-content\/uploads\/2020\/06\/allen-coliban-8-300x300.jpg 300w, https:\/\/colibanprimar.ro\/campanie2020\/wordpress2020\/wp-content\/uploads\/2020\/06\/allen-coliban-8-150x150.jpg 150w, https:\/\/colibanprimar.ro\/campanie2020\/wordpress2020\/wp-content\/uploads\/2020\/06\/allen-coliban-8-50x50.jpg 50w, https:\/\/colibanprimar.ro\/campanie2020\/wordpress2020\/wp-content\/uploads\/2020\/06\/allen-coliban-8-100x100.jpg 100w\" sizes=\"(max-width: 600px) 100vw, 600px\" \/>\t\t\t\t\t\t\t\t\t\t\t\t\t\t<\/div>\n\t\t\t\t\t\t<\/div>\n\t\t\t\t<\/div>\n\t\t\t\t<div class=\"elementor-element elementor-element-b9fc36a elementor-align-center elementor-widget elementor-widget-global elementor-global-712 elementor-widget-button\" data-id=\"b9fc36a\" data-element_type=\"widget\" data-widget_type=\"button.default\">\n\t\t\t\t<div class=\"elementor-widget-container\">\n\t\t\t\t\t<div class=\"elementor-button-wrapper\">\n\t\t\t<a href=\"https:\/\/colibanprimar.ro\/campanie2020\/pentru-brasov\" class=\"elementor-button-link elementor-button elementor-size-sm\" role=\"button\">\n\t\t\t\t\t\t<span class=\"elementor-button-content-wrapper\">\n\t\t\t\t\t\t<span class=\"elementor-button-text\">Vezi toate proiectele<\/span>\n\t\t<\/span>\n\t\t\t\t\t<\/a>\n\t\t<\/div>\n\t\t\t\t<\/div>\n\t\t\t\t<\/div>\n\t\t\t\t\t\t<\/div>\n\t\t\t\t\t<\/div>\n\t\t<\/div>\n\t\t\t\t\t\t\t\t<\/div>\n\t\t\t\t\t<\/div>\n\t\t<\/section>\n\t\t\t\t<section class=\"elementor-section elementor-top-section elementor-element elementor-element-f254e88 elementor-section-boxed elementor-section-height-default elementor-section-height-default\" data-id=\"f254e88\" data-element_type=\"section\">\n\t\t\t\t\t\t<div class=\"elementor-container elementor-column-gap-default\">\n\t\t\t\t\t\t\t<div class=\"elementor-row\">\n\t\t\t\t\t<div class=\"elementor-column elementor-col-100 elementor-top-column elementor-element elementor-element-5e16a02\" data-id=\"5e16a02\" data-element_type=\"column\">\n\t\t\t<div class=\"elementor-column-wrap elementor-element-populated\">\n\t\t\t\t\t\t\t<div class=\"elementor-widget-wrap\">\n\t\t\t\t\t\t<div class=\"elementor-element elementor-element-1bfaf16 elementor-widget elementor-widget-template\" data-id=\"1bfaf16\" data-element_type=\"widget\" data-widget_type=\"template.default\">\n\t\t\t\t<div class=\"elementor-widget-container\">\n\t\t\t\t\t<div class=\"elementor-template\">\n\t\t\t\t\t<div data-elementor-type=\"section\" data-elementor-id=\"550\" class=\"elementor elementor-550\" data-elementor-settings=\"[]\">\n\t\t<div class=\"elementor-section-wrap\">\n\t\t\t\t\t<section class=\"elementor-section elementor-top-section elementor-element elementor-element-28b52a65 elementor-section-stretched elementor-section-boxed elementor-section-height-default elementor-section-height-default\" data-id=\"28b52a65\" data-element_type=\"section\" data-settings=\"{&quot;stretch_section&quot;:&quot;section-stretched&quot;,&quot;background_background&quot;:&quot;classic&quot;}\">\n\t\t\t\t\t\t<div class=\"elementor-container elementor-column-gap-default\">\n\t\t\t\t\t\t\t<div class=\"elementor-row\">\n\t\t\t\t\t<div class=\"elementor-column elementor-col-100 elementor-top-column elementor-element elementor-element-63806d88\" data-id=\"63806d88\" data-element_type=\"column\">\n\t\t\t<div class=\"elementor-column-wrap elementor-element-populated\">\n\t\t\t\t\t\t\t<div class=\"elementor-widget-wrap\">\n\t\t\t\t\t\t<div class=\"elementor-element elementor-element-422d1143 elementor-widget elementor-widget-heading\" data-id=\"422d1143\" data-element_type=\"widget\" data-widget_type=\"heading.default\">\n\t\t\t\t<div class=\"elementor-widget-container\">\n\t\t\t<h2 class=\"elementor-heading-title elementor-size-xl\">Implic\u0103-te \u00een dezvoltarea Bra\u0219ovului!<\/h2>\t\t<\/div>\n\t\t\t\t<\/div>\n\t\t\t\t<div class=\"elementor-element elementor-element-42f577f4 elementor-widget elementor-widget-text-editor\" data-id=\"42f577f4\" data-element_type=\"widget\" data-widget_type=\"text-editor.default\">\n\t\t\t\t<div class=\"elementor-widget-container\">\n\t\t\t\t\t\t\t\t<div class=\"elementor-text-editor elementor-clearfix\">\n\t\t\t\t<p>Toate marile schimb\u0103ri politice din ultimii ani s-au \u00eent\u00e2mplat pentru c\u0103 cet\u0103\u021benii au decis s\u0103 nu stea deoparte. Primul pas este s\u0103 fii informat.<\/p><p>\u00cen fiecare s\u0103pt\u0103m\u00e2n\u0103, trimit bra\u0219ovenilor pe e-mail detalii legate de activitatea pentru Bra\u0219ov, ini\u021biative ale societ\u0103\u021bii civile, nout\u0103\u021bi despre administra\u021bia ora\u0219ului.<\/p>\t\t\t\t\t<\/div>\n\t\t\t\t\t\t<\/div>\n\t\t\t\t<\/div>\n\t\t\t\t<div class=\"elementor-element elementor-element-71c1b96c newsletter-voluntari elementor-widget elementor-widget-webify-newsletter-widget\" data-id=\"71c1b96c\" data-element_type=\"widget\" data-widget_type=\"webify-newsletter-widget.default\">\n\t\t\t\t<div class=\"elementor-widget-container\">\n\t\t\t        <div class=\"tb-border style1\">\r\n          <div class=\"tb-subscribe-heading text-center\">\r\n            <div class=\"empty-space marg-lg-b25\"><\/div>\r\n            <h3 class=\"tb-f18-lg tb-line23-lg  tb-font-name tb-m0\"><\/h3>\r\n            <p class=\"tb-m0 \"><\/p>\r\n            <div class=\"empty-space marg-lg-b25\"><\/div>\r\n          <\/div>\r\n          <hr>\r\n                      <script>(function() {\n\twindow.mc4wp = window.mc4wp || {\n\t\tlisteners: [],\n\t\tforms: {\n\t\t\ton: function(evt, cb) {\n\t\t\t\twindow.mc4wp.listeners.push(\n\t\t\t\t\t{\n\t\t\t\t\t\tevent   : evt,\n\t\t\t\t\t\tcallback: cb\n\t\t\t\t\t}\n\t\t\t\t);\n\t\t\t}\n\t\t}\n\t}\n})();\n<\/script><!-- Mailchimp for WordPress v4.8.6 - https:\/\/wordpress.org\/plugins\/mailchimp-for-wp\/ --><form id=\"mc4wp-form-1\" class=\"mc4wp-form mc4wp-form-28 tb-mc4wp-form\" method=\"post\" data-id=\"28\" data-name=\"Voluntari\" ><div class=\"mc4wp-form-fields\"><p>\r\n<label>Prenume : <\/label>\r\n<input type=\"text\" name=\"FNAME\" placeholder=\"Numele t\u0103u\" required=\"\" \/>\r\n<\/p>\r\n<p>\r\n\t<label>E-mail: <\/label>\r\n\t\t<input type=\"email\" name=\"EMAIL\" placeholder=\"E-mail (cea pe care o verifici)\" required=\"\" \/>\r\n<\/p>\r\n<p>\r\n        <input name=\"AGREE_TO_TERMS\" type=\"checkbox\" value=\"1\" required=\"\" class=\"checkbox\"> Sunt de acord cu <a href=\"https:\/\/colibanprimar.ro\/termeni-si-conditii-de-confidentialitate\"\r\n        target=\"_blank\">politica de confiden\u0163ialitate<\/a>\r\n<\/p> \r\n<p>\r\n\t<input type=\"submit\" value=\"Vreau s\u0103 m\u0103 implic!\" \/>\r\n<\/p>\r\n\r\n\r\n<\/div><label style=\"display: none !important;\">Leave this field empty if you're human: <input type=\"text\" name=\"_mc4wp_honeypot\" value=\"\" tabindex=\"-1\" autocomplete=\"off\" \/><\/label><input type=\"hidden\" name=\"_mc4wp_timestamp\" value=\"1776675299\" \/><input type=\"hidden\" name=\"_mc4wp_form_id\" value=\"28\" \/><input type=\"hidden\" name=\"_mc4wp_form_element_id\" value=\"mc4wp-form-1\" \/><div class=\"mc4wp-response\"><\/div><\/form><!-- \/ Mailchimp for WordPress Plugin -->                  <\/div>\r\n        \t\t<\/div>\n\t\t\t\t<\/div>\n\t\t\t\t\t\t<\/div>\n\t\t\t\t\t<\/div>\n\t\t<\/div>\n\t\t\t\t\t\t\t\t<\/div>\n\t\t\t\t\t<\/div>\n\t\t<\/section>\n\t\t\t\t<\/div>\n\t\t<\/div>\n\t\t\t\t<\/div>\n\t\t\t\t<\/div>\n\t\t\t\t<\/div>\n\t\t\t\t\t\t<\/div>\n\t\t\t\t\t<\/div>\n\t\t<\/div>\n\t\t\t\t\t\t\t\t<\/div>\n\t\t\t\t\t<\/div>\n\t\t<\/section>\n\t\t\t\t\t\t<\/div>\n\t\t\t\t\t\t<\/div>\n\t\t\t\t\t<\/div>\n\t\t","protected":false},"excerpt":{"rendered":"<p>Poluarea cu particule \u00een suspensie bra\u0219ovenii nu respir\u0103 un aer curat De\u0219i suntem \u00een procedur\u0103 de infringement \u00eenc\u0103 din 2009, autorit\u0103\u021bile locale au negat problema calit\u0103\u021bii aerului p\u00e2n\u0103 la finalul anului trecut. Mai mult, chiar \u0219i primele m\u0103sur\u0103tori realizate la momentul ader\u0103rii, \u00een 2007, reflectau faptul c\u0103 bra\u0219ovenii nu se bucur\u0103 de un aer suficient [&hellip;]<\/p>\n","protected":false},"author":1,"featured_media":0,"parent":434,"menu_order":0,"comment_status":"closed","ping_status":"closed","template":"","meta":[],"_links":{"self":[{"href":"https:\/\/colibanprimar.ro\/campanie2020\/wp-json\/wp\/v2\/pages\/1354"}],"collection":[{"href":"https:\/\/colibanprimar.ro\/campanie2020\/wp-json\/wp\/v2\/pages"}],"about":[{"href":"https:\/\/colibanprimar.ro\/campanie2020\/wp-json\/wp\/v2\/types\/page"}],"author":[{"embeddable":true,"href":"https:\/\/colibanprimar.ro\/campanie2020\/wp-json\/wp\/v2\/users\/1"}],"replies":[{"embeddable":true,"href":"https:\/\/colibanprimar.ro\/campanie2020\/wp-json\/wp\/v2\/comments?post=1354"}],"version-history":[{"count":0,"href":"https:\/\/colibanprimar.ro\/campanie2020\/wp-json\/wp\/v2\/pages\/1354\/revisions"}],"up":[{"embeddable":true,"href":"https:\/\/colibanprimar.ro\/campanie2020\/wp-json\/wp\/v2\/pages\/434"}],"wp:attachment":[{"href":"https:\/\/colibanprimar.ro\/campanie2020\/wp-json\/wp\/v2\/media?parent=1354"}],"curies":[{"name":"wp","href":"https:\/\/api.w.org\/{rel}","templated":true}]}}