{"id":1308,"date":"2020-07-06T12:21:38","date_gmt":"2020-07-06T12:21:38","guid":{"rendered":"https:\/\/colibanprimar.ro\/?page_id=1308"},"modified":"2020-07-22T08:32:54","modified_gmt":"2020-07-22T08:32:54","slug":"legea-mirosurilor","status":"publish","type":"page","link":"https:\/\/colibanprimar.ro\/campanie2020\/pentru-brasov\/legea-mirosurilor\/","title":{"rendered":"Legea Mirosurilor"},"content":{"rendered":"\t\t<div data-elementor-type=\"wp-page\" data-elementor-id=\"1308\" class=\"elementor elementor-1308\" data-elementor-settings=\"[]\">\n\t\t\t\t\t\t<div class=\"elementor-inner\">\n\t\t\t\t\t\t\t<div class=\"elementor-section-wrap\">\n\t\t\t\t\t\t\t<section class=\"elementor-section elementor-top-section elementor-element elementor-element-46a12e2 elementor-section-stretched elementor-section-content-middle top-section-clean elementor-section-boxed elementor-section-height-default elementor-section-height-default\" data-id=\"46a12e2\" data-element_type=\"section\" data-settings=\"{&quot;stretch_section&quot;:&quot;section-stretched&quot;}\">\n\t\t\t\t\t\t<div class=\"elementor-container elementor-column-gap-default\">\n\t\t\t\t\t\t\t<div class=\"elementor-row\">\n\t\t\t\t\t<div class=\"elementor-column elementor-col-100 elementor-top-column elementor-element elementor-element-14e7f7d\" data-id=\"14e7f7d\" data-element_type=\"column\">\n\t\t\t<div class=\"elementor-column-wrap elementor-element-populated\">\n\t\t\t\t\t\t\t<div class=\"elementor-widget-wrap\">\n\t\t\t\t\t\t<div class=\"elementor-element elementor-element-b60399e elementor-widget elementor-widget-heading\" data-id=\"b60399e\" data-element_type=\"widget\" data-widget_type=\"heading.default\">\n\t\t\t\t<div class=\"elementor-widget-container\">\n\t\t\t<h1 class=\"elementor-heading-title elementor-size-default\">Legea Mirosurilor<\/h1>\t\t<\/div>\n\t\t\t\t<\/div>\n\t\t\t\t<div class=\"elementor-element elementor-element-c7e7e17 elementor-widget elementor-widget-heading\" data-id=\"c7e7e17\" data-element_type=\"widget\" data-widget_type=\"heading.default\">\n\t\t\t\t<div class=\"elementor-widget-container\">\n\t\t\t<h2 class=\"elementor-heading-title elementor-size-default\">baza legislativ\u0103 pentru sanc\u021bionarea poluatorilor<\/h2>\t\t<\/div>\n\t\t\t\t<\/div>\n\t\t\t\t\t\t<\/div>\n\t\t\t\t\t<\/div>\n\t\t<\/div>\n\t\t\t\t\t\t\t\t<\/div>\n\t\t\t\t\t<\/div>\n\t\t<\/section>\n\t\t\t\t<section class=\"elementor-section elementor-top-section elementor-element elementor-element-10b9bf2 elementor-section-stretched elementor-section-boxed elementor-section-height-default elementor-section-height-default\" data-id=\"10b9bf2\" data-element_type=\"section\" data-settings=\"{&quot;stretch_section&quot;:&quot;section-stretched&quot;}\">\n\t\t\t\t\t\t<div class=\"elementor-container elementor-column-gap-default\">\n\t\t\t\t\t\t\t<div class=\"elementor-row\">\n\t\t\t\t\t<div class=\"elementor-column elementor-col-50 elementor-top-column elementor-element elementor-element-c5ef210\" data-id=\"c5ef210\" data-element_type=\"column\">\n\t\t\t<div class=\"elementor-column-wrap elementor-element-populated\">\n\t\t\t\t\t\t\t<div class=\"elementor-widget-wrap\">\n\t\t\t\t\t\t<div class=\"elementor-element elementor-element-fa5b358 elementor-invisible elementor-widget elementor-widget-image\" data-id=\"fa5b358\" data-element_type=\"widget\" data-settings=\"{&quot;_animation&quot;:&quot;slideInUp&quot;}\" data-widget_type=\"image.default\">\n\t\t\t\t<div class=\"elementor-widget-container\">\n\t\t\t\t\t\t\t\t<div class=\"elementor-image\">\n\t\t\t\t\t\t\t\t\t\t\t\t<img width=\"819\" height=\"1024\" src=\"https:\/\/colibanprimar.ro\/campanie2020\/wordpress2020\/wp-content\/uploads\/2020\/07\/104419982_1689820097823155_1163741321352286428_o-819x1024.png\" class=\"attachment-large size-large\" alt=\"\" loading=\"lazy\" srcset=\"https:\/\/colibanprimar.ro\/campanie2020\/wordpress2020\/wp-content\/uploads\/2020\/07\/104419982_1689820097823155_1163741321352286428_o-819x1024.png 819w, https:\/\/colibanprimar.ro\/campanie2020\/wordpress2020\/wp-content\/uploads\/2020\/07\/104419982_1689820097823155_1163741321352286428_o-240x300.png 240w, https:\/\/colibanprimar.ro\/campanie2020\/wordpress2020\/wp-content\/uploads\/2020\/07\/104419982_1689820097823155_1163741321352286428_o-768x960.png 768w, https:\/\/colibanprimar.ro\/campanie2020\/wordpress2020\/wp-content\/uploads\/2020\/07\/104419982_1689820097823155_1163741321352286428_o.png 1000w\" sizes=\"(max-width: 819px) 100vw, 819px\" \/>\t\t\t\t\t\t\t\t\t\t\t\t\t\t<\/div>\n\t\t\t\t\t\t<\/div>\n\t\t\t\t<\/div>\n\t\t\t\t<div class=\"elementor-element elementor-element-a72d98e elementor-widget elementor-widget-text-editor\" data-id=\"a72d98e\" data-element_type=\"widget\" data-widget_type=\"text-editor.default\">\n\t\t\t\t<div class=\"elementor-widget-container\">\n\t\t\t\t\t\t\t\t<div class=\"elementor-text-editor elementor-clearfix\">\n\t\t\t\t<p>Am o nou\u0103 veste bun\u0103 pentru Bra\u0219ov: <strong>a trecut Legea mirosurilor!<\/strong><\/p><p>O lege pentru care m-am luptat trei ani \u00een Parlament \u0219i care ofer\u0103 G\u0103rzii de Mediu baza legislativ\u0103 pentru a sanc\u021biona poluatorii.<\/p><p>Colegul meu Cornel Zainea, deputat USR al\u0103turi de care am luptat pentru aceast\u0103 lege, explic\u0103 simplu de ce legea mirosurilor este necesar\u0103 pentru to\u021bi:<\/p><p><strong>\u201dMirosurile afecteaz\u0103 pe toat\u0103 lumea. Dac\u0103 pute, pute \u0219i pentru USR-ist, \u0219i pentru PSD-ist, \u0219i pentru UDMR-ist, \u0219i pentru s\u0103rac, \u0219i pentru bogat. \u0218i pentru cet\u0103\u021bean, \u0219i pentru politician\u201d.<\/strong><\/p><p>Legea a pornit de la doamna inginer <a href=\"https:\/\/www.facebook.com\/RodicaMilitaruUSR\/\"><span style=\"text-decoration: underline;\"><strong>Rodica Militaru<\/strong><\/span><\/a>, colega mea de la USR Timi\u0219oara. C\u00e2nd abia intrasem \u00een Parlament, \u00een ianuarie 2017, am avut pl\u0103cerea de a purta o discu\u021bie la Sibiu cu ea \u0219i cu deputatul <span style=\"text-decoration: underline;\"><strong><a href=\"https:\/\/www.facebook.com\/cornel.zainea.usr\/posts\/3930344403706952?__tn__=K-R\">Cornel Zainea<\/a><\/strong><\/span>.<\/p><p>Doamna venise foarte bine preg\u0103tit\u0103, sesizase faptul c\u0103 exist\u0103 un vid legislativ \u0219i c\u0103 trebuie reglementat\u0103 problema mirosurilor. La c\u00e2teva zile dup\u0103 acea \u00eent\u00e2lnire, am primit de la d\u00e2nsa materiale tehnice foarte consistente \u00een vederea formul\u0103rii unui proiect de lege.<\/p><p>P\u00e2n\u0103 la adoptare, drumul a fost lung \u0219i anevoios. Gra\u021biela Gavrilescu, fost ministru PSD al Mediului, a \u00eencercat s-o depun\u0103 \u00een nume propriu.<\/p><p>Am reu\u0219it s\u0103 oprim asta \u0219i, cu chiu, cu vai, legea a fost adoptat\u0103 tacit de Senat \u00een 18 septembrie 2018. Apoi, timp de un an \u0219i jum\u0103tate, am dus mult\u0103 munc\u0103 de convingere pentru ca ea s\u0103 fie pus\u0103 pe ordinea de zi.<\/p><p>Am realizat <a href=\"https:\/\/legeamirosurilor.ro\/\"><span style=\"text-decoration: underline;\"><strong>un site dedicat acestei legi<\/strong><\/span><\/a> pentru o mai bun\u0103 informare a cet\u0103\u021benilor. Am lansat <a href=\"https:\/\/mediu.usr.ro\/petitie-publica-pentru-legea-mirosurilor\/\"><span style=\"text-decoration: underline;\"><strong>o peti\u021bie<\/strong><\/span><\/a> \u0219i am cerut sprijinul societ\u0103\u021bii civile \u00een demersurile de a reglementa problema mirosurilor nepl\u0103cute. Peste 6.000 de rom\u00e2ni ne-au sus\u021binut \u0219i \u021bin s\u0103 le mul\u021bumesc foarte mult.<\/p><p>Dup\u0103 alte eforturi \u0219i negocieri,<strong> \u00een 17 iunie 2020, legea a fost adoptat\u0103<\/strong> cu 309 voturi \u0219i o ab\u021binere. O victorie foarte muncit\u0103, cum se zice la fotbal.<\/p><p><strong>Trei ani a durat parcursul legii prin Parlament, dar a meritat: aceast\u0103 lege va contribui la \u00eembun\u0103t\u0103\u021birea calit\u0103\u021bii vie\u021bii c\u00e2torva zeci de mii de rom\u00e2ni.<\/strong><\/p>\t\t\t\t\t<\/div>\n\t\t\t\t\t\t<\/div>\n\t\t\t\t<\/div>\n\t\t\t\t<div class=\"elementor-element elementor-element-4169ed4 elementor-invisible elementor-widget elementor-widget-image\" data-id=\"4169ed4\" data-element_type=\"widget\" data-settings=\"{&quot;_animation&quot;:&quot;slideInUp&quot;}\" data-widget_type=\"image.default\">\n\t\t\t\t<div class=\"elementor-widget-container\">\n\t\t\t\t\t\t\t\t<div class=\"elementor-image\">\n\t\t\t\t\t\t\t\t\t\t\t\t<img width=\"704\" height=\"496\" src=\"https:\/\/colibanprimar.ro\/campanie2020\/wordpress2020\/wp-content\/uploads\/2020\/05\/coliban-parlament3.jpg\" class=\"attachment-large size-large\" alt=\"Allen Coliban Senator USR de Brasov\" loading=\"lazy\" srcset=\"https:\/\/colibanprimar.ro\/campanie2020\/wordpress2020\/wp-content\/uploads\/2020\/05\/coliban-parlament3.jpg 704w, https:\/\/colibanprimar.ro\/campanie2020\/wordpress2020\/wp-content\/uploads\/2020\/05\/coliban-parlament3-300x211.jpg 300w\" sizes=\"(max-width: 704px) 100vw, 704px\" \/>\t\t\t\t\t\t\t\t\t\t\t\t\t\t<\/div>\n\t\t\t\t\t\t<\/div>\n\t\t\t\t<\/div>\n\t\t\t\t<div class=\"elementor-element elementor-element-4e11979 elementor-widget elementor-widget-text-editor\" data-id=\"4e11979\" data-element_type=\"widget\" data-widget_type=\"text-editor.default\">\n\t\t\t\t<div class=\"elementor-widget-container\">\n\t\t\t\t\t\t\t\t<div class=\"elementor-text-editor elementor-clearfix\">\n\t\t\t\t<p><span style=\"font-size: 14px;\">Legea mirosurilor va fi un instrument important pentru to\u021bi rom\u00e2nii care se confrunt\u0103 cu problemele cauzate de poluarea olfactiv\u0103.<\/span><\/p><p>Fie c\u0103 vorbim de gropi de gunoi, de ferme de porci, de fabrici de cauciuc sau de alte activit\u0103\u021bi cu puternic impact olfactiv, s\u0103n\u0103tatea \u0219i calitatea vie\u021bii a sute de mii de rom\u00e2ni ce locuiesc \u00een proximitatea acestor poluatori le este afectat\u0103.<\/p><p>Printre reglement\u0103rile din Legea Mirosurilor:<\/p><ul><li>Define\u0219te disconfortul olfactiv ca fiind mirosul generat de o activitate care poate avea impact negativ asupra st\u0103rii de s\u0103n\u0103tate a popula\u021biei;<\/li><li>Reglementeaz\u0103 obligativitatea unui plan de gestionare a disconfortului olfactiv care va cuprinde m\u0103surile necesare pentru prevenirea \u0219i diminuarea disconfortului \u0219i care va face parte din autoriza\u021bia de mediu;<\/li><li>Autorit\u0103\u021bile administra\u021biei publice locale vor avea obliga\u021bia s\u0103 reglementeze, inclusiv prin interzicerea permanent\u0103 sau temporar\u0103, desf\u0103\u0219urarea activit\u0103\u021bilor generatoare de mirosuri \u00een zonele de locuit, recreere, odihn\u0103, tratament \u0219i agrement;<\/li><li>La elaborarea planurilor de urbanism \u0219i amenajarea teritoriului se vor prevedea, obligatoriu, \u0219i m\u0103suri de prevenire \u0219i reducere a disconfortului olfactiv;<\/li><li>Sunt prev\u0103zute o serie de contraven\u021bii la cererea motivat\u0103 a autorit\u0103\u021bilor pentru protec\u021bia mediului.<\/li><\/ul>\t\t\t\t\t<\/div>\n\t\t\t\t\t\t<\/div>\n\t\t\t\t<\/div>\n\t\t\t\t<div class=\"elementor-element elementor-element-208eab7 elementor-invisible elementor-widget elementor-widget-image\" data-id=\"208eab7\" data-element_type=\"widget\" data-settings=\"{&quot;_animation&quot;:&quot;slideInUp&quot;}\" data-widget_type=\"image.default\">\n\t\t\t\t<div class=\"elementor-widget-container\">\n\t\t\t\t\t\t\t\t<div class=\"elementor-image\">\n\t\t\t\t\t\t\t\t\t\t\t\t<img width=\"819\" height=\"1024\" src=\"https:\/\/colibanprimar.ro\/campanie2020\/wordpress2020\/wp-content\/uploads\/2020\/07\/96807679_1658551234283375_805060545546813440_o-819x1024.jpg\" class=\"attachment-large size-large\" alt=\"Allen Coliban Legea Mirosurilor\" loading=\"lazy\" srcset=\"https:\/\/colibanprimar.ro\/campanie2020\/wordpress2020\/wp-content\/uploads\/2020\/07\/96807679_1658551234283375_805060545546813440_o-819x1024.jpg 819w, https:\/\/colibanprimar.ro\/campanie2020\/wordpress2020\/wp-content\/uploads\/2020\/07\/96807679_1658551234283375_805060545546813440_o-240x300.jpg 240w, https:\/\/colibanprimar.ro\/campanie2020\/wordpress2020\/wp-content\/uploads\/2020\/07\/96807679_1658551234283375_805060545546813440_o-768x960.jpg 768w, https:\/\/colibanprimar.ro\/campanie2020\/wordpress2020\/wp-content\/uploads\/2020\/07\/96807679_1658551234283375_805060545546813440_o.jpg 1000w\" sizes=\"(max-width: 819px) 100vw, 819px\" \/>\t\t\t\t\t\t\t\t\t\t\t\t\t\t<\/div>\n\t\t\t\t\t\t<\/div>\n\t\t\t\t<\/div>\n\t\t\t\t<div class=\"elementor-element elementor-element-7920d3c elementor-widget elementor-widget-text-editor\" data-id=\"7920d3c\" data-element_type=\"widget\" data-settings=\"{&quot;_animation&quot;:&quot;none&quot;}\" data-widget_type=\"text-editor.default\">\n\t\t\t\t<div class=\"elementor-widget-container\">\n\t\t\t\t\t\t\t\t<div class=\"elementor-text-editor elementor-clearfix\">\n\t\t\t\t<p>La noi, \u00een Bra\u0219ov, <a href=\"https:\/\/colibanprimar.ro\/campanie2020\/pentru-brasov\/groapa-de-gunoi-fin-eco\/\"><span style=\"text-decoration: underline;\"><strong>aceast\u0103 lege s-ar putea aplica la groapa de gunoi Fin-Eco<\/strong><\/span><\/a>, acolo unde dou\u0103 celule umplute la capacitate maxim\u0103 nu au fost \u00eenchise la timp \u0219i, de\u0219i se fac lucr\u0103ri tardive de \u00eenchidere, \u00eenc\u0103 mai eman\u0103 mirosuri nepl\u0103cute pentru locuitorii din zon\u0103. De asemenea, s-ar putea aplica la ferme de porci sau \u00een cazul unor industrii aflate \u00een vecin\u0103tatea unor spa\u021bii locuite.<\/p><p>\u00cen \u00eencheiere, vreau s\u0103-\u021bi zic c\u0103 USR este un partid al oamenilor buni. Nu perfec\u021bi, dar buni \u0219i implica\u021bi \u00een comunit\u0103\u021bile noastre. Suntem cei care ne \u00eenc\u0103p\u0103\u021b\u00e2n\u0103m s\u0103 schimb\u0103m lucrurile care nu merg bine, indiferent de c\u00e2te obstacole \u00eent\u00e2lnim pe parcurs.<\/p>\t\t\t\t\t<\/div>\n\t\t\t\t\t\t<\/div>\n\t\t\t\t<\/div>\n\t\t\t\t\t\t<\/div>\n\t\t\t\t\t<\/div>\n\t\t<\/div>\n\t\t\t\t<div class=\"elementor-column elementor-col-50 elementor-top-column elementor-element elementor-element-fff874b\" data-id=\"fff874b\" data-element_type=\"column\" data-settings=\"{&quot;motion_fx_motion_fx_scrolling&quot;:&quot;yes&quot;,&quot;motion_fx_translateY_effect&quot;:&quot;yes&quot;,&quot;motion_fx_translateY_speed&quot;:{&quot;unit&quot;:&quot;px&quot;,&quot;size&quot;:3.9,&quot;sizes&quot;:[]},&quot;motion_fx_translateY_affectedRange&quot;:{&quot;unit&quot;:&quot;%&quot;,&quot;size&quot;:&quot;&quot;,&quot;sizes&quot;:{&quot;start&quot;:18,&quot;end&quot;:88}},&quot;motion_fx_devices&quot;:[&quot;desktop&quot;,&quot;tablet&quot;,&quot;mobile&quot;]}\">\n\t\t\t<div class=\"elementor-column-wrap elementor-element-populated\">\n\t\t\t\t\t\t\t<div class=\"elementor-widget-wrap\">\n\t\t\t\t\t\t<div class=\"elementor-element elementor-element-dd8c6a9 elementor-widget elementor-widget-image\" data-id=\"dd8c6a9\" data-element_type=\"widget\" data-widget_type=\"image.default\">\n\t\t\t\t<div class=\"elementor-widget-container\">\n\t\t\t\t\t\t\t\t<div class=\"elementor-image\">\n\t\t\t\t\t\t\t\t\t\t\t\t<img width=\"600\" height=\"600\" src=\"https:\/\/colibanprimar.ro\/campanie2020\/wordpress2020\/wp-content\/uploads\/2020\/06\/allen-coliban-5.jpg\" class=\"attachment-large size-large\" alt=\"Allen Coliban profil\" loading=\"lazy\" srcset=\"https:\/\/colibanprimar.ro\/campanie2020\/wordpress2020\/wp-content\/uploads\/2020\/06\/allen-coliban-5.jpg 600w, https:\/\/colibanprimar.ro\/campanie2020\/wordpress2020\/wp-content\/uploads\/2020\/06\/allen-coliban-5-300x300.jpg 300w, https:\/\/colibanprimar.ro\/campanie2020\/wordpress2020\/wp-content\/uploads\/2020\/06\/allen-coliban-5-150x150.jpg 150w, https:\/\/colibanprimar.ro\/campanie2020\/wordpress2020\/wp-content\/uploads\/2020\/06\/allen-coliban-5-50x50.jpg 50w, https:\/\/colibanprimar.ro\/campanie2020\/wordpress2020\/wp-content\/uploads\/2020\/06\/allen-coliban-5-100x100.jpg 100w\" sizes=\"(max-width: 600px) 100vw, 600px\" \/>\t\t\t\t\t\t\t\t\t\t\t\t\t\t<\/div>\n\t\t\t\t\t\t<\/div>\n\t\t\t\t<\/div>\n\t\t\t\t<div class=\"elementor-element elementor-element-b9fc36a elementor-align-center elementor-widget elementor-widget-global elementor-global-712 elementor-widget-button\" data-id=\"b9fc36a\" data-element_type=\"widget\" data-widget_type=\"button.default\">\n\t\t\t\t<div class=\"elementor-widget-container\">\n\t\t\t\t\t<div class=\"elementor-button-wrapper\">\n\t\t\t<a href=\"https:\/\/colibanprimar.ro\/campanie2020\/pentru-brasov\" class=\"elementor-button-link elementor-button elementor-size-sm\" role=\"button\">\n\t\t\t\t\t\t<span class=\"elementor-button-content-wrapper\">\n\t\t\t\t\t\t<span class=\"elementor-button-text\">Vezi toate proiectele<\/span>\n\t\t<\/span>\n\t\t\t\t\t<\/a>\n\t\t<\/div>\n\t\t\t\t<\/div>\n\t\t\t\t<\/div>\n\t\t\t\t\t\t<\/div>\n\t\t\t\t\t<\/div>\n\t\t<\/div>\n\t\t\t\t\t\t\t\t<\/div>\n\t\t\t\t\t<\/div>\n\t\t<\/section>\n\t\t\t\t<section class=\"elementor-section elementor-top-section elementor-element elementor-element-f254e88 elementor-section-boxed elementor-section-height-default elementor-section-height-default\" data-id=\"f254e88\" data-element_type=\"section\">\n\t\t\t\t\t\t<div class=\"elementor-container elementor-column-gap-default\">\n\t\t\t\t\t\t\t<div class=\"elementor-row\">\n\t\t\t\t\t<div class=\"elementor-column elementor-col-100 elementor-top-column elementor-element elementor-element-5e16a02\" data-id=\"5e16a02\" data-element_type=\"column\">\n\t\t\t<div class=\"elementor-column-wrap elementor-element-populated\">\n\t\t\t\t\t\t\t<div class=\"elementor-widget-wrap\">\n\t\t\t\t\t\t<div class=\"elementor-element elementor-element-1bfaf16 elementor-widget elementor-widget-template\" data-id=\"1bfaf16\" data-element_type=\"widget\" data-widget_type=\"template.default\">\n\t\t\t\t<div class=\"elementor-widget-container\">\n\t\t\t\t\t<div class=\"elementor-template\">\n\t\t\t\t\t<div data-elementor-type=\"section\" data-elementor-id=\"550\" class=\"elementor elementor-550\" data-elementor-settings=\"[]\">\n\t\t<div class=\"elementor-section-wrap\">\n\t\t\t\t\t<section class=\"elementor-section elementor-top-section elementor-element elementor-element-28b52a65 elementor-section-stretched elementor-section-boxed elementor-section-height-default elementor-section-height-default\" data-id=\"28b52a65\" data-element_type=\"section\" data-settings=\"{&quot;stretch_section&quot;:&quot;section-stretched&quot;,&quot;background_background&quot;:&quot;classic&quot;}\">\n\t\t\t\t\t\t<div class=\"elementor-container elementor-column-gap-default\">\n\t\t\t\t\t\t\t<div class=\"elementor-row\">\n\t\t\t\t\t<div class=\"elementor-column elementor-col-100 elementor-top-column elementor-element elementor-element-63806d88\" data-id=\"63806d88\" data-element_type=\"column\">\n\t\t\t<div class=\"elementor-column-wrap elementor-element-populated\">\n\t\t\t\t\t\t\t<div class=\"elementor-widget-wrap\">\n\t\t\t\t\t\t<div class=\"elementor-element elementor-element-422d1143 elementor-widget elementor-widget-heading\" data-id=\"422d1143\" data-element_type=\"widget\" data-widget_type=\"heading.default\">\n\t\t\t\t<div class=\"elementor-widget-container\">\n\t\t\t<h2 class=\"elementor-heading-title elementor-size-xl\">Implic\u0103-te \u00een dezvoltarea Bra\u0219ovului!<\/h2>\t\t<\/div>\n\t\t\t\t<\/div>\n\t\t\t\t<div class=\"elementor-element elementor-element-42f577f4 elementor-widget elementor-widget-text-editor\" data-id=\"42f577f4\" data-element_type=\"widget\" data-widget_type=\"text-editor.default\">\n\t\t\t\t<div class=\"elementor-widget-container\">\n\t\t\t\t\t\t\t\t<div class=\"elementor-text-editor elementor-clearfix\">\n\t\t\t\t<p>Toate marile schimb\u0103ri politice din ultimii ani s-au \u00eent\u00e2mplat pentru c\u0103 cet\u0103\u021benii au decis s\u0103 nu stea deoparte. Primul pas este s\u0103 fii informat.<\/p><p>\u00cen fiecare s\u0103pt\u0103m\u00e2n\u0103, trimit bra\u0219ovenilor pe e-mail detalii legate de activitatea pentru Bra\u0219ov, ini\u021biative ale societ\u0103\u021bii civile, nout\u0103\u021bi despre administra\u021bia ora\u0219ului.<\/p>\t\t\t\t\t<\/div>\n\t\t\t\t\t\t<\/div>\n\t\t\t\t<\/div>\n\t\t\t\t<div class=\"elementor-element elementor-element-71c1b96c newsletter-voluntari elementor-widget elementor-widget-webify-newsletter-widget\" data-id=\"71c1b96c\" data-element_type=\"widget\" data-widget_type=\"webify-newsletter-widget.default\">\n\t\t\t\t<div class=\"elementor-widget-container\">\n\t\t\t        <div class=\"tb-border style1\">\r\n          <div class=\"tb-subscribe-heading text-center\">\r\n            <div class=\"empty-space marg-lg-b25\"><\/div>\r\n            <h3 class=\"tb-f18-lg tb-line23-lg  tb-font-name tb-m0\"><\/h3>\r\n            <p class=\"tb-m0 \"><\/p>\r\n            <div class=\"empty-space marg-lg-b25\"><\/div>\r\n          <\/div>\r\n          <hr>\r\n                      <script>(function() {\n\twindow.mc4wp = window.mc4wp || {\n\t\tlisteners: [],\n\t\tforms: {\n\t\t\ton: function(evt, cb) {\n\t\t\t\twindow.mc4wp.listeners.push(\n\t\t\t\t\t{\n\t\t\t\t\t\tevent   : evt,\n\t\t\t\t\t\tcallback: cb\n\t\t\t\t\t}\n\t\t\t\t);\n\t\t\t}\n\t\t}\n\t}\n})();\n<\/script><!-- Mailchimp for WordPress v4.8.6 - https:\/\/wordpress.org\/plugins\/mailchimp-for-wp\/ --><form id=\"mc4wp-form-1\" class=\"mc4wp-form mc4wp-form-28 tb-mc4wp-form\" method=\"post\" data-id=\"28\" data-name=\"Voluntari\" ><div class=\"mc4wp-form-fields\"><p>\r\n<label>Prenume : <\/label>\r\n<input type=\"text\" name=\"FNAME\" placeholder=\"Numele t\u0103u\" required=\"\" \/>\r\n<\/p>\r\n<p>\r\n\t<label>E-mail: <\/label>\r\n\t\t<input type=\"email\" name=\"EMAIL\" placeholder=\"E-mail (cea pe care o verifici)\" required=\"\" \/>\r\n<\/p>\r\n<p>\r\n        <input name=\"AGREE_TO_TERMS\" type=\"checkbox\" value=\"1\" required=\"\" class=\"checkbox\"> Sunt de acord cu <a href=\"https:\/\/colibanprimar.ro\/termeni-si-conditii-de-confidentialitate\"\r\n        target=\"_blank\">politica de confiden\u0163ialitate<\/a>\r\n<\/p> \r\n<p>\r\n\t<input type=\"submit\" value=\"Vreau s\u0103 m\u0103 implic!\" \/>\r\n<\/p>\r\n\r\n\r\n<\/div><label style=\"display: none !important;\">Leave this field empty if you're human: <input type=\"text\" name=\"_mc4wp_honeypot\" value=\"\" tabindex=\"-1\" autocomplete=\"off\" \/><\/label><input type=\"hidden\" name=\"_mc4wp_timestamp\" value=\"1776675373\" \/><input type=\"hidden\" name=\"_mc4wp_form_id\" value=\"28\" \/><input type=\"hidden\" name=\"_mc4wp_form_element_id\" value=\"mc4wp-form-1\" \/><div class=\"mc4wp-response\"><\/div><\/form><!-- \/ Mailchimp for WordPress Plugin -->                  <\/div>\r\n        \t\t<\/div>\n\t\t\t\t<\/div>\n\t\t\t\t\t\t<\/div>\n\t\t\t\t\t<\/div>\n\t\t<\/div>\n\t\t\t\t\t\t\t\t<\/div>\n\t\t\t\t\t<\/div>\n\t\t<\/section>\n\t\t\t\t<\/div>\n\t\t<\/div>\n\t\t\t\t<\/div>\n\t\t\t\t<\/div>\n\t\t\t\t<\/div>\n\t\t\t\t\t\t<\/div>\n\t\t\t\t\t<\/div>\n\t\t<\/div>\n\t\t\t\t\t\t\t\t<\/div>\n\t\t\t\t\t<\/div>\n\t\t<\/section>\n\t\t\t\t\t\t<\/div>\n\t\t\t\t\t\t<\/div>\n\t\t\t\t\t<\/div>\n\t\t","protected":false},"excerpt":{"rendered":"<p>Legea Mirosurilor baza legislativ\u0103 pentru sanc\u021bionarea poluatorilor Am o nou\u0103 veste bun\u0103 pentru Bra\u0219ov: a trecut Legea mirosurilor! O lege pentru care m-am luptat trei ani \u00een Parlament \u0219i care ofer\u0103 G\u0103rzii de Mediu baza legislativ\u0103 pentru a sanc\u021biona poluatorii. Colegul meu Cornel Zainea, deputat USR al\u0103turi de care am luptat pentru aceast\u0103 lege, explic\u0103 [&hellip;]<\/p>\n","protected":false},"author":1,"featured_media":0,"parent":434,"menu_order":0,"comment_status":"closed","ping_status":"closed","template":"","meta":[],"_links":{"self":[{"href":"https:\/\/colibanprimar.ro\/campanie2020\/wp-json\/wp\/v2\/pages\/1308"}],"collection":[{"href":"https:\/\/colibanprimar.ro\/campanie2020\/wp-json\/wp\/v2\/pages"}],"about":[{"href":"https:\/\/colibanprimar.ro\/campanie2020\/wp-json\/wp\/v2\/types\/page"}],"author":[{"embeddable":true,"href":"https:\/\/colibanprimar.ro\/campanie2020\/wp-json\/wp\/v2\/users\/1"}],"replies":[{"embeddable":true,"href":"https:\/\/colibanprimar.ro\/campanie2020\/wp-json\/wp\/v2\/comments?post=1308"}],"version-history":[{"count":0,"href":"https:\/\/colibanprimar.ro\/campanie2020\/wp-json\/wp\/v2\/pages\/1308\/revisions"}],"up":[{"embeddable":true,"href":"https:\/\/colibanprimar.ro\/campanie2020\/wp-json\/wp\/v2\/pages\/434"}],"wp:attachment":[{"href":"https:\/\/colibanprimar.ro\/campanie2020\/wp-json\/wp\/v2\/media?parent=1308"}],"curies":[{"name":"wp","href":"https:\/\/api.w.org\/{rel}","templated":true}]}}