{"id":1292,"date":"2020-07-06T11:24:16","date_gmt":"2020-07-06T11:24:16","guid":{"rendered":"https:\/\/colibanprimar.ro\/?page_id=1292"},"modified":"2020-07-22T08:33:24","modified_gmt":"2020-07-22T08:33:24","slug":"dna-ul-padurilor","status":"publish","type":"page","link":"https:\/\/colibanprimar.ro\/campanie2020\/pentru-brasov\/dna-ul-padurilor\/","title":{"rendered":"DNA-ul P\u0103durilor"},"content":{"rendered":"\t\t<div data-elementor-type=\"wp-page\" data-elementor-id=\"1292\" class=\"elementor elementor-1292\" data-elementor-settings=\"[]\">\n\t\t\t\t\t\t<div class=\"elementor-inner\">\n\t\t\t\t\t\t\t<div class=\"elementor-section-wrap\">\n\t\t\t\t\t\t\t<section class=\"elementor-section elementor-top-section elementor-element elementor-element-46a12e2 elementor-section-stretched elementor-section-content-middle top-section-clean elementor-section-boxed elementor-section-height-default elementor-section-height-default\" data-id=\"46a12e2\" data-element_type=\"section\" data-settings=\"{&quot;stretch_section&quot;:&quot;section-stretched&quot;}\">\n\t\t\t\t\t\t<div class=\"elementor-container elementor-column-gap-default\">\n\t\t\t\t\t\t\t<div class=\"elementor-row\">\n\t\t\t\t\t<div class=\"elementor-column elementor-col-100 elementor-top-column elementor-element elementor-element-14e7f7d\" data-id=\"14e7f7d\" data-element_type=\"column\">\n\t\t\t<div class=\"elementor-column-wrap elementor-element-populated\">\n\t\t\t\t\t\t\t<div class=\"elementor-widget-wrap\">\n\t\t\t\t\t\t<div class=\"elementor-element elementor-element-b60399e elementor-widget elementor-widget-heading\" data-id=\"b60399e\" data-element_type=\"widget\" data-widget_type=\"heading.default\">\n\t\t\t\t<div class=\"elementor-widget-container\">\n\t\t\t<h1 class=\"elementor-heading-title elementor-size-default\">DNA-ul p\u0103durilor\n<\/h1>\t\t<\/div>\n\t\t\t\t<\/div>\n\t\t\t\t<div class=\"elementor-element elementor-element-499e83c elementor-widget elementor-widget-heading\" data-id=\"499e83c\" data-element_type=\"widget\" data-widget_type=\"heading.default\">\n\t\t\t\t<div class=\"elementor-widget-container\">\n\t\t\t<h2 class=\"elementor-heading-title elementor-size-default\">oprim infrac\u021bionalitate de tip mafiot din domeniul mediului<\/h2>\t\t<\/div>\n\t\t\t\t<\/div>\n\t\t\t\t\t\t<\/div>\n\t\t\t\t\t<\/div>\n\t\t<\/div>\n\t\t\t\t\t\t\t\t<\/div>\n\t\t\t\t\t<\/div>\n\t\t<\/section>\n\t\t\t\t<section class=\"elementor-section elementor-top-section elementor-element elementor-element-10b9bf2 elementor-section-stretched elementor-section-boxed elementor-section-height-default elementor-section-height-default\" data-id=\"10b9bf2\" data-element_type=\"section\" data-settings=\"{&quot;stretch_section&quot;:&quot;section-stretched&quot;}\">\n\t\t\t\t\t\t<div class=\"elementor-container elementor-column-gap-default\">\n\t\t\t\t\t\t\t<div class=\"elementor-row\">\n\t\t\t\t\t<div class=\"elementor-column elementor-col-50 elementor-top-column elementor-element elementor-element-c5ef210\" data-id=\"c5ef210\" data-element_type=\"column\">\n\t\t\t<div class=\"elementor-column-wrap elementor-element-populated\">\n\t\t\t\t\t\t\t<div class=\"elementor-widget-wrap\">\n\t\t\t\t\t\t<div class=\"elementor-element elementor-element-fa5b358 elementor-invisible elementor-widget elementor-widget-image\" data-id=\"fa5b358\" data-element_type=\"widget\" data-settings=\"{&quot;_animation&quot;:&quot;slideInUp&quot;}\" data-widget_type=\"image.default\">\n\t\t\t\t<div class=\"elementor-widget-container\">\n\t\t\t\t\t\t\t\t<div class=\"elementor-image\">\n\t\t\t\t\t\t\t\t\t\t\t\t<img width=\"819\" height=\"1024\" src=\"https:\/\/colibanprimar.ro\/campanie2020\/wordpress2020\/wp-content\/uploads\/2020\/07\/98038774_1658123480992817_1879220450253340672_o-819x1024.jpg\" class=\"attachment-large size-large\" alt=\"Allen Coliban DNA-ul Padurilor\" loading=\"lazy\" srcset=\"https:\/\/colibanprimar.ro\/campanie2020\/wordpress2020\/wp-content\/uploads\/2020\/07\/98038774_1658123480992817_1879220450253340672_o-819x1024.jpg 819w, https:\/\/colibanprimar.ro\/campanie2020\/wordpress2020\/wp-content\/uploads\/2020\/07\/98038774_1658123480992817_1879220450253340672_o-240x300.jpg 240w, https:\/\/colibanprimar.ro\/campanie2020\/wordpress2020\/wp-content\/uploads\/2020\/07\/98038774_1658123480992817_1879220450253340672_o-768x960.jpg 768w, https:\/\/colibanprimar.ro\/campanie2020\/wordpress2020\/wp-content\/uploads\/2020\/07\/98038774_1658123480992817_1879220450253340672_o.jpg 900w\" sizes=\"(max-width: 819px) 100vw, 819px\" \/>\t\t\t\t\t\t\t\t\t\t\t\t\t\t<\/div>\n\t\t\t\t\t\t<\/div>\n\t\t\t\t<\/div>\n\t\t\t\t<div class=\"elementor-element elementor-element-a72d98e elementor-widget elementor-widget-text-editor\" data-id=\"a72d98e\" data-element_type=\"widget\" data-widget_type=\"text-editor.default\">\n\t\t\t\t<div class=\"elementor-widget-container\">\n\t\t\t\t\t\t\t\t<div class=\"elementor-text-editor elementor-clearfix\">\n\t\t\t\t<p><strong>Cred cu t\u0103rie c\u0103 defri\u0219\u0103rile \u0219i poluarea sunt, \u00een primul r\u00e2nd, probleme de corup\u021bie \u0219i abia apoi probleme de mediu. Rom\u00e2nia are probleme grave de mediu. Acestea provoac\u0103 pierderi de vie\u021bi omene\u0219ti \u0219i probleme economice majore.\u00a0<\/strong><\/p><p>Din p\u0103cate, \u0219i Bra\u0219ovul s-a confruntat \u00een ultimii ani cu multe \u0219i grave probleme de mediu.<\/p><p>Acum, va fi mai u\u0219or s\u0103 \u00eel protej\u0103m, deoarece am reu\u0219it s\u0103 trecem prin Parlament legea de \u00eenfiin\u021bare a Direc\u021biei de Investigare a Infrac\u021biunilor de Mediu (DIIM), supranumit DNA-ul p\u0103durilor, pe care am ini\u021biat-o al\u0103turi de al\u021bi parlamentari USR.<br \/>Aceasta este o structur\u0103 specializat\u0103 \u00een a ap\u0103ra dreptul rom\u00e2nilor la un mediu s\u0103n\u0103tos \u0219i echilibrat ecologic, a\u0219a cum este prev\u0103zut \u00een Constitu\u021bia Rom\u00e2niei.<\/p><p><strong><a href=\"https:\/\/colibanprimar.ro\/campanie2020\/pentru-brasov\/groapa-de-gunoi-fin-eco\/\"><span style=\"text-decoration: underline;\">Groapa de gunoi Fin-Eco<\/span><\/a><\/strong>, care nu respect\u0103 mai multe legi \u0219i la care municipalitatea este printre ac\u021bionari, ar fi putut face obiectul unui dosar la DIIM.<\/p><p><a href=\"https:\/\/colibanprimar.ro\/campanie2020\/pentru-brasov\/stop-gorita\/\"><strong><span style=\"text-decoration: underline;\">Drumul forestier Gori\u021ba<\/span><\/strong><\/a>, interven\u021biile f\u0103r\u0103 autoriza\u021bii \u00een cadrul natural al Bra\u0219ovului, arderile de gunoaie, depozitarea neconform\u0103 a gunoaielor &#8211; toate acestea ar fi putut face obiectul unor anchete ale noii institu\u021bii specializate pe mediu.<\/p><p>La fel de bine ar fi putut fi anchetate poluarea industrial\u0103 de care se pl\u00e2ng locuitorii din Bartolomeu \u0219i Avantgarden \u0219i modul cum a fost constituit Planul Integrat de Calitatea Aerului (PICA) pentru municipiul Bra\u0219ov, unde principala surs\u0103 de poluare cu pulberi \u00een suspensie \u0219i a treia surs\u0103 de poluare cu noxe este cea industrial\u0103, dar nu a fost impus\u0103 nicio m\u0103sur\u0103 de remediere.<\/p><p>Pe toate acestea am \u00eencercat s\u0103 le oprim cu peti\u021bii \u0219i proteste. De azi \u00eenainte, cet\u0103\u021benii \u0219i activi\u0219tii de mediu vor avea sprijin \u00eentr-o institu\u021bie care chiar are p\u00e2rghiile de a opri infrac\u021biunile.<\/p><p>\u00a0<\/p>\t\t\t\t\t<\/div>\n\t\t\t\t\t\t<\/div>\n\t\t\t\t<\/div>\n\t\t\t\t<div class=\"elementor-element elementor-element-4169ed4 elementor-invisible elementor-widget elementor-widget-image\" data-id=\"4169ed4\" data-element_type=\"widget\" data-settings=\"{&quot;_animation&quot;:&quot;slideInUp&quot;}\" data-widget_type=\"image.default\">\n\t\t\t\t<div class=\"elementor-widget-container\">\n\t\t\t\t\t\t\t\t<div class=\"elementor-image\">\n\t\t\t\t\t\t\t\t\t\t\t\t<img width=\"1024\" height=\"768\" src=\"https:\/\/colibanprimar.ro\/campanie2020\/wordpress2020\/wp-content\/uploads\/2020\/07\/89450610_2801435229947643_2548783247286861824_o-1024x768.jpg\" class=\"attachment-large size-large\" alt=\"Allen Coliban DNA-ul Padurilor\" loading=\"lazy\" srcset=\"https:\/\/colibanprimar.ro\/campanie2020\/wordpress2020\/wp-content\/uploads\/2020\/07\/89450610_2801435229947643_2548783247286861824_o-1024x768.jpg 1024w, https:\/\/colibanprimar.ro\/campanie2020\/wordpress2020\/wp-content\/uploads\/2020\/07\/89450610_2801435229947643_2548783247286861824_o-300x225.jpg 300w, https:\/\/colibanprimar.ro\/campanie2020\/wordpress2020\/wp-content\/uploads\/2020\/07\/89450610_2801435229947643_2548783247286861824_o-768x576.jpg 768w, https:\/\/colibanprimar.ro\/campanie2020\/wordpress2020\/wp-content\/uploads\/2020\/07\/89450610_2801435229947643_2548783247286861824_o.jpg 1200w\" sizes=\"(max-width: 1024px) 100vw, 1024px\" \/>\t\t\t\t\t\t\t\t\t\t\t\t\t\t<\/div>\n\t\t\t\t\t\t<\/div>\n\t\t\t\t<\/div>\n\t\t\t\t<div class=\"elementor-element elementor-element-7920d3c elementor-widget elementor-widget-text-editor\" data-id=\"7920d3c\" data-element_type=\"widget\" data-settings=\"{&quot;_animation&quot;:&quot;none&quot;}\" data-widget_type=\"text-editor.default\">\n\t\t\t\t<div class=\"elementor-widget-container\">\n\t\t\t\t\t\t\t\t<div class=\"elementor-text-editor elementor-clearfix\">\n\t\t\t\t<p>\u00a0<\/p><h4>De unde a venit ideea \u00eenfiin\u021b\u0103rii DNA-ului p\u0103durilor?<\/h4><p>Sunt Pre\u0219edinte al Comisiei pentru Mediu din Senat \u0219i mare parte dintre semnalele pe care le-am primit \u00een ultimii ani fac trimitere direct\u0103 la infrac\u021bionalitate de tip mafiot din domeniul mediului.<\/p><p>Mafia din domeniul mediului din Rom\u00e2nia este un lucru cert, reliefat \u00een cifre:<\/p><ul><li>20 de milioane de metri cubi ce dispar din p\u0103durile Rom\u00e2niei<\/li><li>25.000 de mor\u021bi anual din cauza polu\u0103rii<\/li><li>infringement pe mai multe capitole de mediu care ne va costa sute de milioane de euro anual<\/li><li>gropi de gunoi care sunt adev\u0103rate bombe ecologice<\/li><li>albii ale r\u00e2urilor distruse de balastiere ilegale.<\/li><\/ul><p>Ce a f\u0103cut statul rom\u00e2n \u00eempotriva acestei mafii p\u00e2n\u0103 acum? Aproape nimic \u2013 doar c\u00e2teva dosare pe infrac\u021bionalitate forestier\u0103, cu un volum total departe de dimensiunea prejudiciului \u0219i ZERO dosare pe restul infrac\u021biunilor de mediu.<\/p><p>Din aceste motive am ini\u021biat \u00eenfiin\u021barea DIIM \u0219i m\u0103 bucur c\u0103, de acum, mafia mediului are ca adversar o institu\u021bie specializat\u0103, cu personal preg\u0103tit corespunz\u0103tor.<\/p><p>Constituirea DIIM este un proiect al USR la care am lucrat \u00eempreun\u0103 cu parlamentarii USR: Cornel Zainea, Mihai Go\u021biu, Stelian Ion, Silviu Dehelean, Daniel Popescu \u0219i George Dirc\u0103.<\/p><p>\u00a0<\/p><p>\u00a0<\/p>\t\t\t\t\t<\/div>\n\t\t\t\t\t\t<\/div>\n\t\t\t\t<\/div>\n\t\t\t\t<div class=\"elementor-element elementor-element-40ed13b elementor-invisible elementor-widget elementor-widget-image\" data-id=\"40ed13b\" data-element_type=\"widget\" data-settings=\"{&quot;_animation&quot;:&quot;slideInUp&quot;}\" data-widget_type=\"image.default\">\n\t\t\t\t<div class=\"elementor-widget-container\">\n\t\t\t\t\t\t\t\t<div class=\"elementor-image\">\n\t\t\t\t\t\t\t\t\t\t\t\t<img width=\"819\" height=\"1024\" src=\"https:\/\/colibanprimar.ro\/campanie2020\/wordpress2020\/wp-content\/uploads\/2020\/07\/89394510_1598933520245147_3106890951499448320_o-819x1024.jpg\" class=\"attachment-large size-large\" alt=\"Allen Coliban DNA-ul Padurilor\" loading=\"lazy\" srcset=\"https:\/\/colibanprimar.ro\/campanie2020\/wordpress2020\/wp-content\/uploads\/2020\/07\/89394510_1598933520245147_3106890951499448320_o-819x1024.jpg 819w, https:\/\/colibanprimar.ro\/campanie2020\/wordpress2020\/wp-content\/uploads\/2020\/07\/89394510_1598933520245147_3106890951499448320_o-240x300.jpg 240w, https:\/\/colibanprimar.ro\/campanie2020\/wordpress2020\/wp-content\/uploads\/2020\/07\/89394510_1598933520245147_3106890951499448320_o-768x960.jpg 768w, https:\/\/colibanprimar.ro\/campanie2020\/wordpress2020\/wp-content\/uploads\/2020\/07\/89394510_1598933520245147_3106890951499448320_o.jpg 1000w\" sizes=\"(max-width: 819px) 100vw, 819px\" \/>\t\t\t\t\t\t\t\t\t\t\t\t\t\t<\/div>\n\t\t\t\t\t\t<\/div>\n\t\t\t\t<\/div>\n\t\t\t\t<div class=\"elementor-element elementor-element-31d6393 elementor-widget elementor-widget-text-editor\" data-id=\"31d6393\" data-element_type=\"widget\" data-settings=\"{&quot;_animation&quot;:&quot;none&quot;}\" data-widget_type=\"text-editor.default\">\n\t\t\t\t<div class=\"elementor-widget-container\">\n\t\t\t\t\t\t\t\t<div class=\"elementor-text-editor elementor-clearfix\">\n\t\t\t\t<h4>Cum va func\u021biona DIIM?<\/h4><p>Infrac\u021biunile de mediu vor fi solu\u021bionate de procurori specializa\u021bi pe astfel de probleme, cu concursul agen\u021bilor judiciari deta\u0219a\u021bi, pe baza studiilor efectuate de speciali\u0219ti tehnici pe probleme de mediu, interni.<\/p><p><br \/>DIIM va solu\u021biona cazurile prezentate, cu celeritate \u0219i precizie, lucr\u00e2nd continuu pentru identificarea \u0219i dezmembrarea re\u021belelor de corup\u021bie ce ac\u021bioneaz\u0103 \u00een domeniul s\u0103u de activitate, propun\u00e2ndu-\u0219i s\u0103 descurajeze orice fapte viitoare.<\/p><p><br \/>DIIM va prezenta anual un raport asupra activit\u0103\u021bii sale, raport care va fi prezentat Parlamentului de c\u0103tre Ministrul Justi\u021biei.<\/p><p><br \/>DIIM va analiza problemele de impact de mediu a\u0219a cu rezult\u0103 ele din cazurile primite \u0219i va propune modific\u0103ri legislative \u00een domeniu.<\/p><p><br \/>Sursele de finan\u021bare pentru func\u021bionarea DIIM vor fi integral din bugetul de stat.<\/p><p><br \/>\u00cemi doresc ca o parte a angaja\u021bilor DIIM s\u0103 fie transfera\u021bi din structurile deja existente.<\/p><p><br \/>Celor care spun c\u0103 nu era necesar\u0103 crearea unei noi institu\u021bii, le spun c\u0103 Rom\u00e2nia pierde anual echivalentul unui miliard de euro doar din cantit\u0103\u021bile de lemn ce dispar ilegal din p\u0103durile \u021b\u0103rii. Alte sute de milioane de euro am putea pierde pe cazurile de infringement. DIIM trebuie privit ca o investi\u021bie important\u0103 pentru Rom\u00e2nia.<\/p>\t\t\t\t\t<\/div>\n\t\t\t\t\t\t<\/div>\n\t\t\t\t<\/div>\n\t\t\t\t\t\t<\/div>\n\t\t\t\t\t<\/div>\n\t\t<\/div>\n\t\t\t\t<div class=\"elementor-column elementor-col-50 elementor-top-column elementor-element elementor-element-fff874b\" data-id=\"fff874b\" data-element_type=\"column\" data-settings=\"{&quot;motion_fx_motion_fx_scrolling&quot;:&quot;yes&quot;,&quot;motion_fx_translateY_effect&quot;:&quot;yes&quot;,&quot;motion_fx_translateY_speed&quot;:{&quot;unit&quot;:&quot;px&quot;,&quot;size&quot;:3.9,&quot;sizes&quot;:[]},&quot;motion_fx_translateY_affectedRange&quot;:{&quot;unit&quot;:&quot;%&quot;,&quot;size&quot;:&quot;&quot;,&quot;sizes&quot;:{&quot;start&quot;:18,&quot;end&quot;:88}},&quot;motion_fx_devices&quot;:[&quot;desktop&quot;,&quot;tablet&quot;,&quot;mobile&quot;]}\">\n\t\t\t<div class=\"elementor-column-wrap elementor-element-populated\">\n\t\t\t\t\t\t\t<div class=\"elementor-widget-wrap\">\n\t\t\t\t\t\t<div class=\"elementor-element elementor-element-dd8c6a9 elementor-widget elementor-widget-image\" data-id=\"dd8c6a9\" data-element_type=\"widget\" data-widget_type=\"image.default\">\n\t\t\t\t<div class=\"elementor-widget-container\">\n\t\t\t\t\t\t\t\t<div class=\"elementor-image\">\n\t\t\t\t\t\t\t\t\t\t\t\t<img width=\"600\" height=\"600\" src=\"https:\/\/colibanprimar.ro\/campanie2020\/wordpress2020\/wp-content\/uploads\/2020\/06\/allen-coliban-8.jpg\" class=\"attachment-large size-large\" alt=\"Allen Coliban profil\" loading=\"lazy\" srcset=\"https:\/\/colibanprimar.ro\/campanie2020\/wordpress2020\/wp-content\/uploads\/2020\/06\/allen-coliban-8.jpg 600w, https:\/\/colibanprimar.ro\/campanie2020\/wordpress2020\/wp-content\/uploads\/2020\/06\/allen-coliban-8-300x300.jpg 300w, https:\/\/colibanprimar.ro\/campanie2020\/wordpress2020\/wp-content\/uploads\/2020\/06\/allen-coliban-8-150x150.jpg 150w, https:\/\/colibanprimar.ro\/campanie2020\/wordpress2020\/wp-content\/uploads\/2020\/06\/allen-coliban-8-50x50.jpg 50w, https:\/\/colibanprimar.ro\/campanie2020\/wordpress2020\/wp-content\/uploads\/2020\/06\/allen-coliban-8-100x100.jpg 100w\" sizes=\"(max-width: 600px) 100vw, 600px\" \/>\t\t\t\t\t\t\t\t\t\t\t\t\t\t<\/div>\n\t\t\t\t\t\t<\/div>\n\t\t\t\t<\/div>\n\t\t\t\t<div class=\"elementor-element elementor-element-b9fc36a elementor-align-center elementor-widget elementor-widget-global elementor-global-712 elementor-widget-button\" data-id=\"b9fc36a\" data-element_type=\"widget\" data-widget_type=\"button.default\">\n\t\t\t\t<div class=\"elementor-widget-container\">\n\t\t\t\t\t<div class=\"elementor-button-wrapper\">\n\t\t\t<a href=\"https:\/\/colibanprimar.ro\/campanie2020\/pentru-brasov\" class=\"elementor-button-link elementor-button elementor-size-sm\" role=\"button\">\n\t\t\t\t\t\t<span class=\"elementor-button-content-wrapper\">\n\t\t\t\t\t\t<span class=\"elementor-button-text\">Vezi toate proiectele<\/span>\n\t\t<\/span>\n\t\t\t\t\t<\/a>\n\t\t<\/div>\n\t\t\t\t<\/div>\n\t\t\t\t<\/div>\n\t\t\t\t\t\t<\/div>\n\t\t\t\t\t<\/div>\n\t\t<\/div>\n\t\t\t\t\t\t\t\t<\/div>\n\t\t\t\t\t<\/div>\n\t\t<\/section>\n\t\t\t\t<section class=\"elementor-section elementor-top-section elementor-element elementor-element-f254e88 elementor-section-boxed elementor-section-height-default elementor-section-height-default\" data-id=\"f254e88\" data-element_type=\"section\">\n\t\t\t\t\t\t<div class=\"elementor-container elementor-column-gap-default\">\n\t\t\t\t\t\t\t<div class=\"elementor-row\">\n\t\t\t\t\t<div class=\"elementor-column elementor-col-100 elementor-top-column elementor-element elementor-element-5e16a02\" data-id=\"5e16a02\" data-element_type=\"column\">\n\t\t\t<div class=\"elementor-column-wrap elementor-element-populated\">\n\t\t\t\t\t\t\t<div class=\"elementor-widget-wrap\">\n\t\t\t\t\t\t<div class=\"elementor-element elementor-element-1bfaf16 elementor-widget elementor-widget-template\" data-id=\"1bfaf16\" data-element_type=\"widget\" data-widget_type=\"template.default\">\n\t\t\t\t<div class=\"elementor-widget-container\">\n\t\t\t\t\t<div class=\"elementor-template\">\n\t\t\t\t\t<div data-elementor-type=\"section\" data-elementor-id=\"550\" class=\"elementor elementor-550\" data-elementor-settings=\"[]\">\n\t\t<div class=\"elementor-section-wrap\">\n\t\t\t\t\t<section class=\"elementor-section elementor-top-section elementor-element elementor-element-28b52a65 elementor-section-stretched elementor-section-boxed elementor-section-height-default elementor-section-height-default\" data-id=\"28b52a65\" data-element_type=\"section\" data-settings=\"{&quot;stretch_section&quot;:&quot;section-stretched&quot;,&quot;background_background&quot;:&quot;classic&quot;}\">\n\t\t\t\t\t\t<div class=\"elementor-container elementor-column-gap-default\">\n\t\t\t\t\t\t\t<div class=\"elementor-row\">\n\t\t\t\t\t<div class=\"elementor-column elementor-col-100 elementor-top-column elementor-element elementor-element-63806d88\" data-id=\"63806d88\" data-element_type=\"column\">\n\t\t\t<div class=\"elementor-column-wrap elementor-element-populated\">\n\t\t\t\t\t\t\t<div class=\"elementor-widget-wrap\">\n\t\t\t\t\t\t<div class=\"elementor-element elementor-element-422d1143 elementor-widget elementor-widget-heading\" data-id=\"422d1143\" data-element_type=\"widget\" data-widget_type=\"heading.default\">\n\t\t\t\t<div class=\"elementor-widget-container\">\n\t\t\t<h2 class=\"elementor-heading-title elementor-size-xl\">Implic\u0103-te \u00een dezvoltarea Bra\u0219ovului!<\/h2>\t\t<\/div>\n\t\t\t\t<\/div>\n\t\t\t\t<div class=\"elementor-element elementor-element-42f577f4 elementor-widget elementor-widget-text-editor\" data-id=\"42f577f4\" data-element_type=\"widget\" data-widget_type=\"text-editor.default\">\n\t\t\t\t<div class=\"elementor-widget-container\">\n\t\t\t\t\t\t\t\t<div class=\"elementor-text-editor elementor-clearfix\">\n\t\t\t\t<p>Toate marile schimb\u0103ri politice din ultimii ani s-au \u00eent\u00e2mplat pentru c\u0103 cet\u0103\u021benii au decis s\u0103 nu stea deoparte. Primul pas este s\u0103 fii informat.<\/p><p>\u00cen fiecare s\u0103pt\u0103m\u00e2n\u0103, trimit bra\u0219ovenilor pe e-mail detalii legate de activitatea pentru Bra\u0219ov, ini\u021biative ale societ\u0103\u021bii civile, nout\u0103\u021bi despre administra\u021bia ora\u0219ului.<\/p>\t\t\t\t\t<\/div>\n\t\t\t\t\t\t<\/div>\n\t\t\t\t<\/div>\n\t\t\t\t<div class=\"elementor-element elementor-element-71c1b96c newsletter-voluntari elementor-widget elementor-widget-webify-newsletter-widget\" data-id=\"71c1b96c\" data-element_type=\"widget\" data-widget_type=\"webify-newsletter-widget.default\">\n\t\t\t\t<div class=\"elementor-widget-container\">\n\t\t\t        <div class=\"tb-border style1\">\r\n          <div class=\"tb-subscribe-heading text-center\">\r\n            <div class=\"empty-space marg-lg-b25\"><\/div>\r\n            <h3 class=\"tb-f18-lg tb-line23-lg  tb-font-name tb-m0\"><\/h3>\r\n            <p class=\"tb-m0 \"><\/p>\r\n            <div class=\"empty-space marg-lg-b25\"><\/div>\r\n          <\/div>\r\n          <hr>\r\n                      <script>(function() {\n\twindow.mc4wp = window.mc4wp || {\n\t\tlisteners: [],\n\t\tforms: {\n\t\t\ton: function(evt, cb) {\n\t\t\t\twindow.mc4wp.listeners.push(\n\t\t\t\t\t{\n\t\t\t\t\t\tevent   : evt,\n\t\t\t\t\t\tcallback: cb\n\t\t\t\t\t}\n\t\t\t\t);\n\t\t\t}\n\t\t}\n\t}\n})();\n<\/script><!-- Mailchimp for WordPress v4.8.6 - https:\/\/wordpress.org\/plugins\/mailchimp-for-wp\/ --><form id=\"mc4wp-form-1\" class=\"mc4wp-form mc4wp-form-28 tb-mc4wp-form\" method=\"post\" data-id=\"28\" data-name=\"Voluntari\" ><div class=\"mc4wp-form-fields\"><p>\r\n<label>Prenume : <\/label>\r\n<input type=\"text\" name=\"FNAME\" placeholder=\"Numele t\u0103u\" required=\"\" \/>\r\n<\/p>\r\n<p>\r\n\t<label>E-mail: <\/label>\r\n\t\t<input type=\"email\" name=\"EMAIL\" placeholder=\"E-mail (cea pe care o verifici)\" required=\"\" \/>\r\n<\/p>\r\n<p>\r\n        <input name=\"AGREE_TO_TERMS\" type=\"checkbox\" value=\"1\" required=\"\" class=\"checkbox\"> Sunt de acord cu <a href=\"https:\/\/colibanprimar.ro\/termeni-si-conditii-de-confidentialitate\"\r\n        target=\"_blank\">politica de confiden\u0163ialitate<\/a>\r\n<\/p> \r\n<p>\r\n\t<input type=\"submit\" value=\"Vreau s\u0103 m\u0103 implic!\" \/>\r\n<\/p>\r\n\r\n\r\n<\/div><label style=\"display: none !important;\">Leave this field empty if you're human: <input type=\"text\" name=\"_mc4wp_honeypot\" value=\"\" tabindex=\"-1\" autocomplete=\"off\" \/><\/label><input type=\"hidden\" name=\"_mc4wp_timestamp\" value=\"1777019513\" \/><input type=\"hidden\" name=\"_mc4wp_form_id\" value=\"28\" \/><input type=\"hidden\" name=\"_mc4wp_form_element_id\" value=\"mc4wp-form-1\" \/><div class=\"mc4wp-response\"><\/div><\/form><!-- \/ Mailchimp for WordPress Plugin -->                  <\/div>\r\n        \t\t<\/div>\n\t\t\t\t<\/div>\n\t\t\t\t\t\t<\/div>\n\t\t\t\t\t<\/div>\n\t\t<\/div>\n\t\t\t\t\t\t\t\t<\/div>\n\t\t\t\t\t<\/div>\n\t\t<\/section>\n\t\t\t\t<\/div>\n\t\t<\/div>\n\t\t\t\t<\/div>\n\t\t\t\t<\/div>\n\t\t\t\t<\/div>\n\t\t\t\t\t\t<\/div>\n\t\t\t\t\t<\/div>\n\t\t<\/div>\n\t\t\t\t\t\t\t\t<\/div>\n\t\t\t\t\t<\/div>\n\t\t<\/section>\n\t\t\t\t\t\t<\/div>\n\t\t\t\t\t\t<\/div>\n\t\t\t\t\t<\/div>\n\t\t","protected":false},"excerpt":{"rendered":"<p>DNA-ul p\u0103durilor oprim infrac\u021bionalitate de tip mafiot din domeniul mediului Cred cu t\u0103rie c\u0103 defri\u0219\u0103rile \u0219i poluarea sunt, \u00een primul r\u00e2nd, probleme de corup\u021bie \u0219i abia apoi probleme de mediu. Rom\u00e2nia are probleme grave de mediu. Acestea provoac\u0103 pierderi de vie\u021bi omene\u0219ti \u0219i probleme economice majore.&nbsp; Din p\u0103cate, \u0219i Bra\u0219ovul s-a confruntat \u00een ultimii ani [&hellip;]<\/p>\n","protected":false},"author":1,"featured_media":0,"parent":434,"menu_order":0,"comment_status":"closed","ping_status":"closed","template":"","meta":[],"_links":{"self":[{"href":"https:\/\/colibanprimar.ro\/campanie2020\/wp-json\/wp\/v2\/pages\/1292"}],"collection":[{"href":"https:\/\/colibanprimar.ro\/campanie2020\/wp-json\/wp\/v2\/pages"}],"about":[{"href":"https:\/\/colibanprimar.ro\/campanie2020\/wp-json\/wp\/v2\/types\/page"}],"author":[{"embeddable":true,"href":"https:\/\/colibanprimar.ro\/campanie2020\/wp-json\/wp\/v2\/users\/1"}],"replies":[{"embeddable":true,"href":"https:\/\/colibanprimar.ro\/campanie2020\/wp-json\/wp\/v2\/comments?post=1292"}],"version-history":[{"count":0,"href":"https:\/\/colibanprimar.ro\/campanie2020\/wp-json\/wp\/v2\/pages\/1292\/revisions"}],"up":[{"embeddable":true,"href":"https:\/\/colibanprimar.ro\/campanie2020\/wp-json\/wp\/v2\/pages\/434"}],"wp:attachment":[{"href":"https:\/\/colibanprimar.ro\/campanie2020\/wp-json\/wp\/v2\/media?parent=1292"}],"curies":[{"name":"wp","href":"https:\/\/api.w.org\/{rel}","templated":true}]}}